{"id":662401,"date":"2025-12-12T11:40:48","date_gmt":"2025-12-12T10:40:48","guid":{"rendered":"https:\/\/lucacastelli.com\/prodotto\/forstreich-faellkeil-mechanisch-tr24-hd\/"},"modified":"2025-12-12T11:40:48","modified_gmt":"2025-12-12T10:40:48","slug":"forstreich-faellkeil-mechanisch-tr24-hd","status":"publish","type":"product","link":"https:\/\/lucacastelli.com\/de\/produkt\/forstreich-faellkeil-mechanisch-tr24-hd\/","title":{"rendered":"Forstreich F\u00e4llkeil mechanisch TR24 HD"},"content":{"rendered":"<p>Der Forstreich F\u00e4llkeil mechanisch TR24 HD ist ein Keil mit einer Sprengkraft von 16 Tonnen und einem Gewicht von 2,1 kg.<br \/>\nDer Keil TR 24 HD ist ein wahres Kraftpaket und die ideale Hilfe beim F\u00e4llen von B\u00e4umen mit mittlerem bis gro\u00dfem Durchmesser. Die vibrationsfreie Ausdehnung und die hohe Hubkraft machen das F\u00e4llen einfacher und vor allem sicherer. Dies wird durch die schlanke und sehr widerstandsf\u00e4hige Gewindespindel erm\u00f6glicht. Dar\u00fcber hinaus zeichnet sich der F\u00e4llkeil TR 24 HD durch sein geringes Gewicht aus. Verwendbar mit Akku-Schlagschraubern von 300 bis 1000 Nm.<br \/>\n\u2013 Max. Druckkraft (to): 16<br \/>\n\u2013 Gewicht (kg): 2,1<br \/>\n\u2013 L\u00e4nge (mm): 355<br \/>\n\u2013 Breite (mm): 80<br \/>\n\u2013 H\u00f6he (mm): 73<br \/>\n\u2013 Hub \/ Umdrehung (mm): 3<br \/>\nLieferumfang:<br \/>\n\u2013 Gebrauchsanweisung<br \/>\n\u2013 CE- und KWF-Kennzeichnung    <\/p>\n","protected":false},"excerpt":{"rendered":"<p>Der Forstreich F\u00e4llkeil mechanisch TR24 HD ist ein Keil mit einer Sprengkraft von 16 Tonnen und einem Gewicht von 2,1<\/p>\n","protected":false},"featured_media":662402,"template":"","meta":{"_seopress_robots_primary_cat":"","_seopress_titles_title":"","_seopress_titles_desc":"","_seopress_robots_index":""},"product_brand":[6635],"product_cat":[29,515,268,33,537],"product_tag":[],"class_list":{"0":"post-662401","1":"product","2":"type-product","3":"status-publish","4":"has-post-thumbnail","6":"product_brand-forstreich","7":"product_cat-macchinari","8":"product_cat-accessori-e-materiale-di-consumo-altri-dispositivi","9":"product_cat-motoseghe","10":"product_cat-attrezzature","11":"product_cat-attrezzatura-da-lavoro","12":"sws-gruppo-macchinari-de","13":"sws-conto-ricavi-merci-rivendita-macchinari-de","14":"sws-gruppo-iva-iva81-de","16":"first","17":"instock","18":"sale","19":"shipping-taxable","20":"purchasable","21":"product-type-simple"},"_links":{"self":[{"href":"https:\/\/lucacastelli.com\/de\/wp-json\/wp\/v2\/product\/662401","targetHints":{"allow":["GET"]}}],"collection":[{"href":"https:\/\/lucacastelli.com\/de\/wp-json\/wp\/v2\/product"}],"about":[{"href":"https:\/\/lucacastelli.com\/de\/wp-json\/wp\/v2\/types\/product"}],"wp:featuredmedia":[{"embeddable":true,"href":"https:\/\/lucacastelli.com\/de\/wp-json\/wp\/v2\/media\/662402"}],"wp:attachment":[{"href":"https:\/\/lucacastelli.com\/de\/wp-json\/wp\/v2\/media?parent=662401"}],"wp:term":[{"taxonomy":"product_brand","embeddable":true,"href":"https:\/\/lucacastelli.com\/de\/wp-json\/wp\/v2\/product_brand?post=662401"},{"taxonomy":"product_cat","embeddable":true,"href":"https:\/\/lucacastelli.com\/de\/wp-json\/wp\/v2\/product_cat?post=662401"},{"taxonomy":"product_tag","embeddable":true,"href":"https:\/\/lucacastelli.com\/de\/wp-json\/wp\/v2\/product_tag?post=662401"}],"curies":[{"name":"wp","href":"https:\/\/api.w.org\/{rel}","templated":true}]}}