{"id":662389,"date":"2025-12-13T10:23:44","date_gmt":"2025-12-13T09:23:44","guid":{"rendered":"https:\/\/lucacastelli.com\/prodotto\/bast-ing-vallink-verbindung\/"},"modified":"2025-12-13T10:23:44","modified_gmt":"2025-12-13T09:23:44","slug":"bast-ing-vallink-verbindung","status":"publish","type":"product","link":"https:\/\/lucacastelli.com\/de\/produkt\/bast-ing-vallink-verbindung\/","title":{"rendered":"BaSt-Ing ValLink Verbindung"},"content":{"rendered":"<p>Die BastIng ValLink Verbindung<\/p>\n<p>Die intelligente Verbindung zwischen Schlagschrauber und mechanischem Keil ValFast. Der ValLink wird einmalig auf den Schlagschrauber geschraubt. Dank eines Exzenter-Spanners ist es nun m\u00f6glich, den Schlagschrauber und ValFast schnell zu verbinden.  <\/p>\n<p>Der Spaltkeil bildet somit eine Einheit und kann als solche transportiert werden.<\/p>\n<p>Zudem kann der Akku-Schlagschrauber und somit der ValFast einfach mit dem Forstma\u00dfband gesteuert werden, wodurch man beim F\u00e4llen des Baumes einige Meter zur\u00fcckgehen kann, sodass \u00c4ste, die auf den Stamm fallen, keine Gefahr mehr darstellen.<\/p>\n<p>Durch das L\u00f6sen von 2 Schrauben wird die Klemmverbindung entfernt und der Schlagschrauber kann normal weiterverwendet werden.<\/p>\n<p>M\u00f6gliche Typen von Schlagschraubern<\/p>\n<p>Makita DTW1001 &amp; 1002<\/p>\n<p>Milwaukee M18<\/p>\n<p>Makita TW001G<\/p>\n<p>Dewalt DCF899<\/p>\n<p>Bosch GDS18V-1050H<\/p>\n<h3>Beschreibung<\/h3>\n<p>Der mechanische F\u00e4llkeil von BaSt-Ing \u201eValFast\u201c wird als Alternative zur schweren Arbeit mit dem Keil in der Holzernte eingesetzt. Dank des Schraubkeils k\u00f6nnen Axt oder Hammer zu Hause gelassen werden. <\/p>\n<p>Der Keil ist f\u00fcr die Verwendung mit einem Schlagschrauber optimiert. ValFast verwendet Gleitlager anstelle von Kugel- oder Rollenlagern. Diese nehmen die Axialkr\u00e4fte auf. Der Keil kann auch mit einer Ratsche betrieben werden.   <\/p>\n<p>Vorteile bei der Verwendung eines mechanischen Keils<\/p>\n<p>\u2013 Vibrationsfreies Einf\u00fchren des Keils<\/p>\n<p>\u2013 Deutlich reduziertes Risiko von Holzst\u00fcrzen<\/p>\n<p>\u2013 Ergonomischeres Arbeiten dank hoher Hubkr\u00e4fte<\/p>\n<p>\u2013 Erh\u00f6hte Sicherheit beim F\u00e4llen auf Hanglagen<\/p>\n<p>Hergestellt in Deutschland<\/p>\n","protected":false},"excerpt":{"rendered":"<p>Die BastIng ValLink Verbindung Die intelligente Verbindung zwischen Schlagschrauber und mechanischem Keil ValFast. Der ValLink wird einmalig auf den Schlagschrauber<\/p>\n","protected":false},"featured_media":662392,"template":"","meta":{"_seopress_robots_primary_cat":"none","_seopress_titles_title":"","_seopress_titles_desc":"","_seopress_robots_index":""},"product_brand":[6636],"product_cat":[29,550,268,33,537],"product_tag":[],"class_list":{"0":"post-662389","1":"product","2":"type-product","3":"status-publish","4":"has-post-thumbnail","6":"product_brand-bast-ing","7":"product_cat-macchinari","8":"product_cat-accessori-per-trapani-ed-avvitatori","9":"product_cat-motoseghe","10":"product_cat-attrezzature","11":"product_cat-attrezzatura-da-lavoro","12":"sws-gruppo-macchinari-de","13":"sws-conto-ricavi-merci-rivendita-macchinari-de","14":"sws-gruppo-iva-iva81-de","16":"first","17":"instock","18":"sale","19":"shipping-taxable","20":"purchasable","21":"product-type-simple"},"_links":{"self":[{"href":"https:\/\/lucacastelli.com\/de\/wp-json\/wp\/v2\/product\/662389","targetHints":{"allow":["GET"]}}],"collection":[{"href":"https:\/\/lucacastelli.com\/de\/wp-json\/wp\/v2\/product"}],"about":[{"href":"https:\/\/lucacastelli.com\/de\/wp-json\/wp\/v2\/types\/product"}],"wp:featuredmedia":[{"embeddable":true,"href":"https:\/\/lucacastelli.com\/de\/wp-json\/wp\/v2\/media\/662392"}],"wp:attachment":[{"href":"https:\/\/lucacastelli.com\/de\/wp-json\/wp\/v2\/media?parent=662389"}],"wp:term":[{"taxonomy":"product_brand","embeddable":true,"href":"https:\/\/lucacastelli.com\/de\/wp-json\/wp\/v2\/product_brand?post=662389"},{"taxonomy":"product_cat","embeddable":true,"href":"https:\/\/lucacastelli.com\/de\/wp-json\/wp\/v2\/product_cat?post=662389"},{"taxonomy":"product_tag","embeddable":true,"href":"https:\/\/lucacastelli.com\/de\/wp-json\/wp\/v2\/product_tag?post=662389"}],"curies":[{"name":"wp","href":"https:\/\/api.w.org\/{rel}","templated":true}]}}