{"id":662382,"date":"2025-12-11T17:26:13","date_gmt":"2025-12-11T16:26:13","guid":{"rendered":"https:\/\/lucacastelli.com\/prodotto\/eder-zugseil-fuer-eder-spillwindenzugseil-9-mm-50-meter\/"},"modified":"2025-12-11T17:26:13","modified_gmt":"2025-12-11T16:26:13","slug":"eder-zugseil-fuer-eder-spillwindenzugseil-9-mm-50-meter","status":"publish","type":"product","link":"https:\/\/lucacastelli.com\/de\/produkt\/eder-zugseil-fuer-eder-spillwindenzugseil-9-mm-50-meter\/","title":{"rendered":"EDER Zugseil f\u00fcr Eder Spillwindenzugseil 9 mm 50 Meter"},"content":{"rendered":"<p>Speziell entwickeltes Seil f\u00fcr die Seilwinde. F\u00fcr Eder Seilwinde 400\/500\/1200<br \/>\nZul\u00e4ssige Zugkraft 1,3 t<br \/>\nBruchlast 2500 daN<br \/>\nMit Kausche auf einer Seite <\/p>\n","protected":false},"excerpt":{"rendered":"<p>Speziell entwickeltes Seil f\u00fcr die Seilwinde. F\u00fcr Eder Seilwinde 400\/500\/1200 Zul\u00e4ssige Zugkraft 1,3 t Bruchlast 2500 daN Mit Kausche auf<\/p>\n","protected":false},"featured_media":661541,"template":"","meta":{"_seopress_robots_primary_cat":"none","_seopress_titles_title":"","_seopress_titles_desc":"","_seopress_robots_index":""},"product_brand":[3628],"product_cat":[1396,150],"product_tag":[],"class_list":{"0":"post-662382","1":"product","2":"type-product","3":"status-publish","4":"has-post-thumbnail","6":"product_brand-eder-de","7":"product_cat-arbeitsausrustung","8":"product_cat-ausrustung","9":"sws-gruppo-macchinari-de","10":"sws-conto-ricavi-merci-rivendita-macchinari-de","11":"sws-gruppo-iva-iva81-de","13":"first","14":"instock","15":"shipping-taxable","16":"purchasable","17":"product-type-simple"},"_links":{"self":[{"href":"https:\/\/lucacastelli.com\/de\/wp-json\/wp\/v2\/product\/662382","targetHints":{"allow":["GET"]}}],"collection":[{"href":"https:\/\/lucacastelli.com\/de\/wp-json\/wp\/v2\/product"}],"about":[{"href":"https:\/\/lucacastelli.com\/de\/wp-json\/wp\/v2\/types\/product"}],"wp:featuredmedia":[{"embeddable":true,"href":"https:\/\/lucacastelli.com\/de\/wp-json\/wp\/v2\/media\/661541"}],"wp:attachment":[{"href":"https:\/\/lucacastelli.com\/de\/wp-json\/wp\/v2\/media?parent=662382"}],"wp:term":[{"taxonomy":"product_brand","embeddable":true,"href":"https:\/\/lucacastelli.com\/de\/wp-json\/wp\/v2\/product_brand?post=662382"},{"taxonomy":"product_cat","embeddable":true,"href":"https:\/\/lucacastelli.com\/de\/wp-json\/wp\/v2\/product_cat?post=662382"},{"taxonomy":"product_tag","embeddable":true,"href":"https:\/\/lucacastelli.com\/de\/wp-json\/wp\/v2\/product_tag?post=662382"}],"curies":[{"name":"wp","href":"https:\/\/api.w.org\/{rel}","templated":true}]}}