{"id":662372,"date":"2025-12-12T11:46:48","date_gmt":"2025-12-12T10:46:48","guid":{"rendered":"https:\/\/lucacastelli.com\/prodotto\/forstreich-tr30-aq-mechanischer-faellkeil\/"},"modified":"2025-12-12T11:46:48","modified_gmt":"2025-12-12T10:46:48","slug":"forstreich-tr30-aq-mechanischer-faellkeil","status":"publish","type":"product","link":"https:\/\/lucacastelli.com\/de\/produkt\/forstreich-tr30-aq-mechanischer-faellkeil\/","title":{"rendered":"Forstreich TR30 AQ Mechanischer F\u00e4llkeil"},"content":{"rendered":"<p>Der mechanische F\u00e4llkeil TR 30 AQ von Forstreich ist die ideale L\u00f6sung f\u00fcr vibrationsfreies F\u00e4llen bei der Ernte von schwerem Holz. Die gro\u00dfe Hubkraft von bis zu 25 t garantiert hohe Leistungsreserven. Der F\u00e4llkeil TR30AQ wurde speziell f\u00fcr den Einsatz mit Akku-Schlagschraubern (3\/4&#8221; mit max. 1627 Nm) entwickelt. Er kann aber auch mit einer Standardratsche mit 22-mm-Nuss verwendet werden.   <\/p>\n<p>Technische Daten:<\/p>\n<ul>\n<li>Druckkraft max. (to): 25<\/li>\n<li>Masse (kg): 4,2<\/li>\n<li>L\u00e4nge (mm): 495<\/li>\n<li>Breite (mm): 80<\/li>\n<li>H\u00f6he (mm): 100<\/li>\n<li>Drehmoment max. (Nm): 1627 Nm 22-mm-Steckschl\u00fcssel<\/li>\n<\/ul>\n<p>Umfang der Lieferung:<\/p>\n<ul>\n<li>Bedienungsanleitung<\/li>\n<li>CE- und KWF-Kennzeichnung<\/li>\n<\/ul>\n","protected":false},"excerpt":{"rendered":"<p>Der mechanische F\u00e4llkeil TR 30 AQ von Forstreich ist die ideale L\u00f6sung f\u00fcr vibrationsfreies F\u00e4llen bei der Ernte von schwerem<\/p>\n","protected":false},"featured_media":662373,"template":"","meta":{"_seopress_robots_primary_cat":"","_seopress_titles_title":"","_seopress_titles_desc":"","_seopress_robots_index":""},"product_brand":[6635],"product_cat":[29,550,268,33,537],"product_tag":[],"class_list":{"0":"post-662372","1":"product","2":"type-product","3":"status-publish","4":"has-post-thumbnail","6":"product_brand-forstreich","7":"product_cat-macchinari","8":"product_cat-accessori-per-trapani-ed-avvitatori","9":"product_cat-motoseghe","10":"product_cat-attrezzature","11":"product_cat-attrezzatura-da-lavoro","12":"sws-gruppo-macchinari-de","13":"sws-conto-ricavi-merci-rivendita-macchinari-de","14":"sws-gruppo-iva-iva81-de","16":"first","17":"instock","18":"sale","19":"shipping-taxable","20":"purchasable","21":"product-type-simple"},"_links":{"self":[{"href":"https:\/\/lucacastelli.com\/de\/wp-json\/wp\/v2\/product\/662372","targetHints":{"allow":["GET"]}}],"collection":[{"href":"https:\/\/lucacastelli.com\/de\/wp-json\/wp\/v2\/product"}],"about":[{"href":"https:\/\/lucacastelli.com\/de\/wp-json\/wp\/v2\/types\/product"}],"wp:featuredmedia":[{"embeddable":true,"href":"https:\/\/lucacastelli.com\/de\/wp-json\/wp\/v2\/media\/662373"}],"wp:attachment":[{"href":"https:\/\/lucacastelli.com\/de\/wp-json\/wp\/v2\/media?parent=662372"}],"wp:term":[{"taxonomy":"product_brand","embeddable":true,"href":"https:\/\/lucacastelli.com\/de\/wp-json\/wp\/v2\/product_brand?post=662372"},{"taxonomy":"product_cat","embeddable":true,"href":"https:\/\/lucacastelli.com\/de\/wp-json\/wp\/v2\/product_cat?post=662372"},{"taxonomy":"product_tag","embeddable":true,"href":"https:\/\/lucacastelli.com\/de\/wp-json\/wp\/v2\/product_tag?post=662372"}],"curies":[{"name":"wp","href":"https:\/\/api.w.org\/{rel}","templated":true}]}}