{"id":662350,"date":"2025-12-12T11:47:53","date_gmt":"2025-12-12T10:47:53","guid":{"rendered":"https:\/\/lucacastelli.com\/prodotto\/forstreich-faellkeil-tr-27-hd\/"},"modified":"2025-12-12T11:47:53","modified_gmt":"2025-12-12T10:47:53","slug":"forstreich-faellkeil-tr-27-hd","status":"publish","type":"product","link":"https:\/\/lucacastelli.com\/de\/produkt\/forstreich-faellkeil-tr-27-hd\/","title":{"rendered":"Forstreich F\u00e4llkeil TR 27 HD"},"content":{"rendered":"<p>Der Forstreich F\u00e4llkeil TR 27 HD ist die ideale L\u00f6sung f\u00fcr vibrationsfreies F\u00e4llen bei der Holzernte. Die gro\u00dfe Hubkraft von bis zu 24 t garantiert hohe Leistungsreserven f\u00fcr mittelstarke und starke B\u00e4ume. Der F\u00e4llkeil TR 27 HD kann mit Akku-Schlagschraubern (1\/2&#8243; mit max. 1500 Nm) betrieben werden. Er kann aber auch mit einer Standardratsche mit 20 mm Nuss verwendet werden. Die hintere Kante des Keils ist abgerundet, was das Umsetzen des Keils erleichtert.<br \/>\n\u2013 Max. Druckkraft (to): 24<br \/>\n\u2013 Gewicht (kg): 2,9<br \/>\n\u2013 L\u00e4nge (mm): 385<br \/>\n\u2013 Breite (mm): 80<br \/>\n\u2013 H\u00f6he (mm): 80<br \/>\nLieferumfang:<br \/>\n\u2013 Bedienungsanleitung<br \/>\n\u2013 CE- und KWF-Kennzeichnung   <\/p>\n","protected":false},"excerpt":{"rendered":"<p>Der Forstreich F\u00e4llkeil TR 27 HD ist die ideale L\u00f6sung f\u00fcr vibrationsfreies F\u00e4llen bei der Holzernte. Die gro\u00dfe Hubkraft von<\/p>\n","protected":false},"featured_media":662355,"template":"","meta":{"_seopress_robots_primary_cat":"none","_seopress_titles_title":"","_seopress_titles_desc":"","_seopress_robots_index":""},"product_brand":[6635],"product_cat":[29,550,268,33,537],"product_tag":[],"class_list":{"0":"post-662350","1":"product","2":"type-product","3":"status-publish","4":"has-post-thumbnail","6":"product_brand-forstreich","7":"product_cat-macchinari","8":"product_cat-accessori-per-trapani-ed-avvitatori","9":"product_cat-motoseghe","10":"product_cat-attrezzature","11":"product_cat-attrezzatura-da-lavoro","12":"sws-gruppo-macchinari-de","13":"sws-conto-ricavi-merci-rivendita-macchinari-de","14":"sws-gruppo-iva-iva81-de","16":"first","17":"instock","18":"sale","19":"shipping-taxable","20":"purchasable","21":"product-type-simple"},"_links":{"self":[{"href":"https:\/\/lucacastelli.com\/de\/wp-json\/wp\/v2\/product\/662350","targetHints":{"allow":["GET"]}}],"collection":[{"href":"https:\/\/lucacastelli.com\/de\/wp-json\/wp\/v2\/product"}],"about":[{"href":"https:\/\/lucacastelli.com\/de\/wp-json\/wp\/v2\/types\/product"}],"wp:featuredmedia":[{"embeddable":true,"href":"https:\/\/lucacastelli.com\/de\/wp-json\/wp\/v2\/media\/662355"}],"wp:attachment":[{"href":"https:\/\/lucacastelli.com\/de\/wp-json\/wp\/v2\/media?parent=662350"}],"wp:term":[{"taxonomy":"product_brand","embeddable":true,"href":"https:\/\/lucacastelli.com\/de\/wp-json\/wp\/v2\/product_brand?post=662350"},{"taxonomy":"product_cat","embeddable":true,"href":"https:\/\/lucacastelli.com\/de\/wp-json\/wp\/v2\/product_cat?post=662350"},{"taxonomy":"product_tag","embeddable":true,"href":"https:\/\/lucacastelli.com\/de\/wp-json\/wp\/v2\/product_tag?post=662350"}],"curies":[{"name":"wp","href":"https:\/\/api.w.org\/{rel}","templated":true}]}}