{"id":662322,"date":"2025-12-10T16:59:27","date_gmt":"2025-12-10T15:59:27","guid":{"rendered":"https:\/\/lucacastelli.com\/prodotto\/eder-seilwinde-winch-500-b\/"},"modified":"2025-12-10T16:59:27","modified_gmt":"2025-12-10T15:59:27","slug":"eder-seilwinde-winch-500-b","status":"publish","type":"product","link":"https:\/\/lucacastelli.com\/de\/produkt\/eder-seilwinde-winch-500-b\/","title":{"rendered":"EDER Seilwinde Winch 500 B"},"content":{"rendered":"<p>Artikelinformationen<\/p>\n<p>Die Eder Akku-Seilwinde Winch 500 B zeichnet sich durch ihr geringes Gewicht von nur 6,5 kg und eine kontinuierliche Hub-\/Zugkraft von 500 kg aus. Die Winde kann f\u00fcr alle Anwendungen eingesetzt werden, bei denen Lasten gehoben oder gezogen werden m\u00fcssen. Sie eignet sich beispielsweise f\u00fcr die Bergung von Wild, das Ziehen von Anh\u00e4ngern, die Verlegung von Kabeln oder den Transport von Baumaterialien.  <\/p>\n<ul>\n<li>Konstante Zugkraft<\/li>\n<li>Lasthaltefunktion<\/li>\n<li>Unbegrenzte Seill\u00e4nge<\/li>\n<li>F\u00fcr Seile mit Stahlkern ab 8 mm<\/li>\n<li>Schallleistungspegel 75 dB<\/li>\n<li>Akkusystem Stihl AP500S<\/li>\n<li>Hub-\/Zugkraft 500 kg<\/li>\n<li>Maximale Zugkraft 750 kg<\/li>\n<li>Maximale Geschwindigkeit 11,5 m\/min<\/li>\n<li>Heben (500 kg) 8 m\/min<\/li>\n<li>Bodenzug (500 kg) 9,5 m\/min<\/li>\n<li>Abmessungen 312 x 272 x 230 mm<\/li>\n<li>Gewicht 6,5 kg<\/li>\n<\/ul>\n<p>ohne Akku\/Ladeger\u00e4t<\/p>\n","protected":false},"excerpt":{"rendered":"<p>Artikelinformationen Die Eder Akku-Seilwinde Winch 500 B zeichnet sich durch ihr geringes Gewicht von nur 6,5 kg und eine kontinuierliche<\/p>\n","protected":false},"featured_media":662324,"template":"","meta":{"_seopress_robots_primary_cat":"none","_seopress_titles_title":"","_seopress_titles_desc":"","_seopress_robots_index":""},"product_brand":[3628],"product_cat":[150,1396],"product_tag":[],"class_list":{"0":"post-662322","1":"product","2":"type-product","3":"status-publish","4":"has-post-thumbnail","6":"product_brand-eder-de","7":"product_cat-ausrustung","8":"product_cat-arbeitsausrustung","9":"sws-gruppo-macchinari-de","10":"sws-conto-ricavi-merci-rivendita-abbigliamento-de","11":"sws-gruppo-iva-iva81-de","13":"first","14":"instock","15":"sale","16":"shipping-taxable","17":"purchasable","18":"product-type-simple"},"_links":{"self":[{"href":"https:\/\/lucacastelli.com\/de\/wp-json\/wp\/v2\/product\/662322","targetHints":{"allow":["GET"]}}],"collection":[{"href":"https:\/\/lucacastelli.com\/de\/wp-json\/wp\/v2\/product"}],"about":[{"href":"https:\/\/lucacastelli.com\/de\/wp-json\/wp\/v2\/types\/product"}],"wp:featuredmedia":[{"embeddable":true,"href":"https:\/\/lucacastelli.com\/de\/wp-json\/wp\/v2\/media\/662324"}],"wp:attachment":[{"href":"https:\/\/lucacastelli.com\/de\/wp-json\/wp\/v2\/media?parent=662322"}],"wp:term":[{"taxonomy":"product_brand","embeddable":true,"href":"https:\/\/lucacastelli.com\/de\/wp-json\/wp\/v2\/product_brand?post=662322"},{"taxonomy":"product_cat","embeddable":true,"href":"https:\/\/lucacastelli.com\/de\/wp-json\/wp\/v2\/product_cat?post=662322"},{"taxonomy":"product_tag","embeddable":true,"href":"https:\/\/lucacastelli.com\/de\/wp-json\/wp\/v2\/product_tag?post=662322"}],"curies":[{"name":"wp","href":"https:\/\/api.w.org\/{rel}","templated":true}]}}