{"id":662320,"date":"2025-12-10T16:48:55","date_gmt":"2025-12-10T15:48:55","guid":{"rendered":"https:\/\/lucacastelli.com\/prodotto\/docma-multifunktionsschlitten\/"},"modified":"2025-12-10T16:48:55","modified_gmt":"2025-12-10T15:48:55","slug":"docma-multifunktionsschlitten","status":"publish","type":"product","link":"https:\/\/lucacastelli.com\/de\/produkt\/docma-multifunktionsschlitten\/","title":{"rendered":"DOCMA \u2013 Multifunktionsschlitten"},"content":{"rendered":"<p>Aus hochfestem Verbundmaterial f\u00fcr den Transport von Holz, Baumst\u00e4mmen und Material, je nach Bedarf zusammenstellbar, vorbereitet f\u00fcr die Befestigung der Docma BOLD VF 80, VF 105 RED IRON Seilwinde, Abmessungen, L\u00e4nge 1000\/1070 mm, Breite 700 mm, H\u00f6he 140 mm, Gewicht Kg<br \/>\nInklusive Ref. DOC-310240 + DOC-310243 + 310249 (Band 35 mm x 2 Meter) <\/p>\n","protected":false},"excerpt":{"rendered":"<p>Aus hochfestem Verbundmaterial f\u00fcr den Transport von Holz, Baumst\u00e4mmen und Material, je nach Bedarf zusammenstellbar, vorbereitet f\u00fcr die Befestigung der<\/p>\n","protected":false},"featured_media":660399,"template":"","meta":{"_seopress_robots_primary_cat":"none","_seopress_titles_title":"","_seopress_titles_desc":"","_seopress_robots_index":""},"product_brand":[6645],"product_cat":[1396,150],"product_tag":[],"class_list":{"0":"post-662320","1":"product","2":"type-product","3":"status-publish","4":"has-post-thumbnail","6":"product_brand-docma","7":"product_cat-arbeitsausrustung","8":"product_cat-ausrustung","9":"sws-gruppo-macchinari-de","10":"sws-conto-ricavi-merci-rivendita-macchinari-de","11":"sws-gruppo-iva-iva81-de","13":"first","14":"instock","15":"shipping-taxable","16":"purchasable","17":"product-type-simple"},"_links":{"self":[{"href":"https:\/\/lucacastelli.com\/de\/wp-json\/wp\/v2\/product\/662320","targetHints":{"allow":["GET"]}}],"collection":[{"href":"https:\/\/lucacastelli.com\/de\/wp-json\/wp\/v2\/product"}],"about":[{"href":"https:\/\/lucacastelli.com\/de\/wp-json\/wp\/v2\/types\/product"}],"wp:featuredmedia":[{"embeddable":true,"href":"https:\/\/lucacastelli.com\/de\/wp-json\/wp\/v2\/media\/660399"}],"wp:attachment":[{"href":"https:\/\/lucacastelli.com\/de\/wp-json\/wp\/v2\/media?parent=662320"}],"wp:term":[{"taxonomy":"product_brand","embeddable":true,"href":"https:\/\/lucacastelli.com\/de\/wp-json\/wp\/v2\/product_brand?post=662320"},{"taxonomy":"product_cat","embeddable":true,"href":"https:\/\/lucacastelli.com\/de\/wp-json\/wp\/v2\/product_cat?post=662320"},{"taxonomy":"product_tag","embeddable":true,"href":"https:\/\/lucacastelli.com\/de\/wp-json\/wp\/v2\/product_tag?post=662320"}],"curies":[{"name":"wp","href":"https:\/\/api.w.org\/{rel}","templated":true}]}}