{"id":662309,"date":"2025-12-10T17:20:31","date_gmt":"2025-12-10T16:20:31","guid":{"rendered":"https:\/\/lucacastelli.com\/prodotto\/eder-hebeplatte-fuer-seilwinde-500-b\/"},"modified":"2025-12-10T17:20:31","modified_gmt":"2025-12-10T16:20:31","slug":"eder-hebeplatte-fuer-seilwinde-500-b","status":"publish","type":"product","link":"https:\/\/lucacastelli.com\/de\/produkt\/eder-hebeplatte-fuer-seilwinde-500-b\/","title":{"rendered":"EDER Hebeplatte f\u00fcr Seilwinde 500 B"},"content":{"rendered":"<p>Die Eder Hebeplatte ist ein Zubeh\u00f6r f\u00fcr die Eder Seilwinde 500 B. Sie erm\u00f6glicht das sichere Heben und kontrollierte Ablassen von dynamischen Lasten bis 1000 kg \u00fcber den starren Prellbock. Die Hebeplatte wird mit Spanngurten am Baum befestigt, anschlie\u00dfend kann die Seilwinde einfach per Einsteckbolzen am Prellbock montiert werden. <\/p>\n<ul>\n<li>Tragf\u00e4higkeit max. 500 kg<\/li>\n<li>Nutzlast max. 1000 kg<\/li>\n<li>Abmessungen 470 x 240 x 170 mm<\/li>\n<li>Gewicht 5,2 kg<\/li>\n<\/ul>\n","protected":false},"excerpt":{"rendered":"<p>Die Eder Hebeplatte ist ein Zubeh\u00f6r f\u00fcr die Eder Seilwinde 500 B. Sie erm\u00f6glicht das sichere Heben und kontrollierte Ablassen<\/p>\n","protected":false},"featured_media":660422,"template":"","meta":{"_seopress_robots_primary_cat":"","_seopress_titles_title":"","_seopress_titles_desc":"","_seopress_robots_index":""},"product_brand":[3417],"product_cat":[33,537],"product_tag":[],"class_list":{"0":"post-662309","1":"product","2":"type-product","3":"status-publish","4":"has-post-thumbnail","6":"product_brand-eder","7":"product_cat-attrezzature","8":"product_cat-attrezzatura-da-lavoro","9":"sws-gruppo-macchinari-de","10":"sws-conto-ricavi-merci-rivendita-macchinari-de","11":"sws-gruppo-iva-iva81-de","13":"first","14":"instock","15":"shipping-taxable","16":"purchasable","17":"product-type-simple"},"_links":{"self":[{"href":"https:\/\/lucacastelli.com\/de\/wp-json\/wp\/v2\/product\/662309","targetHints":{"allow":["GET"]}}],"collection":[{"href":"https:\/\/lucacastelli.com\/de\/wp-json\/wp\/v2\/product"}],"about":[{"href":"https:\/\/lucacastelli.com\/de\/wp-json\/wp\/v2\/types\/product"}],"wp:featuredmedia":[{"embeddable":true,"href":"https:\/\/lucacastelli.com\/de\/wp-json\/wp\/v2\/media\/660422"}],"wp:attachment":[{"href":"https:\/\/lucacastelli.com\/de\/wp-json\/wp\/v2\/media?parent=662309"}],"wp:term":[{"taxonomy":"product_brand","embeddable":true,"href":"https:\/\/lucacastelli.com\/de\/wp-json\/wp\/v2\/product_brand?post=662309"},{"taxonomy":"product_cat","embeddable":true,"href":"https:\/\/lucacastelli.com\/de\/wp-json\/wp\/v2\/product_cat?post=662309"},{"taxonomy":"product_tag","embeddable":true,"href":"https:\/\/lucacastelli.com\/de\/wp-json\/wp\/v2\/product_tag?post=662309"}],"curies":[{"name":"wp","href":"https:\/\/api.w.org\/{rel}","templated":true}]}}