{"id":662293,"date":"2025-12-12T13:19:25","date_gmt":"2025-12-12T12:19:25","guid":{"rendered":"https:\/\/lucacastelli.com\/prodotto\/bast-ing-konischer-keil-valquick\/"},"modified":"2025-12-12T13:19:25","modified_gmt":"2025-12-12T12:19:25","slug":"bast-ing-konischer-keil-valquick","status":"publish","type":"product","link":"https:\/\/lucacastelli.com\/de\/produkt\/bast-ing-konischer-keil-valquick\/","title":{"rendered":"BaSt-Ing Konischer Keil ValQuick"},"content":{"rendered":"<p>Der konische Keil BaSt-Ing \u201eValQuick\u201c ist die ideale Erg\u00e4nzung f\u00fcr ValFast, wenn er mit einem Schlagschrauber verwendet wird. Er ist ideal zum F\u00e4llen von B\u00e4umen, die eine geringe Hubkraft erfordern, oder um festsitzende Motors\u00e4gen einfach und schnell zu befreien. Dar\u00fcber hinaus kann er zum Repositionieren von ValFast verwendet werden. Der ValQuick ist so konzipiert, dass er einfach und unkompliziert am G\u00fcrtel getragen werden kann.<br \/>\n.<br \/>\nDas auf den Bildern abgebildete Zubeh\u00f6r ist nicht im Lieferumfang enthalten.   <\/p>\n<p>&nbsp;<\/p>\n<h3>Beschreibung<\/h3>\n<p>Der konische Keil BaSt-Ing \u201eValQuick\u201c ist die ideale Erg\u00e4nzung f\u00fcr ValFast, wenn er mit einem Schlagschrauber verwendet wird.<\/p>\n<p><b><strong>Technische Daten<\/strong><\/b><\/p>\n<p>Gewicht: 1,4 kg<\/p>\n<p>Abmessungen: 34 x 7 x 4 cm<\/p>\n<p>Hergestellt in Deutschland<\/p>\n","protected":false},"excerpt":{"rendered":"<p>Der konische Keil BaSt-Ing \u201eValQuick\u201c ist die ideale Erg\u00e4nzung f\u00fcr ValFast, wenn er mit einem Schlagschrauber verwendet wird. Er ist<\/p>\n","protected":false},"featured_media":662294,"template":"","meta":{"_seopress_robots_primary_cat":"none","_seopress_titles_title":"","_seopress_titles_desc":"","_seopress_robots_index":""},"product_brand":[6636],"product_cat":[29,550,268,33,537],"product_tag":[],"class_list":{"0":"post-662293","1":"product","2":"type-product","3":"status-publish","4":"has-post-thumbnail","6":"product_brand-bast-ing","7":"product_cat-macchinari","8":"product_cat-accessori-per-trapani-ed-avvitatori","9":"product_cat-motoseghe","10":"product_cat-attrezzature","11":"product_cat-attrezzatura-da-lavoro","12":"sws-gruppo-macchinari-de","13":"sws-conto-ricavi-merci-rivendita-macchinari-de","14":"sws-gruppo-iva-iva81-de","16":"first","17":"instock","18":"sale","19":"shipping-taxable","20":"purchasable","21":"product-type-simple"},"_links":{"self":[{"href":"https:\/\/lucacastelli.com\/de\/wp-json\/wp\/v2\/product\/662293","targetHints":{"allow":["GET"]}}],"collection":[{"href":"https:\/\/lucacastelli.com\/de\/wp-json\/wp\/v2\/product"}],"about":[{"href":"https:\/\/lucacastelli.com\/de\/wp-json\/wp\/v2\/types\/product"}],"wp:featuredmedia":[{"embeddable":true,"href":"https:\/\/lucacastelli.com\/de\/wp-json\/wp\/v2\/media\/662294"}],"wp:attachment":[{"href":"https:\/\/lucacastelli.com\/de\/wp-json\/wp\/v2\/media?parent=662293"}],"wp:term":[{"taxonomy":"product_brand","embeddable":true,"href":"https:\/\/lucacastelli.com\/de\/wp-json\/wp\/v2\/product_brand?post=662293"},{"taxonomy":"product_cat","embeddable":true,"href":"https:\/\/lucacastelli.com\/de\/wp-json\/wp\/v2\/product_cat?post=662293"},{"taxonomy":"product_tag","embeddable":true,"href":"https:\/\/lucacastelli.com\/de\/wp-json\/wp\/v2\/product_tag?post=662293"}],"curies":[{"name":"wp","href":"https:\/\/api.w.org\/{rel}","templated":true}]}}