{"id":662282,"date":"2025-12-09T17:05:52","date_gmt":"2025-12-09T16:05:52","guid":{"rendered":"https:\/\/lucacastelli.com\/prodotto\/transportkoffer-fuer-tragbare-pcw-3000-winde\/"},"modified":"2025-12-09T17:05:52","modified_gmt":"2025-12-09T16:05:52","slug":"transportkoffer-fuer-tragbare-pcw-3000-winde","status":"publish","type":"product","link":"https:\/\/lucacastelli.com\/de\/produkt\/transportkoffer-fuer-tragbare-pcw-3000-winde\/","title":{"rendered":"Transportkoffer f\u00fcr tragbare PCW 3000-Winde"},"content":{"rendered":"<p>Der Portable Winch Transportkoffer f\u00fcr PCW 3000 mit Formteilen eignet sich besonders f\u00fcr die PCW3000-Winde. Transportieren und lagern Sie Ihre Winde sicher in diesem widerstandsf\u00e4higen und robusten Koffer aus Hochleistungskunststoff! Die Formgebung vereinfacht die Lagerung der Winde. Ausgestattet mit einem Gurt auf beiden Seiten, kann der Koffer einfach an einem Quad, einem Schneemobil, einem Ruderboot oder anderen Fahrzeugen montiert werden. Der Koffer kann auch am geformten Rucksack PCA-0104 befestigt werden, um den Transport zu erleichtern. Sch\u00fctzt Ihre Investition w\u00e4hrend des Transports!<br \/>\nDer Transportkoffer f\u00fcr die tragbare PCW 3000-Winde ist f\u00fcr den Rucksackrahmen PCA-0104 geeignet!<br \/>\nHinweis: ohne Winde und Gurtzeug.<br \/>\nGewicht: 3,9 kg<br \/>\nL\u00e4nge: 47 cm<br \/>\nBreite: 33 cm<br \/>\nH\u00f6he: 31 cm     <\/p>\n","protected":false},"excerpt":{"rendered":"<p>Der Portable Winch Transportkoffer f\u00fcr PCW 3000 mit Formteilen eignet sich besonders f\u00fcr die PCW3000-Winde. Transportieren und lagern Sie Ihre<\/p>\n","protected":false},"featured_media":659761,"template":"","meta":{"_seopress_robots_primary_cat":"none","_seopress_titles_title":"","_seopress_titles_desc":"","_seopress_robots_index":""},"product_brand":[6633],"product_cat":[33,537],"product_tag":[],"class_list":{"0":"post-662282","1":"product","2":"type-product","3":"status-publish","4":"has-post-thumbnail","6":"product_brand-portable-winch","7":"product_cat-attrezzature","8":"product_cat-attrezzatura-da-lavoro","9":"sws-gruppo-macchinari-de","10":"sws-conto-ricavi-merci-rivendita-macchinari-de","11":"sws-gruppo-iva-iva81-de","13":"first","14":"instock","15":"shipping-taxable","16":"purchasable","17":"product-type-simple"},"_links":{"self":[{"href":"https:\/\/lucacastelli.com\/de\/wp-json\/wp\/v2\/product\/662282","targetHints":{"allow":["GET"]}}],"collection":[{"href":"https:\/\/lucacastelli.com\/de\/wp-json\/wp\/v2\/product"}],"about":[{"href":"https:\/\/lucacastelli.com\/de\/wp-json\/wp\/v2\/types\/product"}],"wp:featuredmedia":[{"embeddable":true,"href":"https:\/\/lucacastelli.com\/de\/wp-json\/wp\/v2\/media\/659761"}],"wp:attachment":[{"href":"https:\/\/lucacastelli.com\/de\/wp-json\/wp\/v2\/media?parent=662282"}],"wp:term":[{"taxonomy":"product_brand","embeddable":true,"href":"https:\/\/lucacastelli.com\/de\/wp-json\/wp\/v2\/product_brand?post=662282"},{"taxonomy":"product_cat","embeddable":true,"href":"https:\/\/lucacastelli.com\/de\/wp-json\/wp\/v2\/product_cat?post=662282"},{"taxonomy":"product_tag","embeddable":true,"href":"https:\/\/lucacastelli.com\/de\/wp-json\/wp\/v2\/product_tag?post=662282"}],"curies":[{"name":"wp","href":"https:\/\/api.w.org\/{rel}","templated":true}]}}