{"id":662272,"date":"2025-12-09T16:58:22","date_gmt":"2025-12-09T15:58:22","guid":{"rendered":"https:\/\/lucacastelli.com\/prodotto\/transportkoffer-fuer-tragbare-seilwinde\/"},"modified":"2025-12-09T16:58:22","modified_gmt":"2025-12-09T15:58:22","slug":"transportkoffer-fuer-tragbare-seilwinde","status":"publish","type":"product","link":"https:\/\/lucacastelli.com\/de\/produkt\/transportkoffer-fuer-tragbare-seilwinde\/","title":{"rendered":"Transportkoffer f\u00fcr tragbare Seilwinde"},"content":{"rendered":"<p>Der Transportkoffer von Portable Winch ist ein Hartschalenkoffer f\u00fcr die Modelle PCW4000, PCW3000-Li und PCW3000.<\/p>\n<h3>Beschreibung<\/h3>\n<p>Der Transportkoffer von Portable Winch ist ein Hartschalenkoffer f\u00fcr die Modelle PCW4000, PCW3000-Li und PCW3000.<\/p>\n<p>Der neue Hartschalenkoffer f\u00fcr den Transport der Modelle der Pro-Serie: PCW3000, PCW3000-Li und PCW4000. Er ist so konzipiert, dass nicht nur die Seilwinde, sondern auch diverses Zubeh\u00f6r verstaut werden kann, was ihn noch praktischer macht. <\/p>\n<p>Das Besondere ist der innovative Deckel, der vollst\u00e4ndig ge\u00f6ffnet werden kann und fest auf der Oberfl\u00e4che aufliegt, um Stabilit\u00e4t zu gew\u00e4hrleisten und das Risiko von Besch\u00e4digungen zu vermeiden. Die Oberseite ist mit Rillen versehen, die es erm\u00f6glichen, die Gummispannseile einfach zu spannen, so dass die Seilwinde w\u00e4hrend des Transports sicher an ihrem Platz bleibt. <\/p>\n<p>Der Koffer ist aus robustem, aber leichtem Kunststoff gefertigt und bietet erstklassigen Schutz, ohne unn\u00f6tig Platz zu beanspruchen. Ob Sie ihn auf Ihr Fahrzeug oder Ihr ATV laden, er passt perfekt. <\/p>\n","protected":false},"excerpt":{"rendered":"<p>Der Transportkoffer von Portable Winch ist ein Hartschalenkoffer f\u00fcr die Modelle PCW4000, PCW3000-Li und PCW3000. Beschreibung Der Transportkoffer von Portable<\/p>\n","protected":false},"featured_media":659750,"template":"","meta":{"_seopress_robots_primary_cat":"none","_seopress_titles_title":"","_seopress_titles_desc":"","_seopress_robots_index":""},"product_brand":[6633],"product_cat":[33,537],"product_tag":[],"class_list":{"0":"post-662272","1":"product","2":"type-product","3":"status-publish","4":"has-post-thumbnail","6":"product_brand-portable-winch","7":"product_cat-attrezzature","8":"product_cat-attrezzatura-da-lavoro","9":"sws-gruppo-macchinari-de","10":"sws-conto-ricavi-merci-rivendita-macchinari-de","11":"sws-gruppo-iva-iva81-de","13":"first","14":"instock","15":"shipping-taxable","16":"purchasable","17":"product-type-simple"},"_links":{"self":[{"href":"https:\/\/lucacastelli.com\/de\/wp-json\/wp\/v2\/product\/662272","targetHints":{"allow":["GET"]}}],"collection":[{"href":"https:\/\/lucacastelli.com\/de\/wp-json\/wp\/v2\/product"}],"about":[{"href":"https:\/\/lucacastelli.com\/de\/wp-json\/wp\/v2\/types\/product"}],"wp:featuredmedia":[{"embeddable":true,"href":"https:\/\/lucacastelli.com\/de\/wp-json\/wp\/v2\/media\/659750"}],"wp:attachment":[{"href":"https:\/\/lucacastelli.com\/de\/wp-json\/wp\/v2\/media?parent=662272"}],"wp:term":[{"taxonomy":"product_brand","embeddable":true,"href":"https:\/\/lucacastelli.com\/de\/wp-json\/wp\/v2\/product_brand?post=662272"},{"taxonomy":"product_cat","embeddable":true,"href":"https:\/\/lucacastelli.com\/de\/wp-json\/wp\/v2\/product_cat?post=662272"},{"taxonomy":"product_tag","embeddable":true,"href":"https:\/\/lucacastelli.com\/de\/wp-json\/wp\/v2\/product_tag?post=662272"}],"curies":[{"name":"wp","href":"https:\/\/api.w.org\/{rel}","templated":true}]}}