{"id":662271,"date":"2025-12-12T13:11:08","date_gmt":"2025-12-12T12:11:08","guid":{"rendered":"https:\/\/lucacastelli.com\/prodotto\/bast-ing-cuneo-fuer-unival-spindel\/"},"modified":"2025-12-12T13:11:08","modified_gmt":"2025-12-12T12:11:08","slug":"bast-ing-cuneo-fuer-unival-spindel","status":"publish","type":"product","link":"https:\/\/lucacastelli.com\/de\/produkt\/bast-ing-cuneo-fuer-unival-spindel\/","title":{"rendered":"BaSt-Ing Cuneo f\u00fcr UniVal-Spindel"},"content":{"rendered":"<p>Der UniVal-Schraubkeil von BaSt-Ing schlie\u00dft die L\u00fccke zwischen Valfast und ValFix. Hubkraft 20 Tonnen bei einem Eigengewicht von 3,7 kg. <\/p>\n<h3>Beschreibung<\/h3>\n<p>Der UniVal-Schraubkeil von BaSt-Ing schlie\u00dft die L\u00fccke zwischen Valfast und ValFix.<\/p>\n<p>Der robuste Schraubkeil, der die m\u00fchsame und langwierige Arbeit des Baumf\u00e4llens erheblich vereinfacht. Optimiert f\u00fcr den Einsatz mit Schlagschraubern, kann aber jederzeit auch mit einer Ratsche verwendet werden. <\/p>\n<p>Die Spindel ist aus hochwertigem CrMo-Stahl gefertigt und aus dem Vollen gedreht, sodass UniVal auch den st\u00e4rksten Schlagschraubern bis 1400 Nm dauerhaft standh\u00e4lt. UniVal ist f\u00fcr mittelhartes und hartes Holz sowie f\u00fcr den t\u00e4glichen Einsatz in der professionellen Holzernte konzipiert. Die einfache Wartung und ausreichende Schmierung, auch w\u00e4hrend langer Arbeitstage, werden durch die Schmiernippel an beiden Gewindemuttern gew\u00e4hrleistet.  <\/p>\n<p>\u2013 Gewicht: 3,7 kg<\/p>\n<p>\u2013 Abmessungen (LxBxH): 37 x 13 x 8 cm<\/p>\n<p>\u2013 Keilwinkel: 14\u00b0<\/p>\n<p>\u2013 Keilhub: 16 cm<\/p>\n<p>\u2013 Schlagschrauber max.: 1400 Nm<\/p>\n<p>\u2013 Hubkraft: 20 t<\/p>\n<p>\u2013 Antrieb: 17 mm Sechskant<\/p>\n<p>Geeignete Schlagschrauber<\/p>\n<p>\u2013 Maktia DTW1002 &amp;DTW1001<\/p>\n<p>\u2013 Milwaukee ONFHIWF12<\/p>\n<p>\u2013 Bosch GDS18V-1050H<\/p>\n<p>\u2013 DeWalt DCF899 \/ DCF900<\/p>\n","protected":false},"excerpt":{"rendered":"<p>Der UniVal-Schraubkeil von BaSt-Ing schlie\u00dft die L\u00fccke zwischen Valfast und ValFix. Hubkraft 20 Tonnen bei einem Eigengewicht von 3,7 kg.<\/p>\n","protected":false},"featured_media":662249,"template":"","meta":{"_seopress_robots_primary_cat":"none","_seopress_titles_title":"","_seopress_titles_desc":"","_seopress_robots_index":""},"product_brand":[6636],"product_cat":[29,550,268,33,537],"product_tag":[],"class_list":{"0":"post-662271","1":"product","2":"type-product","3":"status-publish","4":"has-post-thumbnail","6":"product_brand-bast-ing","7":"product_cat-macchinari","8":"product_cat-accessori-per-trapani-ed-avvitatori","9":"product_cat-motoseghe","10":"product_cat-attrezzature","11":"product_cat-attrezzatura-da-lavoro","12":"sws-gruppo-macchinari-de","13":"sws-conto-ricavi-merci-rivendita-macchinari-de","14":"sws-gruppo-iva-iva81-de","16":"first","17":"instock","18":"sale","19":"shipping-taxable","20":"purchasable","21":"product-type-simple"},"_links":{"self":[{"href":"https:\/\/lucacastelli.com\/de\/wp-json\/wp\/v2\/product\/662271","targetHints":{"allow":["GET"]}}],"collection":[{"href":"https:\/\/lucacastelli.com\/de\/wp-json\/wp\/v2\/product"}],"about":[{"href":"https:\/\/lucacastelli.com\/de\/wp-json\/wp\/v2\/types\/product"}],"wp:featuredmedia":[{"embeddable":true,"href":"https:\/\/lucacastelli.com\/de\/wp-json\/wp\/v2\/media\/662249"}],"wp:attachment":[{"href":"https:\/\/lucacastelli.com\/de\/wp-json\/wp\/v2\/media?parent=662271"}],"wp:term":[{"taxonomy":"product_brand","embeddable":true,"href":"https:\/\/lucacastelli.com\/de\/wp-json\/wp\/v2\/product_brand?post=662271"},{"taxonomy":"product_cat","embeddable":true,"href":"https:\/\/lucacastelli.com\/de\/wp-json\/wp\/v2\/product_cat?post=662271"},{"taxonomy":"product_tag","embeddable":true,"href":"https:\/\/lucacastelli.com\/de\/wp-json\/wp\/v2\/product_tag?post=662271"}],"curies":[{"name":"wp","href":"https:\/\/api.w.org\/{rel}","templated":true}]}}