{"id":662244,"date":"2025-12-12T13:14:30","date_gmt":"2025-12-12T12:14:30","guid":{"rendered":"https:\/\/lucacastelli.com\/prodotto\/bast-ing-cuneo-fuer-ecoval-spindel\/"},"modified":"2025-12-12T13:14:30","modified_gmt":"2025-12-12T12:14:30","slug":"bast-ing-cuneo-fuer-ecoval-spindel","status":"publish","type":"product","link":"https:\/\/lucacastelli.com\/de\/produkt\/bast-ing-cuneo-fuer-ecoval-spindel\/","title":{"rendered":"BaSt-Ing Cuneo f\u00fcr EcoVal-Spindel"},"content":{"rendered":"<p>Der Bast Ing EcoVal ist ein Schraubkeil f\u00fcr private Waldbesitzer f\u00fcr Holz mittlerer H\u00e4rte. Dank seiner robusten und einfachen Bauweise ist er ein wertvolles Werkzeug f\u00fcr die Holzernte. Mit seinem breiten Keilwinkel von 16\u00b0 erreicht er auch bei d\u00fcnneren B\u00e4umen eine ausreichende Hubh\u00f6he.  <\/p>\n<p>H\u00f6he 55 mm<\/p>\n<p>Keilwinkel: 16\u00b0<\/p>\n<p>Gesamtl\u00e4nge: 270 mm<\/p>\n<p>Keilbreite: 60 mm<\/p>\n<p>Schlagschrauber: 500-1000 Nm<\/p>\n<p>Hubkraft: 10 t<\/p>\n<p>Benutzergruppe: Semiprofessionelle im Bereich d\u00fcnnes und mittelstarkes Holz<\/p>\n<h3>Beschreibung<\/h3>\n<p>Der Bast Ing EcoVal ist ein Schraubkeil f\u00fcr private Waldbesitzer f\u00fcr Holz mittlerer St\u00e4rke. Dank seiner robusten und einfachen Bauweise ist er ein wertvolles Werkzeug f\u00fcr die Holzernte. Mit seinem breiten Keilwinkel von 16\u00b0 erreicht er auch bei d\u00fcnneren B\u00e4umen eine ausreichende Hubh\u00f6he.  <\/p>\n<p>Mit seiner robusten und einfachen Bauweise ist er ein wertvoller Begleiter f\u00fcr alle Arbeiten mit Holz.<\/p>\n<p>Der EcoVal \u00fcberzeugt mit einem breiten Keilwinkel von 16\u00b0, der auch bei d\u00fcnneren B\u00e4umen eine ausreichende Hubh\u00f6he gew\u00e4hrleistet.<\/p>\n<p>Mit einer H\u00f6he von 55 mm, einer Gesamtl\u00e4nge von 270 mm und einer Keilbreite von 60 mm bietet er optimale Abmessungen f\u00fcr den Einsatz in schwierigen Waldumgebungen.<\/p>\n<p>Die f\u00fcr EcoVal geeigneten Schlagschrauber reichen von 500 Nm bis 1000 Nm. Mit geeigneten Schlagschraubern erreicht er eine Hubkraft von 10 t, die auch f\u00fcr st\u00e4rkere B\u00e4ume ausreicht. <\/p>\n<p>Dieses Werkzeug ist besonders geeignet f\u00fcr semiprofessionelle Anwender im Bereich der Holzbearbeitung von d\u00fcnnem bis mittlerem Holz. Steigern Sie Ihre Effizienz und Produktivit\u00e4t bei der Holzernte mit dem EcoVal-Spaltkeil! <\/p>\n<p><b><strong>Technische Daten<\/strong><\/b><\/p>\n<ul>\n<li>H\u00f6he 55 mm<\/li>\n<li>Keilwinkel: 16\u00b0<\/li>\n<li>Gesamtl\u00e4nge: 270 mm<\/li>\n<li>Keilbreite: 60 mm<\/li>\n<li>Schlagschrauber: 500-1000 Nm<\/li>\n<li>Hubkraft: 10 t<\/li>\n<li>Schl\u00fcsselweite: 13 mm<\/li>\n<li>Gewicht: 2 kg<\/li>\n<li>Patentierte, teilweise integrierte Spindel<\/li>\n<li>Benutzergruppe: Semiprofessionelle im Bereich d\u00fcnnes und mittelschweres Holz<\/li>\n<li>Hergestellt in Deutschland<\/li>\n<\/ul>\n","protected":false},"excerpt":{"rendered":"<p>Der Bast Ing EcoVal ist ein Schraubkeil f\u00fcr private Waldbesitzer f\u00fcr Holz mittlerer H\u00e4rte. Dank seiner robusten und einfachen Bauweise<\/p>\n","protected":false},"featured_media":662247,"template":"","meta":{"_seopress_robots_primary_cat":"none","_seopress_titles_title":"","_seopress_titles_desc":"","_seopress_robots_index":""},"product_brand":[6636],"product_cat":[29,550,268,33,537],"product_tag":[],"class_list":{"0":"post-662244","1":"product","2":"type-product","3":"status-publish","4":"has-post-thumbnail","6":"product_brand-bast-ing","7":"product_cat-macchinari","8":"product_cat-accessori-per-trapani-ed-avvitatori","9":"product_cat-motoseghe","10":"product_cat-attrezzature","11":"product_cat-attrezzatura-da-lavoro","12":"sws-gruppo-macchinari-de","13":"sws-conto-ricavi-merci-rivendita-macchinari-de","14":"sws-gruppo-iva-iva81-de","16":"first","17":"instock","18":"sale","19":"shipping-taxable","20":"purchasable","21":"product-type-simple"},"_links":{"self":[{"href":"https:\/\/lucacastelli.com\/de\/wp-json\/wp\/v2\/product\/662244","targetHints":{"allow":["GET"]}}],"collection":[{"href":"https:\/\/lucacastelli.com\/de\/wp-json\/wp\/v2\/product"}],"about":[{"href":"https:\/\/lucacastelli.com\/de\/wp-json\/wp\/v2\/types\/product"}],"wp:featuredmedia":[{"embeddable":true,"href":"https:\/\/lucacastelli.com\/de\/wp-json\/wp\/v2\/media\/662247"}],"wp:attachment":[{"href":"https:\/\/lucacastelli.com\/de\/wp-json\/wp\/v2\/media?parent=662244"}],"wp:term":[{"taxonomy":"product_brand","embeddable":true,"href":"https:\/\/lucacastelli.com\/de\/wp-json\/wp\/v2\/product_brand?post=662244"},{"taxonomy":"product_cat","embeddable":true,"href":"https:\/\/lucacastelli.com\/de\/wp-json\/wp\/v2\/product_cat?post=662244"},{"taxonomy":"product_tag","embeddable":true,"href":"https:\/\/lucacastelli.com\/de\/wp-json\/wp\/v2\/product_tag?post=662244"}],"curies":[{"name":"wp","href":"https:\/\/api.w.org\/{rel}","templated":true}]}}