{"id":662231,"date":"2025-12-13T10:23:45","date_gmt":"2025-12-13T09:23:45","guid":{"rendered":"https:\/\/lucacastelli.com\/prodotto\/konischer-keil-zum-schieben-bast-ing-minifix\/"},"modified":"2025-12-16T09:05:40","modified_gmt":"2025-12-16T08:05:40","slug":"konischer-keil-zum-schieben-bast-ing-minifix","status":"publish","type":"product","link":"https:\/\/lucacastelli.com\/de\/produkt\/konischer-keil-zum-schieben-bast-ing-minifix\/","title":{"rendered":"Konischer Keil zum Schieben BaSt-Ing MiniFix"},"content":{"rendered":"<p>Der konische Keil zum Schieben BaSt-Ing MiniFix wird dank des konischen Keils selbstst\u00e4ndig in den S\u00e4geschnitt eingef\u00fchrt. Im Gegensatz zu traditionellen konischen Keilen wird die Hubkraft \u00fcber einen Aluminiumkeil auf den Baum \u00fcbertragen. Diese Struktur erm\u00f6glicht es, eine deutlich h\u00f6here Hubkraft als bei traditionellen konischen Keilen zu erzeugen und gleichzeitig eine einfachere und robustere Struktur zu gew\u00e4hrleisten.  <\/p>\n<p>Der MiniFix ist in Kombination mit dem ValFix perfekt f\u00fcr den t\u00e4glichen Einsatz geeignet. Die Kombination aus MiniFix und ValFix bietet besondere Vorteile bei der t\u00e4glichen Arbeit im Wald. <\/p>\n<p>Ideal, um B\u00e4ume mit einer leichten Neigung nach hinten schnell und sicher zu f\u00e4llen.<\/p>\n<p>Die Hubkraft des ValFix kann durch den zus\u00e4tzlichen Einsatz des MiniFix erh\u00f6ht werden.<\/p>\n<p>Beim Neupositionieren des ValFix dient der MiniFix dazu, den Baum zu st\u00fctzen.<\/p>\n<p>Dank der Baumform des MiniFix l\u00e4sst sich dieser auch in geschlossene Schnittfugen einf\u00fchren, um eine blockierte Motors\u00e4ge schnell und einfach zu befreien.<\/p>\n<p>Der MiniFix hat einen Antrieb von 10 mm und einen von 24 mm. Er kann daher in Kombination mit ValFix und ValFast verwendet werden.<\/p>\n<p>Gewicht: 1,4 kg<\/p>\n<p>Abmessungen: 34x7x4 cm<\/p>\n<h3>Beschreibung<\/h3>\n<p>Der Schubkeil MiniFix von BaSt-Ing wird dank des konischen Keils selbstst\u00e4ndig in den S\u00e4geschnitt eingef\u00fchrt.<\/p>\n<p>Hergestellt in Germa<\/p>\n","protected":false},"excerpt":{"rendered":"<p>Der konische Keil zum Schieben BaSt-Ing MiniFix wird dank des konischen Keils selbstst\u00e4ndig in den S\u00e4geschnitt eingef\u00fchrt. Im Gegensatz zu<\/p>\n","protected":false},"featured_media":662232,"template":"","meta":{"_seopress_robots_primary_cat":"none","_seopress_titles_title":"","_seopress_titles_desc":"","_seopress_robots_index":""},"product_brand":[6636],"product_cat":[29,550,268,33,537],"product_tag":[],"class_list":{"0":"post-662231","1":"product","2":"type-product","3":"status-publish","4":"has-post-thumbnail","6":"product_brand-bast-ing","7":"product_cat-macchinari","8":"product_cat-accessori-per-trapani-ed-avvitatori","9":"product_cat-motoseghe","10":"product_cat-attrezzature","11":"product_cat-attrezzatura-da-lavoro","12":"sws-gruppo-macchinari-de","13":"sws-conto-ricavi-merci-rivendita-macchinari-de","14":"sws-gruppo-iva-iva81-de","16":"first","17":"instock","18":"sale","19":"shipping-taxable","20":"purchasable","21":"product-type-simple"},"_links":{"self":[{"href":"https:\/\/lucacastelli.com\/de\/wp-json\/wp\/v2\/product\/662231","targetHints":{"allow":["GET"]}}],"collection":[{"href":"https:\/\/lucacastelli.com\/de\/wp-json\/wp\/v2\/product"}],"about":[{"href":"https:\/\/lucacastelli.com\/de\/wp-json\/wp\/v2\/types\/product"}],"wp:featuredmedia":[{"embeddable":true,"href":"https:\/\/lucacastelli.com\/de\/wp-json\/wp\/v2\/media\/662232"}],"wp:attachment":[{"href":"https:\/\/lucacastelli.com\/de\/wp-json\/wp\/v2\/media?parent=662231"}],"wp:term":[{"taxonomy":"product_brand","embeddable":true,"href":"https:\/\/lucacastelli.com\/de\/wp-json\/wp\/v2\/product_brand?post=662231"},{"taxonomy":"product_cat","embeddable":true,"href":"https:\/\/lucacastelli.com\/de\/wp-json\/wp\/v2\/product_cat?post=662231"},{"taxonomy":"product_tag","embeddable":true,"href":"https:\/\/lucacastelli.com\/de\/wp-json\/wp\/v2\/product_tag?post=662231"}],"curies":[{"name":"wp","href":"https:\/\/api.w.org\/{rel}","templated":true}]}}