{"id":662226,"date":"2025-12-09T17:13:18","date_gmt":"2025-12-09T16:13:18","guid":{"rendered":"https:\/\/lucacastelli.com\/prodotto\/portable-winch-seilwinden-tragegestell\/"},"modified":"2025-12-09T17:13:18","modified_gmt":"2025-12-09T16:13:18","slug":"portable-winch-seilwinden-tragegestell","status":"publish","type":"product","link":"https:\/\/lucacastelli.com\/de\/produkt\/portable-winch-seilwinden-tragegestell\/","title":{"rendered":"Portable Winch Seilwinden-Tragegestell"},"content":{"rendered":"<p>Das Portable Winch Seilwinden-Tragegestell wurde f\u00fcr die Verwendung mit dem Tragekoffer PCA-0102 in Kombination mit der Vinyltasche PCA-0103 oder einfach mit der gro\u00dfen 50-Liter-XXL-Tragetasche entwickelt. Dieser ergonomisch geformte Rucksack besteht aus widerstandsf\u00e4higem Polymer, ist mit Schultergurten und einem weiteren Gurt ausgestattet, ist allseitig gepolstert und bietet somit einen ausgezeichneten Tragekomfort.<br \/>\nGewicht: 1,4 kg<br \/>\nL\u00e4nge: 52 cm<br \/>\nBreite: 46 cm<br \/>\nH\u00f6he: 10 cm<br \/>\nZus\u00e4tzliche Informationen: Nur f\u00fcr den PCW3000 geeignet. Konzipiert f\u00fcr den Tragekoffer PCA-0102 in Kombination mit der Seiltasche PCA-0103 oder nur mit der extra gro\u00dfen Tragetasche PCA-0105. Ausgestattet mit ergonomischen Schultergurten und H\u00fcftgurt.   <\/p>\n<p>&nbsp;<\/p>\n<p>&nbsp;<\/p>\n","protected":false},"excerpt":{"rendered":"<p>Das Portable Winch Seilwinden-Tragegestell wurde f\u00fcr die Verwendung mit dem Tragekoffer PCA-0102 in Kombination mit der Vinyltasche PCA-0103 oder einfach<\/p>\n","protected":false},"featured_media":659772,"template":"","meta":{"_seopress_robots_primary_cat":"none","_seopress_titles_title":"","_seopress_titles_desc":"","_seopress_robots_index":""},"product_brand":[6633],"product_cat":[33,537],"product_tag":[],"class_list":{"0":"post-662226","1":"product","2":"type-product","3":"status-publish","4":"has-post-thumbnail","6":"product_brand-portable-winch","7":"product_cat-attrezzature","8":"product_cat-attrezzatura-da-lavoro","9":"sws-gruppo-macchinari-de","10":"sws-conto-ricavi-merci-rivendita-macchinari-de","11":"sws-gruppo-iva-iva81-de","13":"first","14":"instock","15":"shipping-taxable","16":"purchasable","17":"product-type-simple"},"_links":{"self":[{"href":"https:\/\/lucacastelli.com\/de\/wp-json\/wp\/v2\/product\/662226","targetHints":{"allow":["GET"]}}],"collection":[{"href":"https:\/\/lucacastelli.com\/de\/wp-json\/wp\/v2\/product"}],"about":[{"href":"https:\/\/lucacastelli.com\/de\/wp-json\/wp\/v2\/types\/product"}],"wp:featuredmedia":[{"embeddable":true,"href":"https:\/\/lucacastelli.com\/de\/wp-json\/wp\/v2\/media\/659772"}],"wp:attachment":[{"href":"https:\/\/lucacastelli.com\/de\/wp-json\/wp\/v2\/media?parent=662226"}],"wp:term":[{"taxonomy":"product_brand","embeddable":true,"href":"https:\/\/lucacastelli.com\/de\/wp-json\/wp\/v2\/product_brand?post=662226"},{"taxonomy":"product_cat","embeddable":true,"href":"https:\/\/lucacastelli.com\/de\/wp-json\/wp\/v2\/product_cat?post=662226"},{"taxonomy":"product_tag","embeddable":true,"href":"https:\/\/lucacastelli.com\/de\/wp-json\/wp\/v2\/product_tag?post=662226"}],"curies":[{"name":"wp","href":"https:\/\/api.w.org\/{rel}","templated":true}]}}