{"id":662220,"date":"2025-12-13T10:23:44","date_gmt":"2025-12-13T09:23:44","guid":{"rendered":"https:\/\/lucacastelli.com\/prodotto\/bast-ing-cuneo-fuer-valfast-spindel\/"},"modified":"2025-12-13T10:23:44","modified_gmt":"2025-12-13T09:23:44","slug":"bast-ing-cuneo-fuer-valfast-spindel","status":"publish","type":"product","link":"https:\/\/lucacastelli.com\/de\/produkt\/bast-ing-cuneo-fuer-valfast-spindel\/","title":{"rendered":"BaSt-Ing Cuneo f\u00fcr ValFast-Spindel"},"content":{"rendered":"<p>&nbsp;<\/p>\n<p>Der ValFast-Schraubkeil von BaSt-Ing wird als Alternative zur schweren Arbeit mit dem Keil bei der Holzernte eingesetzt. Dank des mechanischen Keils k\u00f6nnen Sie Axt oder Hammer zu Hause lassen. <\/p>\n<h3>Beschreibung<\/h3>\n<p>Der ValFast-Schraubkeil von BaSt-Ing wird als Alternative zur schweren Arbeit mit dem Keil bei der Holzernte eingesetzt. Dank des mechanischen Keils k\u00f6nnen Axt oder Hammer zu Hause gelassen werden. <\/p>\n<p>Der Keil ist f\u00fcr den Einsatz mit einem Schlagschrauber optimiert. Im ValFast werden Gleitlager anstelle von Kugel- oder Rollenlagern verwendet. Diese nehmen die Axialkr\u00e4fte auf. Der Keil kann auch mit einer Ratsche verwendet werden. Seit 2022 ist er aus hochwertigem CrMo-Stahl aus einem St\u00fcck gefertigt und h\u00e4lt somit auch den st\u00e4rksten Schlagschraubern stand. Zudem wurden die Aufnahme und das Design der Keilspitze \u00fcberarbeitet. ValFast ist somit ein robuster und durchdachter F\u00e4llkeil f\u00fcr den t\u00e4glichen Einsatz in der professionellen Holzernte.      <\/p>\n<p>Vorteile der Verwendung eines mechanischen Keils<\/p>\n<ul>\n<li>Vibrationsfreies Keilen<\/li>\n<li>Deutlich reduziertes Risiko von Holzst\u00fcrzen<\/li>\n<li>Ergonomischeres Arbeiten dank hoher Hubkr\u00e4fte<\/li>\n<li>Mehr Sicherheit beim F\u00e4llen in Hanglagen<\/li>\n<\/ul>\n<p>Geeignete Schlagschrauber-Typen:<\/p>\n<ul>\n<li>Maktia DTW1002 und DTW1001 18V<\/li>\n<li>Makita TW001G 40V<\/li>\n<li>Milwaukee ONFHIWF12 und ONEFHIWF34<\/li>\n<li>Bosch GDS18V-1050H<\/li>\n<li>DeWalt DCF899 und DCF900<\/li>\n<li>DeWalt DCF961<\/li>\n<\/ul>\n<p>Technische Daten<\/p>\n<ul>\n<li>Gewicht: 5,0 kg<\/li>\n<li>Abmessungen (LxBxH): 43 x 13 x 8 cm<\/li>\n<li>Keilwinkel: 14\u00b0<\/li>\n<li>Keilhub: 20 cm<\/li>\n<li>Schlagschrauber max.: 1600 Nm<\/li>\n<li>Hubkraft: 26 t<\/li>\n<li>Antrieb: 24 mm Sechskant<\/li>\n<\/ul>\n<p>Dank des robusten Spindelkeils von BaSt-Ing geh\u00f6rt das m\u00fchsame und zeitaufwendige Verkeilen von B\u00e4umen der Vergangenheit an.<\/p>\n<p>Mit Hilfe von ValLink kann ValFast mit dem Schlagschrauber verbunden werden. Zudem kann mit Hilfe eines Massbandes der Schrauber aus einer sicheren Entfernung bedient werden. \u201cDie g\u00fcnstige Funkl\u00f6sung\u201d  <\/p>\n<p>Optional erh\u00e4ltliches Zubeh\u00f6r:<\/p>\n<ul>\n<li>24-mm-Steckschl\u00fcssel<\/li>\n<li>ValLink mit starrer Verbindung zum Schlagschrauber und Kerbe f\u00fcr das Forstmassband zur Fernbedienung (Schlagschrauber kann in wenigen Sekunden vom Keil getrennt und in der Werkstatt verwendet werden)<\/li>\n<\/ul>\n<p>Das auf den Bildern abgebildete Zubeh\u00f6r ist nicht im Lieferumfang enthalten.<\/p>\n","protected":false},"excerpt":{"rendered":"<p>&nbsp; Der ValFast-Schraubkeil von BaSt-Ing wird als Alternative zur schweren Arbeit mit dem Keil bei der Holzernte eingesetzt. Dank des<\/p>\n","protected":false},"featured_media":662221,"template":"","meta":{"_seopress_robots_primary_cat":"none","_seopress_titles_title":"","_seopress_titles_desc":"","_seopress_robots_index":""},"product_brand":[6636],"product_cat":[29,550,268,33,537],"product_tag":[],"class_list":{"0":"post-662220","1":"product","2":"type-product","3":"status-publish","4":"has-post-thumbnail","6":"product_brand-bast-ing","7":"product_cat-macchinari","8":"product_cat-accessori-per-trapani-ed-avvitatori","9":"product_cat-motoseghe","10":"product_cat-attrezzature","11":"product_cat-attrezzatura-da-lavoro","12":"sws-gruppo-macchinari-de","13":"sws-conto-ricavi-merci-rivendita-macchinari-de","14":"sws-gruppo-iva-iva81-de","16":"first","17":"instock","18":"sale","19":"shipping-taxable","20":"purchasable","21":"product-type-simple"},"_links":{"self":[{"href":"https:\/\/lucacastelli.com\/de\/wp-json\/wp\/v2\/product\/662220","targetHints":{"allow":["GET"]}}],"collection":[{"href":"https:\/\/lucacastelli.com\/de\/wp-json\/wp\/v2\/product"}],"about":[{"href":"https:\/\/lucacastelli.com\/de\/wp-json\/wp\/v2\/types\/product"}],"wp:featuredmedia":[{"embeddable":true,"href":"https:\/\/lucacastelli.com\/de\/wp-json\/wp\/v2\/media\/662221"}],"wp:attachment":[{"href":"https:\/\/lucacastelli.com\/de\/wp-json\/wp\/v2\/media?parent=662220"}],"wp:term":[{"taxonomy":"product_brand","embeddable":true,"href":"https:\/\/lucacastelli.com\/de\/wp-json\/wp\/v2\/product_brand?post=662220"},{"taxonomy":"product_cat","embeddable":true,"href":"https:\/\/lucacastelli.com\/de\/wp-json\/wp\/v2\/product_cat?post=662220"},{"taxonomy":"product_tag","embeddable":true,"href":"https:\/\/lucacastelli.com\/de\/wp-json\/wp\/v2\/product_tag?post=662220"}],"curies":[{"name":"wp","href":"https:\/\/api.w.org\/{rel}","templated":true}]}}