{"id":662201,"date":"2025-12-12T18:19:27","date_gmt":"2025-12-12T17:19:27","guid":{"rendered":"https:\/\/lucacastelli.com\/prodotto\/schraubkeil-bast-ing-valfix\/"},"modified":"2025-12-12T18:19:27","modified_gmt":"2025-12-12T17:19:27","slug":"schraubkeil-bast-ing-valfix","status":"publish","type":"product","link":"https:\/\/lucacastelli.com\/de\/produkt\/schraubkeil-bast-ing-valfix\/","title":{"rendered":"Schraubkeil BaSt-Ing ValFix"},"content":{"rendered":"<p>&nbsp;<\/p>\n<p>Der Schraubkeil BaSt-Ing ValFix ist ein kleiner und leichter Schraubkeil. Mit einem beeindruckenden Eigengewicht von unter 1,4 kg und einer unglaublichen Hubkraft von \u00fcber 15 Tonnen! <\/p>\n<ul>\n<li>Abmessungen: 34 \u00d7 7 \u00d7 4 cm<\/li>\n<li>Gewicht: 1,4 kg<\/li>\n<\/ul>\n<h3>Beschreibung<\/h3>\n<p>Der Schraubkeil BaSt-Ing ValFix ist ein kleiner und leichter Schraubkeil. Mit einem beeindruckenden Eigengewicht von unter 1,4 kg und einer unglaublichen Hubkraft von \u00fcber 15 Tonnen! <\/p>\n<p>Die hohe Hubkraft des ValFix basiert auf einem flachen Keilwinkel von 10\u00b0, wodurch hohe Hubkr\u00e4fte bei sehr geringem Gewicht erzielt werden k\u00f6nnen.<\/p>\n<p>Um praktikable Hubh\u00f6hen zu erreichen, verf\u00fcgt ValFix \u00fcber eine innovative Schraubenkonstruktion. Die teilintegrierte Schraube ist im F\u00e4llkeil gesch\u00fctzt, w\u00e4hrend die freiliegende H\u00e4lfte der Schraube einen langen Hub f\u00fcr ein ausreichendes Anheben des Keils bietet. Die einfache Wartung und ausreichende Schmierung, auch w\u00e4hrend langer Arbeitstage, werden durch die Schmiernippel an beiden Gewindemuttern gew\u00e4hrleistet.  <\/p>\n<p>Die Vorteile von ValFix im \u00dcberblick: Dank seiner kompakten Bauweise ist kein Axiallager erforderlich, was den Schraubkeil besonders kurz macht. Mit einem Gewicht von nur 1,4 kg ist er leicht und handlich. Die Wartung ist dank der Schmiernippel einfach (es ist kein Schmierspray erforderlich). ValFix kann problemlos mit einem Schlagschrauber mit maximal 700 Nm betrieben werden. Entdecken Sie jetzt ValFix und erleben Sie die Leichtigkeit und Leistung dieses beeindruckenden Schraubkeils!    <\/p>\n<p>Technische Daten:<\/p>\n<p>\u2013 Gewicht: 1,4 kg<\/p>\n<p>\u2013 Abmessungen (LxBxH): 34 x 13 x 4 cm<\/p>\n<p>\u2013 Keilwinkel: 10\u00b0<\/p>\n<p>\u2013 Schlagschrauber max.: 700 Nm<\/p>\n<p>\u2013 Hubkraft: 15 t<\/p>\n<p>\u2013 Antrieb: 10 mm Sechskant<\/p>\n<p>Lieferumfang:<\/p>\n<p>\u2013 ValFix<\/p>\n<p>\u2013 Keiltasche<\/p>\n<p>ValFix kann mit einem Schlagschrauber mit einem maximalen Drehmoment von 500 Nm verwendet werden. Der Keil kann auch mit einer Ratsche betrieben werden. <\/p>\n","protected":false},"excerpt":{"rendered":"<p>&nbsp; Der Schraubkeil BaSt-Ing ValFix ist ein kleiner und leichter Schraubkeil. Mit einem beeindruckenden Eigengewicht von unter 1,4 kg und<\/p>\n","protected":false},"featured_media":662202,"template":"","meta":{"_seopress_robots_primary_cat":"none","_seopress_titles_title":"","_seopress_titles_desc":"","_seopress_robots_index":""},"product_brand":[6636],"product_cat":[29,550,268,33,537],"product_tag":[],"class_list":{"0":"post-662201","1":"product","2":"type-product","3":"status-publish","4":"has-post-thumbnail","6":"product_brand-bast-ing","7":"product_cat-macchinari","8":"product_cat-accessori-per-trapani-ed-avvitatori","9":"product_cat-motoseghe","10":"product_cat-attrezzature","11":"product_cat-attrezzatura-da-lavoro","12":"sws-gruppo-macchinari-de","13":"sws-conto-ricavi-merci-rivendita-macchinari-de","14":"sws-gruppo-iva-iva81-de","16":"first","17":"instock","18":"sale","19":"shipping-taxable","20":"purchasable","21":"product-type-simple"},"_links":{"self":[{"href":"https:\/\/lucacastelli.com\/de\/wp-json\/wp\/v2\/product\/662201","targetHints":{"allow":["GET"]}}],"collection":[{"href":"https:\/\/lucacastelli.com\/de\/wp-json\/wp\/v2\/product"}],"about":[{"href":"https:\/\/lucacastelli.com\/de\/wp-json\/wp\/v2\/types\/product"}],"wp:featuredmedia":[{"embeddable":true,"href":"https:\/\/lucacastelli.com\/de\/wp-json\/wp\/v2\/media\/662202"}],"wp:attachment":[{"href":"https:\/\/lucacastelli.com\/de\/wp-json\/wp\/v2\/media?parent=662201"}],"wp:term":[{"taxonomy":"product_brand","embeddable":true,"href":"https:\/\/lucacastelli.com\/de\/wp-json\/wp\/v2\/product_brand?post=662201"},{"taxonomy":"product_cat","embeddable":true,"href":"https:\/\/lucacastelli.com\/de\/wp-json\/wp\/v2\/product_cat?post=662201"},{"taxonomy":"product_tag","embeddable":true,"href":"https:\/\/lucacastelli.com\/de\/wp-json\/wp\/v2\/product_tag?post=662201"}],"curies":[{"name":"wp","href":"https:\/\/api.w.org\/{rel}","templated":true}]}}