{"id":662182,"date":"2025-12-12T12:43:39","date_gmt":"2025-12-12T11:43:39","guid":{"rendered":"https:\/\/lucacastelli.com\/prodotto\/bast-ing-keil-cuneo-fuer-maxval-spindel\/"},"modified":"2025-12-12T12:43:39","modified_gmt":"2025-12-12T11:43:39","slug":"bast-ing-keil-cuneo-fuer-maxval-spindel","status":"publish","type":"product","link":"https:\/\/lucacastelli.com\/de\/produkt\/bast-ing-keil-cuneo-fuer-maxval-spindel\/","title":{"rendered":"BaSt-Ing Keil Cuneo f\u00fcr MaxVal-Spindel"},"content":{"rendered":"<p>Der BaSt-Ing MaxVal Schraubkeil ist der gr\u00f6\u00dfte Schraubkeil im Sortiment und wurde speziell f\u00fcr Hartholz entwickelt.<\/p>\n<p>Das Design des MaxVal konzentriert sich auf maximale Hubkraft und eine robuste Konstruktion.<\/p>\n<p>Die Antriebsschraube ist aus hochverg\u00fctetem CrMo-Stahl mit einer Dicke von 32 mm gefertigt. Der MaxVal wird mit einem 24-mm-Schl\u00fcssel bet\u00e4tigt. Die Antriebsspindel des MaxVal ist teilweise integriert, wodurch die H\u00e4lfte der Spindel im Inneren der Keilspitze gesch\u00fctzt ist. Die zweite, k\u00fcrzere H\u00e4lfte der Spindel ragt 140 mm aus dem F\u00e4llkeil heraus. <\/p>\n<p><b>Technische Daten<\/b><\/p>\n<ul>\n<li>Hubkraft: 30 t<\/li>\n<li>Keilwinkel: 14\u00b0<\/li>\n<li>Gewicht: 6,0 kg<\/li>\n<li>Schlagschrauber 1000 Nm<\/li>\n<li>L\u00e4nge: 52 cm<\/li>\n<li>Keilbreite: 8 cm<\/li>\n<li>Gesamtbreite: 13 cm<\/li>\n<li>Hubh\u00f6he: 8 cm<\/li>\n<li>Schl\u00fcsselweite: 24 mm<\/li>\n<li>Spindeldurchmesser: 32 mm<\/li>\n<li>Spindelmaterial: hochverg\u00fcteter CrMo-Stahl<\/li>\n<li>Gewindesteigung: 6 mm<\/li>\n<li>Hergestellt in Deutschland<\/li>\n<\/ul>\n","protected":false},"excerpt":{"rendered":"<p>Der BaSt-Ing MaxVal Schraubkeil ist der gr\u00f6\u00dfte Schraubkeil im Sortiment und wurde speziell f\u00fcr Hartholz entwickelt. Das Design des MaxVal<\/p>\n","protected":false},"featured_media":662183,"template":"","meta":{"_seopress_robots_primary_cat":"none","_seopress_titles_title":"","_seopress_titles_desc":"","_seopress_robots_index":""},"product_brand":[6636],"product_cat":[29,550,268,33,537],"product_tag":[],"class_list":{"0":"post-662182","1":"product","2":"type-product","3":"status-publish","4":"has-post-thumbnail","6":"product_brand-bast-ing","7":"product_cat-macchinari","8":"product_cat-accessori-per-trapani-ed-avvitatori","9":"product_cat-motoseghe","10":"product_cat-attrezzature","11":"product_cat-attrezzatura-da-lavoro","12":"sws-gruppo-macchinari-de","13":"sws-conto-ricavi-merci-rivendita-macchinari-de","14":"sws-gruppo-iva-iva81-de","16":"first","17":"instock","18":"sale","19":"shipping-taxable","20":"purchasable","21":"product-type-simple"},"_links":{"self":[{"href":"https:\/\/lucacastelli.com\/de\/wp-json\/wp\/v2\/product\/662182","targetHints":{"allow":["GET"]}}],"collection":[{"href":"https:\/\/lucacastelli.com\/de\/wp-json\/wp\/v2\/product"}],"about":[{"href":"https:\/\/lucacastelli.com\/de\/wp-json\/wp\/v2\/types\/product"}],"wp:featuredmedia":[{"embeddable":true,"href":"https:\/\/lucacastelli.com\/de\/wp-json\/wp\/v2\/media\/662183"}],"wp:attachment":[{"href":"https:\/\/lucacastelli.com\/de\/wp-json\/wp\/v2\/media?parent=662182"}],"wp:term":[{"taxonomy":"product_brand","embeddable":true,"href":"https:\/\/lucacastelli.com\/de\/wp-json\/wp\/v2\/product_brand?post=662182"},{"taxonomy":"product_cat","embeddable":true,"href":"https:\/\/lucacastelli.com\/de\/wp-json\/wp\/v2\/product_cat?post=662182"},{"taxonomy":"product_tag","embeddable":true,"href":"https:\/\/lucacastelli.com\/de\/wp-json\/wp\/v2\/product_tag?post=662182"}],"curies":[{"name":"wp","href":"https:\/\/api.w.org\/{rel}","templated":true}]}}