{"id":662166,"date":"2025-12-10T17:47:05","date_gmt":"2025-12-10T16:47:05","guid":{"rendered":"https:\/\/lucacastelli.com\/prodotto\/eder-zugseil-fuer-spillwinden-8-mm-50-meter\/"},"modified":"2025-12-13T10:51:54","modified_gmt":"2025-12-13T09:51:54","slug":"eder-zugseil-fuer-spillwinden-8-mm-50-meter","status":"publish","type":"product","link":"https:\/\/lucacastelli.com\/de\/produkt\/eder-zugseil-fuer-spillwinden-8-mm-50-meter\/","title":{"rendered":"EDER Zugseil f\u00fcr Spillwinden, 8 mm, 50 Meter"},"content":{"rendered":"<p>Das 8-mm-Polyester-Zugseil f\u00fcr die Eder-Winde ist ideal f\u00fcr den Einsatz mit der Eder 500 B Winde. Das statische Seil hat eine Bruchlast von 2400 kg.<\/p>\n<ul>\n<li>Zul\u00e4ssige Zugkraft 750 kg<\/li>\n<li>Bruchlast 2400 kg \/ 2400 daN<\/li>\n<li>Mit Kausche auf einer Seite<\/li>\n<li>Hergestellt in Deutschland<\/li>\n<\/ul>\n","protected":false},"excerpt":{"rendered":"<p>Das 8-mm-Polyester-Zugseil f\u00fcr die Eder-Winde ist ideal f\u00fcr den Einsatz mit der Eder 500 B Winde. Das statische Seil hat<\/p>\n","protected":false},"featured_media":660446,"template":"","meta":{"_seopress_robots_primary_cat":"none","_seopress_titles_title":"","_seopress_titles_desc":"","_seopress_robots_index":""},"product_brand":[3628],"product_cat":[1396,150],"product_tag":[],"class_list":{"0":"post-662166","1":"product","2":"type-product","3":"status-publish","4":"has-post-thumbnail","6":"product_brand-eder-de","7":"product_cat-arbeitsausrustung","8":"product_cat-ausrustung","9":"sws-gruppo-macchinari-de","10":"sws-conto-ricavi-merci-rivendita-macchinari-de","11":"sws-gruppo-iva-iva81-de","13":"first","14":"instock","15":"shipping-taxable","16":"purchasable","17":"product-type-simple"},"_links":{"self":[{"href":"https:\/\/lucacastelli.com\/de\/wp-json\/wp\/v2\/product\/662166","targetHints":{"allow":["GET"]}}],"collection":[{"href":"https:\/\/lucacastelli.com\/de\/wp-json\/wp\/v2\/product"}],"about":[{"href":"https:\/\/lucacastelli.com\/de\/wp-json\/wp\/v2\/types\/product"}],"wp:featuredmedia":[{"embeddable":true,"href":"https:\/\/lucacastelli.com\/de\/wp-json\/wp\/v2\/media\/660446"}],"wp:attachment":[{"href":"https:\/\/lucacastelli.com\/de\/wp-json\/wp\/v2\/media?parent=662166"}],"wp:term":[{"taxonomy":"product_brand","embeddable":true,"href":"https:\/\/lucacastelli.com\/de\/wp-json\/wp\/v2\/product_brand?post=662166"},{"taxonomy":"product_cat","embeddable":true,"href":"https:\/\/lucacastelli.com\/de\/wp-json\/wp\/v2\/product_cat?post=662166"},{"taxonomy":"product_tag","embeddable":true,"href":"https:\/\/lucacastelli.com\/de\/wp-json\/wp\/v2\/product_tag?post=662166"}],"curies":[{"name":"wp","href":"https:\/\/api.w.org\/{rel}","templated":true}]}}