{"id":662159,"date":"2025-12-10T17:40:23","date_gmt":"2025-12-10T16:40:23","guid":{"rendered":"https:\/\/lucacastelli.com\/prodotto\/eder-befestigungsplatte-fuer-anhaengerkupplung-mit-kugelkopf\/"},"modified":"2025-12-10T17:40:23","modified_gmt":"2025-12-10T16:40:23","slug":"eder-befestigungsplatte-fuer-anhaengerkupplung-mit-kugelkopf","status":"publish","type":"product","link":"https:\/\/lucacastelli.com\/de\/produkt\/eder-befestigungsplatte-fuer-anhaengerkupplung-mit-kugelkopf\/","title":{"rendered":"EDER Befestigungsplatte f\u00fcr Anh\u00e4ngerkupplung mit Kugelkopf"},"content":{"rendered":"<p>Die Eder Befestigungsplatte f\u00fcr alle traditionellen Kugelkopf-Anh\u00e4ngerkupplungen wird mit der Akku-Seilwinde Winch 500 B verwendet. Zuerst wird die Befestigungsplatte auf den Kugelkopf aufgesetzt, dann wird die Eder Winch 500 B mit einem Befestigungsstift an der Anh\u00e4ngerkupplung befestigt. Zugkraft max. 750 kg. Abmessungen 200 x 80 x 70 mm. Gewicht 0,36 kg.  <\/p>\n","protected":false},"excerpt":{"rendered":"<p>Die Eder Befestigungsplatte f\u00fcr alle traditionellen Kugelkopf-Anh\u00e4ngerkupplungen wird mit der Akku-Seilwinde Winch 500 B verwendet. Zuerst wird die Befestigungsplatte auf<\/p>\n","protected":false},"featured_media":660442,"template":"","meta":{"_seopress_robots_primary_cat":"","_seopress_titles_title":"","_seopress_titles_desc":"","_seopress_robots_index":""},"product_brand":[3628],"product_cat":[1396,150],"product_tag":[],"class_list":{"0":"post-662159","1":"product","2":"type-product","3":"status-publish","4":"has-post-thumbnail","6":"product_brand-eder-de","7":"product_cat-arbeitsausrustung","8":"product_cat-ausrustung","9":"sws-gruppo-macchinari-de","10":"sws-conto-ricavi-merci-rivendita-macchinari-de","11":"sws-gruppo-iva-iva81-de","13":"first","14":"instock","15":"shipping-taxable","16":"purchasable","17":"product-type-simple"},"_links":{"self":[{"href":"https:\/\/lucacastelli.com\/de\/wp-json\/wp\/v2\/product\/662159","targetHints":{"allow":["GET"]}}],"collection":[{"href":"https:\/\/lucacastelli.com\/de\/wp-json\/wp\/v2\/product"}],"about":[{"href":"https:\/\/lucacastelli.com\/de\/wp-json\/wp\/v2\/types\/product"}],"wp:featuredmedia":[{"embeddable":true,"href":"https:\/\/lucacastelli.com\/de\/wp-json\/wp\/v2\/media\/660442"}],"wp:attachment":[{"href":"https:\/\/lucacastelli.com\/de\/wp-json\/wp\/v2\/media?parent=662159"}],"wp:term":[{"taxonomy":"product_brand","embeddable":true,"href":"https:\/\/lucacastelli.com\/de\/wp-json\/wp\/v2\/product_brand?post=662159"},{"taxonomy":"product_cat","embeddable":true,"href":"https:\/\/lucacastelli.com\/de\/wp-json\/wp\/v2\/product_cat?post=662159"},{"taxonomy":"product_tag","embeddable":true,"href":"https:\/\/lucacastelli.com\/de\/wp-json\/wp\/v2\/product_tag?post=662159"}],"curies":[{"name":"wp","href":"https:\/\/api.w.org\/{rel}","templated":true}]}}