{"id":656749,"date":"2025-12-02T13:52:26","date_gmt":"2025-12-02T12:52:26","guid":{"rendered":"https:\/\/lucacastelli.com\/prodotto\/ortovox-fleece-rib-jacket\/"},"modified":"2025-12-02T13:52:26","modified_gmt":"2025-12-02T12:52:26","slug":"ortovox-fleece-rib-jacket","status":"publish","type":"product","link":"https:\/\/lucacastelli.com\/de\/produkt\/ortovox-fleece-rib-jacket\/","title":{"rendered":"ORTOVOX FLEECE RIB JACKET"},"content":{"rendered":"<h3>Robuste technische Fleecejacke f\u00fcr Ihre Klettertage am Fels<\/h3>\n<p>&nbsp;<\/p>\n<p>Zuverl\u00e4ssig bei jeder Bewegung, robust und atmungsaktiv: Von der ersten Mehrseill\u00e4ngenroute in Arco bis zur Bigwall im Yosemite f\u00fchlt sich die FLEECE RIB JACKET f\u00fcr Herren immer wie zu Hause an.<\/p>\n<p>Die robusten MERINO SHIELD TEC-Eins\u00e4tze sch\u00fctzen an besonders beanspruchten Stellen wie Unterarmen und H\u00fcften vor Abrieb durch harte Felsen und den Klettergurt. Der Schnitt mit einem weiten Achselbereich gew\u00e4hrleistet gro\u00dfe Bewegungsfreiheit, auch bei anspruchsvollen Passagen. <\/p>\n<p>Die feine Kanalstruktur im Inneren des elastischen MERINO FLEECE RIB-Materials sorgt f\u00fcr angenehme Bel\u00fcftung und weist bemerkenswerte Isolationseigenschaften auf. Dar\u00fcber hinaus hat die angenehm weiche Merinowolle auf der Haut eine feuchtigkeits- und temperaturregulierenden Effekt und beugt unangenehmen Ger\u00fcchen vor. <\/p>\n<p>Dank des Zwei-Wege-Rei\u00dfverschlusses vorne kann die Jacke schnell und bequem \u00fcber dem Klettergurt angezogen werden. Der hohe Kragen sch\u00fctzt effektiv vor K\u00e4lte und Wind, w\u00e4hrend die beiden Vordertaschen viel Platz bieten. <\/p>\n<p>Gemacht f\u00fcr die steilsten W\u00e4nde und l\u00e4ngsten Routen: Die vielseitige FLEECE RIB JACKET f\u00fcr Herren darf bei Ihren Felsenabenteuern nicht fehlen.<\/p>\n<p><span style=\"color: #1b1919; font-size: 22px;\">Eigenschaften<\/span><\/p>\n<div class=\"pds__accordion-wrapper\">\n<div id=\"pds__accordion-features-wrapper\" class=\"pds__accordion-features-multi-target collapse show\" data-partial-multi-target=\"true\" data-parent=\"#pds__accordion-features\">\n<div class=\"pb-4\">\n<div class=\"overflow-hidden\">\n<div class=\"wysiwyg\">\n<ul>\n<li>Schutzkragen<\/li>\n<li>2 Brusttaschen<\/li>\n<li>Zwei-Wege-Rei\u00dfverschluss vorne<\/li>\n<li>Regular Fit<\/li>\n<\/ul>\n<p>&nbsp;<\/p>\n<div id=\"pds__accordion-material-properties-heading\" class=\"mb-4 mb-md-35\">\n<h3 class=\"pds__accordion-headline p-relative cursor-pointer p-0 m-0\"><span class=\"d-block p-0 accordion js-accordion-custom-toggle js-accordion-custom-toggle--hide-on-collapse\" tabindex=\"0\" role=\"button\" data-collapse=\"false\" data-target=\"#pds__accordion-material-properties-wrapper\" data-multitarget-disabled-mobile=\"\" aria-expanded=\"true\" aria-controls=\"pds__accordion-material-properties-wrapper\"><span class=\"d-flex justify-content-between align-items-center\"><span class=\"word-break-word\">Materialeigenschaften<\/span><i class=\"accordion__icon pds__accordion-icon icon\"><\/i><\/span><\/span><\/h3>\n<\/div>\n<div class=\"pds__accordion-wrapper\">\n<div id=\"pds__accordion-material-properties-wrapper\" class=\"pds__accordion-material-properties-multi-target collapse show\" data-partial-multi-target=\"true\" data-parent=\"#pds__accordion-material-properties\">\n<div class=\"pb-4\">\n<div class=\"overflow-hidden\">\n<div class=\"wysiwyg\">\n<ul>\n<li>MERINO FLEECE RIB: Merinowolle auf der Haut, Kanalstruktur im Inneren (f\u00f6rdert die Bel\u00fcftung und weist bemerkenswerte Isolationseigenschaften auf), hochatmungsaktiv, hohe Elastizit\u00e4t, feuchtigkeitsregulierend<\/li>\n<li>MERINO SHIELD TEC: Merinowolle auf der Haut, hohe Abriebfestigkeit (&gt; 50.000 Abriebrunden im Martindale-Test), windabweisendes Material, 4-Wege-Stretch, leicht und schnelltrocknend.<\/li>\n<\/ul>\n<p>HAUPTMATERIAL 1: 66% Polyester (recycelt) + 21% Wolle (MERINO OWP) + 8% Elastan + 5% Polyamid (recycelt)<\/p>\n<p>HAUPTMATERIAL 2: 74% Polyamid + 15% Wolle (MERINO OWP) + 11% Elastan<\/p>\n<\/div>\n<\/div>\n<\/div>\n<\/div>\n<\/div>\n<\/div>\n<\/div>\n<\/div>\n<\/div>\n<\/div>\n","protected":false},"excerpt":{"rendered":"<p>Robuste technische Fleecejacke f\u00fcr Ihre Klettertage am Fels &nbsp; Zuverl\u00e4ssig bei jeder Bewegung, robust und atmungsaktiv: Von der ersten Mehrseill\u00e4ngenroute<\/p>\n","protected":false},"featured_media":655272,"template":"","meta":{"_seopress_robots_primary_cat":"none","_seopress_titles_title":"","_seopress_titles_desc":"","_seopress_robots_index":""},"product_brand":[3663],"product_cat":[974,975,82],"product_tag":[],"class_list":{"0":"post-656749","1":"product","2":"type-product","3":"status-publish","4":"has-post-thumbnail","6":"product_brand-ortovox-de","7":"product_cat-freizeitkleidung","8":"product_cat-herrenbekleidung","9":"product_cat-kleidung","10":"sws-gruppo-abb-libero-de","11":"sws-conto-ricavi-merci-rivendita-abbigliamento-de","12":"sws-gruppo-iva-iva81-de","14":"first","15":"instock","16":"sale","17":"shipping-taxable","18":"purchasable","19":"product-type-variable","20":"has-default-attributes"},"_links":{"self":[{"href":"https:\/\/lucacastelli.com\/de\/wp-json\/wp\/v2\/product\/656749","targetHints":{"allow":["GET"]}}],"collection":[{"href":"https:\/\/lucacastelli.com\/de\/wp-json\/wp\/v2\/product"}],"about":[{"href":"https:\/\/lucacastelli.com\/de\/wp-json\/wp\/v2\/types\/product"}],"wp:featuredmedia":[{"embeddable":true,"href":"https:\/\/lucacastelli.com\/de\/wp-json\/wp\/v2\/media\/655272"}],"wp:attachment":[{"href":"https:\/\/lucacastelli.com\/de\/wp-json\/wp\/v2\/media?parent=656749"}],"wp:term":[{"taxonomy":"product_brand","embeddable":true,"href":"https:\/\/lucacastelli.com\/de\/wp-json\/wp\/v2\/product_brand?post=656749"},{"taxonomy":"product_cat","embeddable":true,"href":"https:\/\/lucacastelli.com\/de\/wp-json\/wp\/v2\/product_cat?post=656749"},{"taxonomy":"product_tag","embeddable":true,"href":"https:\/\/lucacastelli.com\/de\/wp-json\/wp\/v2\/product_tag?post=656749"}],"curies":[{"name":"wp","href":"https:\/\/api.w.org\/{rel}","templated":true}]}}