{"id":656733,"date":"2025-12-02T14:10:45","date_gmt":"2025-12-02T13:10:45","guid":{"rendered":"https:\/\/lucacastelli.com\/prodotto\/ortovox-120-cool-tec-mtn-cut-ts\/"},"modified":"2025-12-02T14:10:45","modified_gmt":"2025-12-02T13:10:45","slug":"ortovox-120-cool-tec-mtn-cut-ts","status":"publish","type":"product","link":"https:\/\/lucacastelli.com\/de\/produkt\/ortovox-120-cool-tec-mtn-cut-ts\/","title":{"rendered":"ORTOVOX 120 COOL TEC MTN CUT TS"},"content":{"rendered":"<h3>Leichtes und schnelltrocknendes T-Shirt mit Merinowolle<\/h3>\n<p>Mit der 120 MERINO COOL TEC Linie sind Sie f\u00fcr jede H\u00f6he ger\u00fcstet: Das leichte 120 COOL TEC MTN CUT T-Shirt f\u00fcr Herren ist ideal f\u00fcr hei\u00dfe Tage in den Bergen und f\u00fcr bewegungsintensive Aktivit\u00e4ten.<\/p>\n<p>Das 120 MERINO COOL TEC Material steht f\u00fcr pure Funktionalit\u00e4t: Die Kombination aus hochwertigen Merinowollfasern und pflanzlichen Zellulosefasern wirkt k\u00fchlend und trocknet schnell. Die CORESPUN TECHNOLOGIE sorgt f\u00fcr mehr Stabilit\u00e4t: Es handelt sich um ein Herstellungsverfahren, bei dem die hochwertigen Merino- und TENCELTM Lyocell-Fasern um einen Kern aus Polyamidfilamenten gesponnen werden. Das robuste Material, das aus diesem Garn hergestellt wird, vereint die Vorteile von Merinowolle und TENCELTM Lyocell und garantiert Frische und Leichtigkeit auch bei anspruchsvollsten Aufstiegen.  <\/p>\n<p>Inspiriert von der Natur, entwickelt f\u00fcr den Bergsport.<\/p>\n<p>&nbsp;<\/p>\n<div id=\"pds__accordion-material-properties-heading\" class=\"mb-4 mb-md-35\">\n<h3 class=\"pds__accordion-headline p-relative cursor-pointer p-0 m-0\"><span class=\"d-block p-0 accordion js-accordion-custom-toggle js-accordion-custom-toggle--hide-on-collapse\" tabindex=\"0\" role=\"button\" data-collapse=\"false\" data-target=\"#pds__accordion-material-properties-wrapper\" data-multitarget-disabled-mobile=\"\" aria-expanded=\"true\" aria-controls=\"pds__accordion-material-properties-wrapper\"><span class=\"d-flex justify-content-between align-items-center\"><span class=\"word-break-word\">Materialeigenschaften<\/span><i class=\"accordion__icon pds__accordion-icon icon\"><\/i><\/span><\/span><\/h3>\n<\/div>\n<div class=\"pds__accordion-wrapper\">\n<div id=\"pds__accordion-material-properties-wrapper\" class=\"pds__accordion-material-properties-multi-target collapse show\" data-partial-multi-target=\"true\" data-parent=\"#pds__accordion-material-properties\">\n<div class=\"pb-4\">\n<div class=\"overflow-hidden\">\n<div class=\"wysiwyg\">\n<ul>\n<li>120 MERINO COOL TEC: leicht, schnelltrocknend, TENCEL\u2122 Lyocell (nachhaltig produzierte Naturfaser), Merinowolle (Temperatur- und Feuchtigkeitsregulierung), CORESPUN Technologie by \u00a9 S\u00fcdwolle Group (f\u00fcr mehr Stabilit\u00e4t), langlebig<\/li>\n<\/ul>\n<p>52 % Schurwolle (MERINO OWP) + 33 % Lyocell (TENCEL\u2122) + 15 % Polyamid<\/p>\n<\/div>\n<\/div>\n<p>&nbsp;<\/p>\n<\/div>\n<\/div>\n<\/div>\n","protected":false},"excerpt":{"rendered":"<p>Leichtes und schnelltrocknendes T-Shirt mit Merinowolle Mit der 120 MERINO COOL TEC Linie sind Sie f\u00fcr jede H\u00f6he ger\u00fcstet: Das<\/p>\n","protected":false},"featured_media":655293,"template":"","meta":{"_seopress_robots_primary_cat":"none","_seopress_titles_title":"","_seopress_titles_desc":"","_seopress_robots_index":""},"product_brand":[3663],"product_cat":[974,975,82],"product_tag":[],"class_list":{"0":"post-656733","1":"product","2":"type-product","3":"status-publish","4":"has-post-thumbnail","6":"product_brand-ortovox-de","7":"product_cat-freizeitkleidung","8":"product_cat-herrenbekleidung","9":"product_cat-kleidung","10":"sws-gruppo-abb-libero-de","11":"sws-conto-ricavi-merci-rivendita-abbigliamento-de","12":"sws-gruppo-iva-iva81-de","14":"first","15":"instock","16":"sale","17":"shipping-taxable","18":"purchasable","19":"product-type-variable","20":"has-default-attributes"},"_links":{"self":[{"href":"https:\/\/lucacastelli.com\/de\/wp-json\/wp\/v2\/product\/656733","targetHints":{"allow":["GET"]}}],"collection":[{"href":"https:\/\/lucacastelli.com\/de\/wp-json\/wp\/v2\/product"}],"about":[{"href":"https:\/\/lucacastelli.com\/de\/wp-json\/wp\/v2\/types\/product"}],"wp:featuredmedia":[{"embeddable":true,"href":"https:\/\/lucacastelli.com\/de\/wp-json\/wp\/v2\/media\/655293"}],"wp:attachment":[{"href":"https:\/\/lucacastelli.com\/de\/wp-json\/wp\/v2\/media?parent=656733"}],"wp:term":[{"taxonomy":"product_brand","embeddable":true,"href":"https:\/\/lucacastelli.com\/de\/wp-json\/wp\/v2\/product_brand?post=656733"},{"taxonomy":"product_cat","embeddable":true,"href":"https:\/\/lucacastelli.com\/de\/wp-json\/wp\/v2\/product_cat?post=656733"},{"taxonomy":"product_tag","embeddable":true,"href":"https:\/\/lucacastelli.com\/de\/wp-json\/wp\/v2\/product_tag?post=656733"}],"curies":[{"name":"wp","href":"https:\/\/api.w.org\/{rel}","templated":true}]}}