{"id":656677,"date":"2025-12-02T14:25:02","date_gmt":"2025-12-02T13:25:02","guid":{"rendered":"https:\/\/lucacastelli.com\/prodotto\/ortovox-150-cool-crack-ts\/"},"modified":"2025-12-02T14:25:02","modified_gmt":"2025-12-02T13:25:02","slug":"ortovox-150-cool-crack-ts","status":"publish","type":"product","link":"https:\/\/lucacastelli.com\/de\/produkt\/ortovox-150-cool-crack-ts\/","title":{"rendered":"ORTOVOX 150 COOL CRACK TS"},"content":{"rendered":"<div class=\"wysiwyg wysiwyg--no-first-child-correction mb-4\">\n<h3>Robustes und erfrischendes Shirt mit Merinowolle f\u00fcr Tage am Fels<\/h3>\n<\/div>\n<div id=\"pds__accordion-additional-info-inner\" class=\" accordion pds__accordion\">\n<div class=\"position-relative\">\n<div class=\"pds__accordion-wrapper border-0\">\n<div id=\"pds__accordion-additional-info-inner-wrapper\" class=\"collapse seo-collapse disable-collapse-md\" data-parent=\"#pds__accordion-additional-info-inner\">\n<div class=\"pb-4\">\n<div class=\"overflow-hidden\">\n<div class=\"pb-md-3 pb-4\">\n<div class=\"border border-grey p-20 mb-4\">\n<p>Robust und erfrischend bei jeder Bewegung: Das 150 COOL CRACK T-SHIRT f\u00fcr Herren kombiniert zwei Naturfasern mit den besten Eigenschaften f\u00fcr die l\u00e4ngsten Tage am Fels.<\/p>\n<p>Die weiche Merinowolle reguliert Temperatur und Feuchtigkeit, w\u00e4hrend die nachhaltig hergestellte Zellulosefaser TENCEL\u2122 Lyocell dank ihrer glatten Oberfl\u00e4che und der daraus resultierenden Verdunstung bei Hitze k\u00fchlen kann. Diese beiden nachwachsenden Rohstoffe werden mit der BETASPUN-Technologie kombiniert. Polyamidfasern werden gro\u00dfz\u00fcgig um einen Kern aus Merinowolle und Tencel\u2122 Lyocell gewickelt, was das Gewebe besonders robust und abriebfest macht.  <\/p>\n<p>Von der Natur inspiriert, f\u00fcr den Bergsport gemacht.<\/p>\n<\/div>\n<div id=\"pds__accordion-material-properties-heading\" class=\"mb-4 mb-md-35\">\n<h3 class=\"pds__accordion-headline p-relative cursor-pointer p-0 m-0\"><span class=\"d-block p-0 accordion js-accordion-custom-toggle js-accordion-custom-toggle--hide-on-collapse\" tabindex=\"0\" role=\"button\" data-collapse=\"false\" data-target=\"#pds__accordion-material-properties-wrapper\" data-multitarget-disabled-mobile=\"\" aria-expanded=\"true\" aria-controls=\"pds__accordion-material-properties-wrapper\"><span class=\"d-flex justify-content-between align-items-center\"><span class=\"word-break-word\">Materialeigenschaften<\/span><i class=\"accordion__icon pds__accordion-icon icon\"><\/i><\/span><\/span><\/h3>\n<\/div>\n<div class=\"pds__accordion-wrapper\">\n<div id=\"pds__accordion-material-properties-wrapper\" class=\"pds__accordion-material-properties-multi-target collapse show\" data-partial-multi-target=\"true\" data-parent=\"#pds__accordion-material-properties\">\n<div class=\"pb-4\">\n<div class=\"overflow-hidden\">\n<div class=\"wysiwyg\">\n<ul>\n<li>150 MERINO COOL: Langlebig, BETASPUN TECHNOLOGIE BY \u00a9 S\u00dcDWOLLE GROUP: robusteres und rei\u00dffesteres Material, TENCEL\u2122 Lyocell Fasern: nat\u00fcrliches Trockenheitsgef\u00fchl dank Feuchtigkeitsregulierung<\/li>\n<\/ul>\n<p>44 % Schurwolle (MERINO OWP) + 43 % Lyocell (TENCEL\u2122) + 13 % Polyamid<\/p>\n<\/div>\n<\/div>\n<\/div>\n<\/div>\n<\/div>\n<\/div>\n<\/div>\n<\/div>\n<\/div>\n<\/div>\n<\/div>\n<\/div>\n","protected":false},"excerpt":{"rendered":"<p>Robustes und erfrischendes Shirt mit Merinowolle f\u00fcr Tage am Fels Robust und erfrischend bei jeder Bewegung: Das 150 COOL CRACK<\/p>\n","protected":false},"featured_media":655316,"template":"","meta":{"_seopress_robots_primary_cat":"none","_seopress_titles_title":"","_seopress_titles_desc":"","_seopress_robots_index":""},"product_brand":[3663],"product_cat":[974,975,82],"product_tag":[],"class_list":{"0":"post-656677","1":"product","2":"type-product","3":"status-publish","4":"has-post-thumbnail","6":"product_brand-ortovox-de","7":"product_cat-freizeitkleidung","8":"product_cat-herrenbekleidung","9":"product_cat-kleidung","10":"sws-gruppo-abb-libero-de","11":"sws-conto-ricavi-merci-rivendita-abbigliamento-de","12":"sws-gruppo-iva-iva81-de","14":"first","15":"instock","16":"sale","17":"shipping-taxable","18":"purchasable","19":"product-type-variable","20":"has-default-attributes"},"_links":{"self":[{"href":"https:\/\/lucacastelli.com\/de\/wp-json\/wp\/v2\/product\/656677","targetHints":{"allow":["GET"]}}],"collection":[{"href":"https:\/\/lucacastelli.com\/de\/wp-json\/wp\/v2\/product"}],"about":[{"href":"https:\/\/lucacastelli.com\/de\/wp-json\/wp\/v2\/types\/product"}],"wp:featuredmedia":[{"embeddable":true,"href":"https:\/\/lucacastelli.com\/de\/wp-json\/wp\/v2\/media\/655316"}],"wp:attachment":[{"href":"https:\/\/lucacastelli.com\/de\/wp-json\/wp\/v2\/media?parent=656677"}],"wp:term":[{"taxonomy":"product_brand","embeddable":true,"href":"https:\/\/lucacastelli.com\/de\/wp-json\/wp\/v2\/product_brand?post=656677"},{"taxonomy":"product_cat","embeddable":true,"href":"https:\/\/lucacastelli.com\/de\/wp-json\/wp\/v2\/product_cat?post=656677"},{"taxonomy":"product_tag","embeddable":true,"href":"https:\/\/lucacastelli.com\/de\/wp-json\/wp\/v2\/product_tag?post=656677"}],"curies":[{"name":"wp","href":"https:\/\/api.w.org\/{rel}","templated":true}]}}