{"id":645758,"date":"2025-11-19T15:33:48","date_gmt":"2025-11-19T14:33:48","guid":{"rendered":"https:\/\/lucacastelli.com\/?post_type=product&#038;p=645758"},"modified":"2026-04-14T00:09:55","modified_gmt":"2026-04-13T22:09:55","slug":"pfanner-ventilation-leuchtend-orange-schutzhose-en-20471-copia","status":"publish","type":"product","link":"https:\/\/lucacastelli.com\/de\/produkt\/pfanner-ventilation-leuchtend-orange-schutzhose-en-20471-copia\/","title":{"rendered":"PFANNER Ventilation Schnittschutzhose leuchtorange EN 20471"},"content":{"rendered":"<p>Die Ventilation Schnittschutzhose in Leuchtorange mit Reflexstreifen nach EN 20471 ist perfekt f\u00fcr Einsatzbereiche, in denen erh\u00f6hte Sichtbarkeit erforderlich ist. Die hohe Qualit\u00e4t des Dyneema-Schnittschutzes garantiert die Sicherheit des Tr\u00e4gers. Gladiator\u00ae-Au\u00dfenmaterial f\u00fcr h\u00f6chste Rei\u00dffestigkeit im Frontbereich. H\u00f6chster Tragekomfort wird durch die KlimaAIR\u00ae- und StretchAIR\u00ae-Technologien gew\u00e4hrleistet.   <\/p>\n<ul>\n<li>Leuchtorange mit Reflexstreifen nach EN 20471<\/li>\n<li>KlimaAIR\u00ae-Technologie<\/li>\n<li>StretchAIR\u00ae-Technologie<\/li>\n<li>Dyneema-Schnittschutz Klasse 1 und Warnschutz Klasse 2<\/li>\n<li>Abnehmbare Gamaschen<\/li>\n<li>Gladiator\u00ae-Material im Frontbereich<\/li>\n<li>Vorgeformte Knieverst\u00e4rkung<\/li>\n<\/ul>\n<p><b>Material:<\/b><\/p>\n<p>Au\u00dfenmaterial: 100 % PES<\/p>\n<p>Stretchmaterial: 83 % EME-Lycra, 17 % PES T-400<\/p>\n<p>Futter: 100 % Cocona PES<\/p>\n<p>Schnittschutz: Dyneema<\/p>\n<p>&nbsp;<\/p>\n<p><b><strong>Gr\u00f6\u00dfen:<\/strong><\/b><\/p>\n<p>XXS \u2013 XL, \u00dcG: XXL \u2013 3XL<\/p>\n<p>\u00dcbergr\u00f6\u00dfen + 10 % \u2013 15 % Aufpreis<\/p>\n<p>R = Regular (normal) | S = Short (kurz) | L = Long (lang)<\/p>\n","protected":false},"excerpt":{"rendered":"<p>Die Ventilation Schnittschutzhose in Leuchtorange mit Reflexstreifen nach EN 20471 ist perfekt f\u00fcr Einsatzbereiche, in denen erh\u00f6hte Sichtbarkeit erforderlich ist.<\/p>\n","protected":false},"featured_media":645867,"template":"","meta":{"_seopress_robots_primary_cat":"none","_seopress_titles_title":"","_seopress_titles_desc":"","_seopress_robots_index":""},"product_brand":[3670],"product_cat":[1382,82],"product_tag":[],"class_list":{"0":"post-645758","1":"product","2":"type-product","3":"status-publish","4":"has-post-thumbnail","6":"product_brand-pfanner-de","7":"product_cat-arbeitskleidung","8":"product_cat-kleidung","9":"sws-gruppo-no-gruppo-de","10":"sws-conto-ricavi-merci-rivendita-abbigliamento-de","11":"sws-gruppo-iva-iva81-de","13":"first","14":"instock","15":"shipping-taxable","16":"purchasable","17":"product-type-variable","18":"has-default-attributes"},"_links":{"self":[{"href":"https:\/\/lucacastelli.com\/de\/wp-json\/wp\/v2\/product\/645758","targetHints":{"allow":["GET"]}}],"collection":[{"href":"https:\/\/lucacastelli.com\/de\/wp-json\/wp\/v2\/product"}],"about":[{"href":"https:\/\/lucacastelli.com\/de\/wp-json\/wp\/v2\/types\/product"}],"wp:featuredmedia":[{"embeddable":true,"href":"https:\/\/lucacastelli.com\/de\/wp-json\/wp\/v2\/media\/645867"}],"wp:attachment":[{"href":"https:\/\/lucacastelli.com\/de\/wp-json\/wp\/v2\/media?parent=645758"}],"wp:term":[{"taxonomy":"product_brand","embeddable":true,"href":"https:\/\/lucacastelli.com\/de\/wp-json\/wp\/v2\/product_brand?post=645758"},{"taxonomy":"product_cat","embeddable":true,"href":"https:\/\/lucacastelli.com\/de\/wp-json\/wp\/v2\/product_cat?post=645758"},{"taxonomy":"product_tag","embeddable":true,"href":"https:\/\/lucacastelli.com\/de\/wp-json\/wp\/v2\/product_tag?post=645758"}],"curies":[{"name":"wp","href":"https:\/\/api.w.org\/{rel}","templated":true}]}}