{"id":645091,"date":"2025-11-18T20:12:25","date_gmt":"2025-11-18T19:12:25","guid":{"rendered":"https:\/\/lucacastelli.com\/?post_type=product&#038;p=645091"},"modified":"2026-04-14T00:10:03","modified_gmt":"2026-04-13T22:10:03","slug":"protos-inuit-jacke-fur-frauen-copia","status":"publish","type":"product","link":"https:\/\/lucacastelli.com\/de\/produkt\/protos-inuit-jacke-fur-frauen-copia\/","title":{"rendered":"Protos\u00ae Inuit Jacke Damen"},"content":{"rendered":"<p>Die Aussenseite der PROTOS\u00ae Inuit Women Jacke ist glatt gestrickt und somit gut vor Schmutz und Feuchtigkeit gesch\u00fctzt. Die Innenseite besteht aus weichem Flanell. Die modisch geschnittene PROTOS\u00ae Inuit Damenjacke ist mit wasserabweisenden Verst\u00e4rkungen an den Schultern, verst\u00e4rkten Ellbogen und einem angenehmen Innenfutter f\u00fcr einen komfortablen Sitz ausgestattet. Der Kragen und der verl\u00e4ngerte Nierenschutz sch\u00fctzen vor K\u00e4lte, w\u00e4hrend 3CON\u00ae Reflex f\u00fcr bessere Sichtbarkeit sorgt.<br \/>\n-Robustes, schmutzabweisendes Strickgewebe<br \/>\n-Weicher Flanell auf der Haut<br \/>\n&#8211; Wasserabweisende Verst\u00e4rkungen an den Schultern<br \/>\n&#8211; Abriebfeste Verst\u00e4rkungen an den Ellbogen<br \/>\n&#8211; Reflektierendes 3CON\u00ae am verl\u00e4ngerten R\u00fcckenteil<br \/>\n&#8211; Hoher Kragen und verl\u00e4ngertes R\u00fcckenteil<br \/>\n&#8211; Extra tiefe Innentasche<br \/>\n&#8211; Seitlicher Reissverschluss f\u00fcr flexible und funktionale Passform   <\/p>\n<p>Material: 100 % Polyester<\/p>\n","protected":false},"excerpt":{"rendered":"<p>Die Aussenseite der PROTOS\u00ae Inuit Women Jacke ist glatt gestrickt und somit gut vor Schmutz und Feuchtigkeit gesch\u00fctzt. Die Innenseite<\/p>\n","protected":false},"featured_media":645115,"template":"","meta":{"_seopress_robots_primary_cat":"none","_seopress_titles_title":"","_seopress_titles_desc":"","_seopress_robots_index":""},"product_brand":[3458,4381],"product_cat":[21,284,189,200],"product_tag":[],"class_list":{"0":"post-645091","1":"product","2":"type-product","3":"status-publish","4":"has-post-thumbnail","6":"product_brand-pfanner","7":"product_brand-protos","8":"product_cat-abbigliamento","9":"product_cat-abbigliamento-da-lavoro","10":"product_cat-abbigliamento-per-il-tempo-libero","11":"product_cat-abbigliamento-da-donna","12":"sws-gruppo-no-gruppo-de","13":"sws-conto-ricavi-merci-rivendita-abbigliamento-de","14":"sws-gruppo-iva-iva81-de","16":"first","17":"instock","18":"shipping-taxable","19":"purchasable","20":"product-type-variable","21":"has-default-attributes"},"_links":{"self":[{"href":"https:\/\/lucacastelli.com\/de\/wp-json\/wp\/v2\/product\/645091","targetHints":{"allow":["GET"]}}],"collection":[{"href":"https:\/\/lucacastelli.com\/de\/wp-json\/wp\/v2\/product"}],"about":[{"href":"https:\/\/lucacastelli.com\/de\/wp-json\/wp\/v2\/types\/product"}],"wp:featuredmedia":[{"embeddable":true,"href":"https:\/\/lucacastelli.com\/de\/wp-json\/wp\/v2\/media\/645115"}],"wp:attachment":[{"href":"https:\/\/lucacastelli.com\/de\/wp-json\/wp\/v2\/media?parent=645091"}],"wp:term":[{"taxonomy":"product_brand","embeddable":true,"href":"https:\/\/lucacastelli.com\/de\/wp-json\/wp\/v2\/product_brand?post=645091"},{"taxonomy":"product_cat","embeddable":true,"href":"https:\/\/lucacastelli.com\/de\/wp-json\/wp\/v2\/product_cat?post=645091"},{"taxonomy":"product_tag","embeddable":true,"href":"https:\/\/lucacastelli.com\/de\/wp-json\/wp\/v2\/product_tag?post=645091"}],"curies":[{"name":"wp","href":"https:\/\/api.w.org\/{rel}","templated":true}]}}