{"id":644690,"date":"2025-11-17T13:58:29","date_gmt":"2025-11-17T12:58:29","guid":{"rendered":"https:\/\/lucacastelli.com\/prodotto\/zusaetzliches-saegewerk-alaskan-mk-iv-24-60-cm\/"},"modified":"2025-11-17T13:58:29","modified_gmt":"2025-11-17T12:58:29","slug":"zusaetzliches-saegewerk-alaskan-mk-iv-24-60-cm","status":"publish","type":"product","link":"https:\/\/lucacastelli.com\/de\/produkt\/zusaetzliches-saegewerk-alaskan-mk-iv-24-60-cm\/","title":{"rendered":"Zus\u00e4tzliches S\u00e4gewerk Alaskan MK IV 24&#8243;\/60 cm"},"content":{"rendered":"<p>Zus\u00e4tzliches S\u00e4gewerk \u2013 Modell Alaskan MK IV 24&#8243;\/60 cm. Maximale Schnittbreite ca. 57 cm. Ohne Kettens\u00e4ge.  <\/p>\n<p>Das zus\u00e4tzliche S\u00e4gewerk Alaskan MK IV verwandelt jede Kettens\u00e4ge (ab ca. 2,2 kW) durch einfache Montage in ein kleines mobiles S\u00e4gewerk.<\/p>\n<p>Das Ger\u00e4t wird mittels Klemmbacken an der vorhandenen Kettens\u00e4genf\u00fchrung befestigt, sodass keine spezielle F\u00fchrung erforderlich ist.<br \/>\nDie Verwendung einer L\u00e4ngsschnittkette wird empfohlen, da sie einen schnelleren und leiseren Betrieb gew\u00e4hrleistet.<br \/>\nMit der zus\u00e4tzlichen S\u00e4ge erh\u00e4lt man pr\u00e4zise geschnittene Bretter und Bohlen in St\u00e4rken von 1,5 bis 30 cm f\u00fcr den Bau von H\u00fctten, Parkb\u00e4nken usw.<br \/>\nDer maximale Durchmesser des zu bearbeitenden Stammes betr\u00e4gt in der Grundversion ca. 57 cm (bei Verwendung einer 75 cm Schneidausr\u00fcstung).<br \/>\nF\u00fcr Kettens\u00e4gen ab 2,2 kW (3 DIN-PS) &#8211; f\u00fcr je 10 cm Durchmesser empfehlen wir eine Leistung von ca. 1 PS<br \/>\nZollgewinde f\u00fcr die installierten Schrauben und Muttern<br \/>\nGewicht 6 kg<\/p>\n<p>Lieferung ohne Kettens\u00e4ge!<\/p>\n","protected":false},"excerpt":{"rendered":"<p>Zus\u00e4tzliches S\u00e4gewerk \u2013 Modell Alaskan MK IV 24&#8243;\/60 cm. Maximale Schnittbreite ca. 57 cm. Ohne Kettens\u00e4ge. Das zus\u00e4tzliche S\u00e4gewerk Alaskan<\/p>\n","protected":false},"featured_media":644082,"template":"","meta":{"_seopress_robots_primary_cat":"none","_seopress_titles_title":"","_seopress_titles_desc":"","_seopress_robots_index":""},"product_brand":[6464],"product_cat":[1612,169,1616,1613],"product_tag":[],"class_list":{"0":"post-644690","1":"product","2":"type-product","3":"status-publish","4":"has-post-thumbnail","6":"product_brand-granberg","7":"product_cat-kettensagen","8":"product_cat-maschinen","9":"product_cat-motor-kettensagen","10":"product_cat-zubehor-und-verbrauchsmaterial-de-4","11":"sws-gruppo-macchinari-de","12":"sws-conto-ricavi-merci-rivendita-macchinari-de","13":"sws-gruppo-iva-iva81-de","15":"first","16":"instock","17":"shipping-taxable","18":"purchasable","19":"product-type-simple"},"_links":{"self":[{"href":"https:\/\/lucacastelli.com\/de\/wp-json\/wp\/v2\/product\/644690","targetHints":{"allow":["GET"]}}],"collection":[{"href":"https:\/\/lucacastelli.com\/de\/wp-json\/wp\/v2\/product"}],"about":[{"href":"https:\/\/lucacastelli.com\/de\/wp-json\/wp\/v2\/types\/product"}],"wp:featuredmedia":[{"embeddable":true,"href":"https:\/\/lucacastelli.com\/de\/wp-json\/wp\/v2\/media\/644082"}],"wp:attachment":[{"href":"https:\/\/lucacastelli.com\/de\/wp-json\/wp\/v2\/media?parent=644690"}],"wp:term":[{"taxonomy":"product_brand","embeddable":true,"href":"https:\/\/lucacastelli.com\/de\/wp-json\/wp\/v2\/product_brand?post=644690"},{"taxonomy":"product_cat","embeddable":true,"href":"https:\/\/lucacastelli.com\/de\/wp-json\/wp\/v2\/product_cat?post=644690"},{"taxonomy":"product_tag","embeddable":true,"href":"https:\/\/lucacastelli.com\/de\/wp-json\/wp\/v2\/product_tag?post=644690"}],"curies":[{"name":"wp","href":"https:\/\/api.w.org\/{rel}","templated":true}]}}