{"id":642466,"date":"2025-10-31T14:44:25","date_gmt":"2025-10-31T13:44:25","guid":{"rendered":"https:\/\/lucacastelli.com\/prodotto\/helly-hansen-pinehurst-leather\/"},"modified":"2026-04-01T01:51:47","modified_gmt":"2026-03-31T23:51:47","slug":"helly-hansen-pinehurst-leather","status":"publish","type":"product","link":"https:\/\/lucacastelli.com\/de\/produkt\/helly-hansen-pinehurst-leather\/","title":{"rendered":"HELLY HANSEN PINEHURST LEATHER"},"content":{"rendered":"<p>Klassische wasserdichte Lederstiefel f\u00fcr die Stadt mit exzellenter Traktion<\/p>\n<p>Der Pinehurst Leather ist ein vollst\u00e4ndig wasserdichtes Modell mit hochwertigem wasserdichtem Leder und einem bequemen gepolsterten Schaft. Die Zwischensohle bietet reichlich Komfort und D\u00e4mpfung, w\u00e4hrend die Max-Grip HH Gummikapseln beste Traktion auf allen Oberfl\u00e4chen gew\u00e4hrleisten. <\/p>\n<p>Materialzusammensetzung: Obermaterial: 100% Leder<br \/>\nObermaterial 2: 70% Polyurethan, 30% Polyester<br \/>\nFutter: 100% Polyester<br \/>\nInnensohle: 100% EVA<br \/>\nAu\u00dfensohle: 100% Gummi<\/p>\n<p>Gewicht: 640g<\/p>\n","protected":false},"excerpt":{"rendered":"<p>Klassische wasserdichte Lederstiefel f\u00fcr die Stadt mit exzellenter Traktion Der Pinehurst Leather ist ein vollst\u00e4ndig wasserdichtes Modell mit hochwertigem wasserdichtem<\/p>\n","protected":false},"featured_media":642470,"template":"","meta":{"_seopress_robots_primary_cat":"none","_seopress_titles_title":"","_seopress_titles_desc":"","_seopress_robots_index":""},"product_brand":[3645],"product_cat":[1419,1431,175],"product_tag":[],"class_list":{"0":"post-642466","1":"product","2":"type-product","3":"status-publish","4":"has-post-thumbnail","6":"product_brand-helly-hansen-de","7":"product_cat-freizeitschuhe","8":"product_cat-herrenschuhe","9":"product_cat-schuhe","11":"first","12":"instock","13":"sale","14":"shipping-taxable","15":"purchasable","16":"product-type-variable"},"_links":{"self":[{"href":"https:\/\/lucacastelli.com\/de\/wp-json\/wp\/v2\/product\/642466","targetHints":{"allow":["GET"]}}],"collection":[{"href":"https:\/\/lucacastelli.com\/de\/wp-json\/wp\/v2\/product"}],"about":[{"href":"https:\/\/lucacastelli.com\/de\/wp-json\/wp\/v2\/types\/product"}],"wp:featuredmedia":[{"embeddable":true,"href":"https:\/\/lucacastelli.com\/de\/wp-json\/wp\/v2\/media\/642470"}],"wp:attachment":[{"href":"https:\/\/lucacastelli.com\/de\/wp-json\/wp\/v2\/media?parent=642466"}],"wp:term":[{"taxonomy":"product_brand","embeddable":true,"href":"https:\/\/lucacastelli.com\/de\/wp-json\/wp\/v2\/product_brand?post=642466"},{"taxonomy":"product_cat","embeddable":true,"href":"https:\/\/lucacastelli.com\/de\/wp-json\/wp\/v2\/product_cat?post=642466"},{"taxonomy":"product_tag","embeddable":true,"href":"https:\/\/lucacastelli.com\/de\/wp-json\/wp\/v2\/product_tag?post=642466"}],"curies":[{"name":"wp","href":"https:\/\/api.w.org\/{rel}","templated":true}]}}