{"id":642455,"date":"2025-11-04T15:58:55","date_gmt":"2025-11-04T14:58:55","guid":{"rendered":"https:\/\/lucacastelli.com\/prodotto\/camp-rampone-alpinist-auto-semi-aut-2448c\/"},"modified":"2025-11-04T15:58:55","modified_gmt":"2025-11-04T14:58:55","slug":"camp-rampone-alpinist-auto-semi-aut-2448c","status":"publish","type":"product","link":"https:\/\/lucacastelli.com\/de\/produkt\/camp-rampone-alpinist-auto-semi-aut-2448c\/","title":{"rendered":"CAMP \u2013 RAMPONE ALPINIST AUTO\/SEMI-AUT 2448C"},"content":{"rendered":"<div class=\"woocommerce-tabs wc-tabs-wrapper\">\n<div id=\"tab-description\" class=\"woocommerce-Tabs-panel woocommerce-Tabs-panel--description panel entry-content wc-tab\" role=\"tabpanel\" aria-labelledby=\"tab-title-description\">\n<p>\u2022 Horizontale Frontzacken<br \/>\n\u2022 M\u00f6glichkeit, dank des im Lieferumfang enthaltenen Hakens Code 2453 von der automatischen zur halbautomatischen Bindung zu wechseln, f\u00fcr maximale Vielseitigkeit<br \/>\n\u2022 Asymmetrisches Design, das der Form der Sohle getreu folgt<br \/>\n\u2022 In die Ferse integrierte Regulierungsstange, die die Steifigkeit des Steigeisens gew\u00e4hrleistet und dem Profil des Schuhs folgt<br \/>\n\u2022 Regulierungssystem mit doppelreihiger Lochstange und hinterem Hebel mit 3 Positionen<br \/>\n\u2022 Integrierter Antibott mit aktiver Wirkung<br \/>\n\u2022 Verstellbare Tasche im Lieferumfang, mit B\u00e4ndern zur externen Befestigung am Rucksack und Tasche f\u00fcr Zubeh\u00f6r<\/p>\n<p>Klassischer Bergsteiger-Steigeisen, ideal f\u00fcr alle Aufstiege auf Schnee, auch vereiste Rinnen und einfachere Mixedrouten. Die innovative Konstruktion aus nur 2 Teilen aus Nickel-Chrom-Molybd\u00e4n-Stahl, mit Vorderplattform und Ferse, die sich ohne die klassische gelenkige Verbindungsstange durchdringen, garantiert eine beispiellose axiale Steifigkeit. Auf diese Weise wird der Alpinist nach der Einstellung praktisch zu einem einzigen St\u00fcck, das der Kletterer als integralen Bestandteil des Schuhwerks empfindet. Die in die Ferse integrierte Verbindungsstange ist durch eine doppelte Lochreihe charakterisiert, die zusammen mit dem hinteren Hebel mit 3 Positionen eine \u00e4u\u00dferst pr\u00e4zise, stabile und sichere Regulierung des Ger\u00e4ts erm\u00f6glicht. Der robuste Antibott gew\u00e4hrleistet dank seines Designs und der elastischen R\u00fcckstellung des Materials eine effektive Schneeevakuierung. Die mitgelieferte Tasche, die je nach L\u00e4nge der eingestellten Steigeisen anpassbar ist, erm\u00f6glicht den Transport au\u00dferhalb des Rucksacks mittels B\u00e4ndern.     <\/p>\n<\/div>\n<\/div>\n<p>Linie: Unisex<\/p>\n","protected":false},"excerpt":{"rendered":"<p>\u2022 Horizontale Frontzacken \u2022 M\u00f6glichkeit, dank des im Lieferumfang enthaltenen Hakens Code 2453 von der automatischen zur halbautomatischen Bindung zu<\/p>\n","protected":false},"featured_media":642464,"template":"","meta":{"_seopress_robots_primary_cat":"","_seopress_titles_title":"","_seopress_titles_desc":"","_seopress_robots_index":""},"product_brand":[4938],"product_cat":[28,228,568,575,569],"product_tag":[],"class_list":{"0":"post-642455","1":"product","2":"type-product","3":"status-publish","4":"has-post-thumbnail","6":"product_brand-camp","7":"product_cat-calzature","8":"product_cat-accessori-per-le-calzature","9":"product_cat-calzature-per-il-tempo-libero","10":"product_cat-calzature-da-donna","11":"product_cat-calzature-da-uomo","12":"sws-gruppo-abb-libero-de","13":"sws-conto-ricavi-merci-rivendita-abbigliamento-de","14":"sws-gruppo-iva-iva81-de","16":"first","17":"instock","18":"sale","19":"shipping-taxable","20":"purchasable","21":"product-type-simple"},"_links":{"self":[{"href":"https:\/\/lucacastelli.com\/de\/wp-json\/wp\/v2\/product\/642455","targetHints":{"allow":["GET"]}}],"collection":[{"href":"https:\/\/lucacastelli.com\/de\/wp-json\/wp\/v2\/product"}],"about":[{"href":"https:\/\/lucacastelli.com\/de\/wp-json\/wp\/v2\/types\/product"}],"wp:featuredmedia":[{"embeddable":true,"href":"https:\/\/lucacastelli.com\/de\/wp-json\/wp\/v2\/media\/642464"}],"wp:attachment":[{"href":"https:\/\/lucacastelli.com\/de\/wp-json\/wp\/v2\/media?parent=642455"}],"wp:term":[{"taxonomy":"product_brand","embeddable":true,"href":"https:\/\/lucacastelli.com\/de\/wp-json\/wp\/v2\/product_brand?post=642455"},{"taxonomy":"product_cat","embeddable":true,"href":"https:\/\/lucacastelli.com\/de\/wp-json\/wp\/v2\/product_cat?post=642455"},{"taxonomy":"product_tag","embeddable":true,"href":"https:\/\/lucacastelli.com\/de\/wp-json\/wp\/v2\/product_tag?post=642455"}],"curies":[{"name":"wp","href":"https:\/\/api.w.org\/{rel}","templated":true}]}}