{"id":642440,"date":"2025-11-03T14:30:42","date_gmt":"2025-11-03T13:30:42","guid":{"rendered":"https:\/\/lucacastelli.com\/prodotto\/crazy-pull-wonder-magic\/"},"modified":"2026-04-01T01:51:33","modified_gmt":"2026-03-31T23:51:33","slug":"crazy-pull-wonder-magic","status":"publish","type":"product","link":"https:\/\/lucacastelli.com\/de\/produkt\/crazy-pull-wonder-magic\/","title":{"rendered":"CRAZY PULL WONDER MAGIC"},"content":{"rendered":"<p>Der Pull Wonder Magic ist ein einzigartiges Produkt in der Outdoor-Welt, eine wahre Ikone der Farbe und Fantasie dank der Kombination aus einem unglaublich weichen technischen Gewebe mit einer au\u00dfergew\u00f6hnlichen Auswahl an Drucken und Farben.<br \/>\nDas Modell zeichnet sich durch eine Seitenpartie aus einem leichteren und atmungsaktiveren technischen Gewebe aus, um die technischen Eigenschaften zu verbessern und eine femininere und optisch ma\u00dfgeschneiderte Passform zu bieten.<br \/>\nDer Pull Wonder Magic wurde f\u00fcr Outdoor-Aktivit\u00e4ten mit geringer Intensit\u00e4t entwickelt und ist perfekt f\u00fcr die t\u00e4glichen Komfortbed\u00fcrfnisse (und den Stil).<\/p>\n<p>\u2022 Seitenteile mit geklebtem Saum<br \/>\n\u2022 Vollst\u00e4ndig trennbarer Frontrei\u00dfverschluss<br \/>\n\u2022 Eingrifftaschen mit Rei\u00dfverschluss<\/p>\n<p>GEWICHT: 250 gr<\/p>\n","protected":false},"excerpt":{"rendered":"<p>Der Pull Wonder Magic ist ein einzigartiges Produkt in der Outdoor-Welt, eine wahre Ikone der Farbe und Fantasie dank der<\/p>\n","protected":false},"featured_media":642448,"template":"","meta":{"_seopress_robots_primary_cat":"none","_seopress_titles_title":"","_seopress_titles_desc":"","_seopress_robots_index":""},"product_brand":[3413],"product_cat":[21,189,200],"product_tag":[],"class_list":{"0":"post-642440","1":"product","2":"type-product","3":"status-publish","4":"has-post-thumbnail","6":"product_brand-crazy","7":"product_cat-abbigliamento","8":"product_cat-abbigliamento-per-il-tempo-libero","9":"product_cat-abbigliamento-da-donna","10":"sws-gruppo-abb-libero-de","11":"sws-conto-ricavi-merci-rivendita-abbigliamento-de","12":"sws-gruppo-iva-iva81-de","14":"first","15":"instock","16":"sale","17":"shipping-taxable","18":"purchasable","19":"product-type-variable","20":"has-default-attributes"},"_links":{"self":[{"href":"https:\/\/lucacastelli.com\/de\/wp-json\/wp\/v2\/product\/642440","targetHints":{"allow":["GET"]}}],"collection":[{"href":"https:\/\/lucacastelli.com\/de\/wp-json\/wp\/v2\/product"}],"about":[{"href":"https:\/\/lucacastelli.com\/de\/wp-json\/wp\/v2\/types\/product"}],"wp:featuredmedia":[{"embeddable":true,"href":"https:\/\/lucacastelli.com\/de\/wp-json\/wp\/v2\/media\/642448"}],"wp:attachment":[{"href":"https:\/\/lucacastelli.com\/de\/wp-json\/wp\/v2\/media?parent=642440"}],"wp:term":[{"taxonomy":"product_brand","embeddable":true,"href":"https:\/\/lucacastelli.com\/de\/wp-json\/wp\/v2\/product_brand?post=642440"},{"taxonomy":"product_cat","embeddable":true,"href":"https:\/\/lucacastelli.com\/de\/wp-json\/wp\/v2\/product_cat?post=642440"},{"taxonomy":"product_tag","embeddable":true,"href":"https:\/\/lucacastelli.com\/de\/wp-json\/wp\/v2\/product_tag?post=642440"}],"curies":[{"name":"wp","href":"https:\/\/api.w.org\/{rel}","templated":true}]}}