{"id":642439,"date":"2025-10-31T14:28:13","date_gmt":"2025-10-31T13:28:13","guid":{"rendered":"https:\/\/lucacastelli.com\/prodotto\/helly-hansen-w-alma\/"},"modified":"2026-01-31T00:02:45","modified_gmt":"2026-01-30T23:02:45","slug":"helly-hansen-w-alma","status":"publish","type":"product","link":"https:\/\/lucacastelli.com\/de\/produkt\/helly-hansen-w-alma\/","title":{"rendered":"HELLY HANSEN W ALMA"},"content":{"rendered":"<p>Weich, flauschig, modern, aber mit maximalem Schutz vor Witterungseinfl\u00fcssen. Der Alma Damenschuh verf\u00fcgt \u00fcber hochwertiges wasserdichtes Wildleder und ein synthetisches Shearling-Futter f\u00fcr extra Komfort und W\u00e4rme. Dank exklusiver Details wie Schn\u00fcrsenkel mit Pompons hebt er sich als das bezauberndste Modell f\u00fcr diese Wintersaison hervor.  <\/p>\n<p>Materialzusammensetzung: Obermaterial (FWR): 100% Leder<br \/>\nFutter: 100% Polyester<br \/>\nFutter 2: 100% Polyester<br \/>\nFutter 3 (FWR): 100% Polyester<br \/>\nInnensohle (FWR): 100% EVA<br \/>\nAu\u00dfensohle (FWR): 100% Gummi<\/p>\n<p>Gewicht: 900g<\/p>\n","protected":false},"excerpt":{"rendered":"<p>Weich, flauschig, modern, aber mit maximalem Schutz vor Witterungseinfl\u00fcssen. Der Alma Damenschuh verf\u00fcgt \u00fcber hochwertiges wasserdichtes Wildleder und ein synthetisches<\/p>\n","protected":false},"featured_media":639857,"template":"","meta":{"_seopress_robots_primary_cat":"none","_seopress_titles_title":"","_seopress_titles_desc":"","_seopress_robots_index":""},"product_brand":[3425],"product_cat":[28,568,575],"product_tag":[],"class_list":{"0":"post-642439","1":"product","2":"type-product","3":"status-publish","4":"has-post-thumbnail","6":"product_brand-helly-hansen","7":"product_cat-calzature","8":"product_cat-calzature-per-il-tempo-libero","9":"product_cat-calzature-da-donna","11":"first","12":"instock","13":"sale","14":"shipping-taxable","15":"purchasable","16":"product-type-variable","17":"has-default-attributes"},"_links":{"self":[{"href":"https:\/\/lucacastelli.com\/de\/wp-json\/wp\/v2\/product\/642439","targetHints":{"allow":["GET"]}}],"collection":[{"href":"https:\/\/lucacastelli.com\/de\/wp-json\/wp\/v2\/product"}],"about":[{"href":"https:\/\/lucacastelli.com\/de\/wp-json\/wp\/v2\/types\/product"}],"wp:featuredmedia":[{"embeddable":true,"href":"https:\/\/lucacastelli.com\/de\/wp-json\/wp\/v2\/media\/639857"}],"wp:attachment":[{"href":"https:\/\/lucacastelli.com\/de\/wp-json\/wp\/v2\/media?parent=642439"}],"wp:term":[{"taxonomy":"product_brand","embeddable":true,"href":"https:\/\/lucacastelli.com\/de\/wp-json\/wp\/v2\/product_brand?post=642439"},{"taxonomy":"product_cat","embeddable":true,"href":"https:\/\/lucacastelli.com\/de\/wp-json\/wp\/v2\/product_cat?post=642439"},{"taxonomy":"product_tag","embeddable":true,"href":"https:\/\/lucacastelli.com\/de\/wp-json\/wp\/v2\/product_tag?post=642439"}],"curies":[{"name":"wp","href":"https:\/\/api.w.org\/{rel}","templated":true}]}}