{"id":642421,"date":"2025-11-11T14:19:27","date_gmt":"2025-11-11T13:19:27","guid":{"rendered":"https:\/\/lucacastelli.com\/prodotto\/stihl-bga-86-mit-2-akkus-ap-20-und-ladegeraet-al-101\/"},"modified":"2025-11-11T14:19:27","modified_gmt":"2025-11-11T13:19:27","slug":"stihl-bga-86-mit-2-akkus-ap-20-und-ladegeraet-al-101","status":"publish","type":"product","link":"https:\/\/lucacastelli.com\/de\/produkt\/stihl-bga-86-mit-2-akkus-ap-20-und-ladegeraet-al-101\/","title":{"rendered":"STIHL BGA 86 mit 2 Akkus AP 20 und Ladeger\u00e4t AL 101"},"content":{"rendered":"<h2 class=\"product-details__title\">Leistungsstarkes Akku-Blasger\u00e4t<\/h2>\n<div class=\"product-details__description richtexteditor\">\n<p>Das Akku-Blasger\u00e4t STIHL BGA 86 ist ein sehr leistungsstarkes Akku-Blasger\u00e4t f\u00fcr professionelle Anwendungen mit hoher Blasleistung und geringem Gewicht. Das Blasger\u00e4t wiegt 2,8 kg (ohne Akku) und ist sehr leise, sodass Sie es auch in l\u00e4rmsensiblen Bereichen wie Krankenhausg\u00e4rten, Kinderg\u00e4rten oder Wohngebieten einsetzen k\u00f6nnen, um Laub, Gr\u00fcnschnitt und Schmutz zu entfernen. Das STIHL BGA 86 Blasger\u00e4t wird mit Akkus aus dem <strong>STIHL AP-System<\/strong> betrieben. Dank des multifunktionalen Einhandgriffs haben Sie alle Bedienelemente in Reichweite und k\u00f6nnen das Ger\u00e4t sowohl mit der rechten als auch mit der linken Hand zuverl\u00e4ssig bedienen. Sie k\u00f6nnen die Blasleistung dank der stufenlosen Drehzahlregulierung pr\u00e4zise einstellen und an die Art der zu reinigenden Oberfl\u00e4che anpassen. Das BGA 86 Blasger\u00e4t ist serienm\u00e4\u00dfig mit einer Rundd\u00fcse ausgestattet. Um den richtigen Abstand zum Boden einzuhalten, k\u00f6nnen Sie die L\u00e4nge des Blasrohrs in drei Positionen an Ihre K\u00f6rpergr\u00f6\u00dfe anpassen.      <\/p>\n<p>Zum Entfernen von schwerem oder nassem Laub k\u00f6nnen Sie die optionale STIHL Flachd\u00fcse verwenden. Auf diese Weise k\u00f6nnen Sie das Laub noch effizienter beseitigen. <\/p>\n<p>In unserer <strong>\u00dcbersicht \u00fcber die Lauf- und Ladezeiten der STIHL Akkus<\/strong> k\u00f6nnen Sie sehen, wie lange Sie mit Ihrem STIHL BGA 86 Akku-Blasger\u00e4t arbeiten k\u00f6nnen und wie lange der gew\u00e4hlte Akku zum Aufladen ben\u00f6tigt.<\/p>\n<p>Alle Akku-Ger\u00e4te des STIHL AP-Systems sind f\u00fcr professionelle Anwender und den t\u00e4glichen Einsatz auch unter widrigen Wetterbedingungen konzipiert. Daher verf\u00fcgen sie \u00fcber einen gepr\u00fcften Spritzwasserschutz. Die Wirksamkeit wird durch anspruchsvolle interne Tests nachgewiesen. Der Spritzwasserschutztest basiert unter anderem auf der Norm IPX4.   <\/p>\n<\/div>\n<p>&nbsp;<\/p>\n<p>Set bestehend aus:<\/p>\n<p>1 STIHL BGA 86 Blasger\u00e4t<\/p>\n<p>2 STIHL Akkus AP 20<\/p>\n<p>1 STIHL Ladeger\u00e4t AL 101<\/p>\n<p>&nbsp;<\/p>\n<p>Ladezeit von 1 Akku AP 20 mit Ladeger\u00e4t AL 101: 125 Minuten<\/p>\n<p>Arbeitszeit mit 1 Akku AP 20 mit Blasger\u00e4t BGA 86: von 14 bis zu 81 Minuten<\/p>\n<p>&nbsp;<\/p>\n<p>&nbsp;<\/p>\n","protected":false},"excerpt":{"rendered":"<p>Leistungsstarkes Akku-Blasger\u00e4t Das Akku-Blasger\u00e4t STIHL BGA 86 ist ein sehr leistungsstarkes Akku-Blasger\u00e4t f\u00fcr professionelle Anwendungen mit hoher Blasleistung und geringem<\/p>\n","protected":false},"featured_media":642422,"template":"","meta":{"_seopress_robots_primary_cat":"","_seopress_titles_title":"","_seopress_titles_desc":"","_seopress_robots_index":""},"product_brand":[3366],"product_cat":[29,485,489],"product_tag":[],"class_list":{"0":"post-642421","1":"product","2":"type-product","3":"status-publish","4":"has-post-thumbnail","6":"product_brand-stihl","7":"product_cat-macchinari","8":"product_cat-soffiatori-e-aspiratori","9":"product_cat-soffiatori-a-batteria","10":"sws-gruppo-macchinari-de","11":"sws-conto-ricavi-merci-rivendita-macchinari-de","12":"sws-gruppo-iva-iva81-de","14":"first","15":"instock","16":"sale","17":"shipping-taxable","18":"purchasable","19":"product-type-simple"},"_links":{"self":[{"href":"https:\/\/lucacastelli.com\/de\/wp-json\/wp\/v2\/product\/642421","targetHints":{"allow":["GET"]}}],"collection":[{"href":"https:\/\/lucacastelli.com\/de\/wp-json\/wp\/v2\/product"}],"about":[{"href":"https:\/\/lucacastelli.com\/de\/wp-json\/wp\/v2\/types\/product"}],"wp:featuredmedia":[{"embeddable":true,"href":"https:\/\/lucacastelli.com\/de\/wp-json\/wp\/v2\/media\/642422"}],"wp:attachment":[{"href":"https:\/\/lucacastelli.com\/de\/wp-json\/wp\/v2\/media?parent=642421"}],"wp:term":[{"taxonomy":"product_brand","embeddable":true,"href":"https:\/\/lucacastelli.com\/de\/wp-json\/wp\/v2\/product_brand?post=642421"},{"taxonomy":"product_cat","embeddable":true,"href":"https:\/\/lucacastelli.com\/de\/wp-json\/wp\/v2\/product_cat?post=642421"},{"taxonomy":"product_tag","embeddable":true,"href":"https:\/\/lucacastelli.com\/de\/wp-json\/wp\/v2\/product_tag?post=642421"}],"curies":[{"name":"wp","href":"https:\/\/api.w.org\/{rel}","templated":true}]}}