{"id":642410,"date":"2025-11-03T09:10:25","date_gmt":"2025-11-03T08:10:25","guid":{"rendered":"https:\/\/lucacastelli.com\/prodotto\/sip-schnittschutzgamaschen-hv-basepro\/"},"modified":"2025-11-03T09:10:25","modified_gmt":"2025-11-03T08:10:25","slug":"sip-schnittschutzgamaschen-hv-basepro","status":"publish","type":"product","link":"https:\/\/lucacastelli.com\/de\/produkt\/sip-schnittschutzgamaschen-hv-basepro\/","title":{"rendered":"SIP Schnittschutzgamaschen HV BASEPRO"},"content":{"rendered":"<p><b>Motors\u00e4gen-Schnittschutzgamaschen HV, EN ISO 11393 Klasse 1 Typ B, EN ISO 20471 Klasse 2<\/b><\/p>\n<p>&nbsp;<\/p>\n<p>Da ein bisschen Kultur nie schadet, erfahren Sie hier, wie wir zum Namen \u201eRoadrunner Flash\u201c kamen. Schnittschutzgamaschen f\u00fcr Motors\u00e4gen sind n\u00fctzlich, wenn Schnittschutzhosen f\u00fcr schnelle Motors\u00e4genarbeiten nicht ausreichen. Ihr gr\u00f6\u00dfter Vorteil ist, dass Sie sie schnell \u00fcber Ihre normale Arbeitshose oder Jeans an- und ausziehen k\u00f6nnen, wenn Sie dies bevorzugen. Oder auch \u00fcber Shorts in der warmen Jahreszeit. Dank der verstellbaren Riemen an der Beinr\u00fcckseite gen\u00fcgen 2 Gr\u00f6\u00dfen (M f\u00fcr alle Gr\u00f6\u00dfen bis XL und L f\u00fcr alle Gr\u00f6\u00dfen ab XL), um fast jedem zu passen. Der Roadrunner-Vogel, auch \u201eChaparral-Vogel\u201c genannt, ist als einer der schnellsten V\u00f6gel der Welt bekannt. Der Indianerstamm der Hopi glaubte, dass der \u201eChaparral-Vogel\u201c sie vor b\u00f6sen Geistern sch\u00fctzte. Alles, was wir wissen, ist, dass sie Sie vor schlimmen Schnitten sch\u00fctzen werden. Schutz, Chaparral-Vogel, schnell&#8230; so entstand der Name Roadrunner Flash. BEEP BEEP!         <\/p>\n<p>&nbsp;<\/p>\n<h3><b>Au\u00dfen<\/b><\/h3>\n<ul>\n<li>Elastischer Bund mit Kordelzug, G\u00fcrtelschlaufen<\/li>\n<\/ul>\n<h3><b>Innen<\/b><\/h3>\n<ul>\n<li>6-lagige Schutzeinlage vorne<\/li>\n<\/ul>\n<h3><b>Material<\/b><\/h3>\n<ul>\n<li>Wasserabweisendes Hauptmaterial 80 % Polyester \u2013 20 % Baumwolle \u00b1 200 g\/m\u00b2<\/li>\n<\/ul>\n","protected":false},"excerpt":{"rendered":"<p>Motors\u00e4gen-Schnittschutzgamaschen HV, EN ISO 11393 Klasse 1 Typ B, EN ISO 20471 Klasse 2 &nbsp; Da ein bisschen Kultur nie<\/p>\n","protected":false},"featured_media":640130,"template":"","meta":{"_seopress_robots_primary_cat":"none","_seopress_titles_title":"","_seopress_titles_desc":"","_seopress_robots_index":""},"product_brand":[4406],"product_cat":[21,284],"product_tag":[],"class_list":{"0":"post-642410","1":"product","2":"type-product","3":"status-publish","4":"has-post-thumbnail","6":"product_brand-sip-protection","7":"product_cat-abbigliamento","8":"product_cat-abbigliamento-da-lavoro","9":"sws-gruppo-abb-libero-de","10":"sws-conto-ricavi-merci-rivendita-abbigliamento-de","11":"sws-gruppo-iva-iva81-de","13":"first","14":"instock","15":"shipping-taxable","16":"purchasable","17":"product-type-variable","18":"has-default-attributes"},"_links":{"self":[{"href":"https:\/\/lucacastelli.com\/de\/wp-json\/wp\/v2\/product\/642410","targetHints":{"allow":["GET"]}}],"collection":[{"href":"https:\/\/lucacastelli.com\/de\/wp-json\/wp\/v2\/product"}],"about":[{"href":"https:\/\/lucacastelli.com\/de\/wp-json\/wp\/v2\/types\/product"}],"wp:featuredmedia":[{"embeddable":true,"href":"https:\/\/lucacastelli.com\/de\/wp-json\/wp\/v2\/media\/640130"}],"wp:attachment":[{"href":"https:\/\/lucacastelli.com\/de\/wp-json\/wp\/v2\/media?parent=642410"}],"wp:term":[{"taxonomy":"product_brand","embeddable":true,"href":"https:\/\/lucacastelli.com\/de\/wp-json\/wp\/v2\/product_brand?post=642410"},{"taxonomy":"product_cat","embeddable":true,"href":"https:\/\/lucacastelli.com\/de\/wp-json\/wp\/v2\/product_cat?post=642410"},{"taxonomy":"product_tag","embeddable":true,"href":"https:\/\/lucacastelli.com\/de\/wp-json\/wp\/v2\/product_tag?post=642410"}],"curies":[{"name":"wp","href":"https:\/\/api.w.org\/{rel}","templated":true}]}}