{"id":642348,"date":"2025-11-03T15:20:41","date_gmt":"2025-11-03T14:20:41","guid":{"rendered":"https:\/\/lucacastelli.com\/prodotto\/crazy-flamme-ziehen-2\/"},"modified":"2026-04-01T01:51:33","modified_gmt":"2026-03-31T23:51:33","slug":"crazy-flamme-ziehen-2","status":"publish","type":"product","link":"https:\/\/lucacastelli.com\/de\/produkt\/crazy-flamme-ziehen-2\/","title":{"rendered":"CRAZY FLAMME ZIEHEN"},"content":{"rendered":"<p>Der neue Pull Flame ist die Kapuzenlose Zwischenschicht, die f\u00fcr Skitouren und alle Outdoor-Aktivit\u00e4ten entwickelt wurde.<br \/>\nEr wird aus den besten Stoffen unserer Kollektion hergestellt. Das Hauptgewebe ist High Performance, das dank seiner 3D-Wabenstruktur das ideale Gleichgewicht zwischen W\u00e4rme und Atmungsaktivit\u00e4t bietet. Der R\u00fccken ist aus Sorona gefertigt, um die Atmungsaktivit\u00e4t beim Tragen eines Rucksacks zu verbessern, und die Vorderseite ist ebenfalls aus Sorona, aber innen gef\u00fcttert, um zus\u00e4tzlichen Schutz zu bieten.<br \/>\nDas Ergebnis ist die perfekte Zwischenschicht f\u00fcr jede Aktivit\u00e4t: leicht, komprimierbar und mit dem idealen Schutzgrad.  <\/p>\n<p>\u2022 Brusttasche mit hei\u00dfversiegeltem Rei\u00dfverschluss<br \/>\n\u2022 Reflektierende Logos<br \/>\n\u2022 Eingrifftaschen mit Rei\u00dfverschl\u00fcssen<br \/>\n\u2022 Frontrei\u00dfverschluss mit Zwei-Wege-Schieber<br \/>\n\u2022 Flachn\u00e4hte in Kontrastfarbe<br \/>\n\u2022 Daumenloch<br \/>\n\u2022 ARTVA-Tasche mit einfachem Verschluss<\/p>\n<p>GEWICHT: 320 gr<\/p>\n","protected":false},"excerpt":{"rendered":"<p>Der neue Pull Flame ist die Kapuzenlose Zwischenschicht, die f\u00fcr Skitouren und alle Outdoor-Aktivit\u00e4ten entwickelt wurde. Er wird aus den<\/p>\n","protected":false},"featured_media":642350,"template":"","meta":{"_seopress_robots_primary_cat":"none","_seopress_titles_title":"","_seopress_titles_desc":"","_seopress_robots_index":""},"product_brand":[3614],"product_cat":[974,975,82],"product_tag":[],"class_list":{"0":"post-642348","1":"product","2":"type-product","3":"status-publish","4":"has-post-thumbnail","6":"product_brand-crazy-de","7":"product_cat-freizeitkleidung","8":"product_cat-herrenbekleidung","9":"product_cat-kleidung","10":"sws-gruppo-abb-libero-de","11":"sws-conto-ricavi-merci-rivendita-abbigliamento-de","12":"sws-gruppo-iva-iva81-de","14":"first","15":"instock","16":"sale","17":"shipping-taxable","18":"purchasable","19":"product-type-variable","20":"has-default-attributes"},"_links":{"self":[{"href":"https:\/\/lucacastelli.com\/de\/wp-json\/wp\/v2\/product\/642348","targetHints":{"allow":["GET"]}}],"collection":[{"href":"https:\/\/lucacastelli.com\/de\/wp-json\/wp\/v2\/product"}],"about":[{"href":"https:\/\/lucacastelli.com\/de\/wp-json\/wp\/v2\/types\/product"}],"wp:featuredmedia":[{"embeddable":true,"href":"https:\/\/lucacastelli.com\/de\/wp-json\/wp\/v2\/media\/642350"}],"wp:attachment":[{"href":"https:\/\/lucacastelli.com\/de\/wp-json\/wp\/v2\/media?parent=642348"}],"wp:term":[{"taxonomy":"product_brand","embeddable":true,"href":"https:\/\/lucacastelli.com\/de\/wp-json\/wp\/v2\/product_brand?post=642348"},{"taxonomy":"product_cat","embeddable":true,"href":"https:\/\/lucacastelli.com\/de\/wp-json\/wp\/v2\/product_cat?post=642348"},{"taxonomy":"product_tag","embeddable":true,"href":"https:\/\/lucacastelli.com\/de\/wp-json\/wp\/v2\/product_tag?post=642348"}],"curies":[{"name":"wp","href":"https:\/\/api.w.org\/{rel}","templated":true}]}}