{"id":642334,"date":"2025-10-31T14:24:42","date_gmt":"2025-10-31T13:24:42","guid":{"rendered":"https:\/\/lucacastelli.com\/prodotto\/helly-hansen-fremont\/"},"modified":"2026-02-27T13:49:26","modified_gmt":"2026-02-27T12:49:26","slug":"helly-hansen-fremont","status":"publish","type":"product","link":"https:\/\/lucacastelli.com\/de\/produkt\/helly-hansen-fremont\/","title":{"rendered":"HELLY HANSEN FREMONT"},"content":{"rendered":"<p>Ein neu interpretiertes Must-have, eine leichtere und bequemere Version des klassischen robusten 15-cm-Stiefels, aber mit dem gleichen eleganten Look wie sein Vorg\u00e4nger<\/p>\n<p>Der Fremont ist ein klassischer sch\u00fctzender und robuster 15-cm-Stiefel aus hochwertigem wasserdichtem Leder mit verschwei\u00dften N\u00e4hten und einem gepolsterten, schnell trocknenden Textilschaft f\u00fcr mehr Komfort. Die gut verarbeitete Au\u00dfensohle im Fallschirmj\u00e4ger-Stil sollte nicht t\u00e4uschen: Wir haben das Gewicht reduziert, indem wir eine EVA-Zwischensohle f\u00fcr eine Extraportion Komfort hinzugef\u00fcgt haben, die allt\u00e4gliche Outdoor-Aktivit\u00e4ten erleichtert. Dieser Stiefel garantiert Eleganz kombiniert mit Schutz und trockenen F\u00fc\u00dfen: ein absolutes Must-have f\u00fcr diese Wintersaison.  <\/p>\n<p>Materialzusammensetzung: Obermaterial (FWR): 100 % Leder\/Schweinsleder\/synthetisches Material. Futter: 100 % Mesh. Au\u00dfensohle (FWR): 100 % EVA+Gummi  <\/p>\n<p>Gewicht: 1300g<\/p>\n","protected":false},"excerpt":{"rendered":"<p>Ein neu interpretiertes Must-have, eine leichtere und bequemere Version des klassischen robusten 15-cm-Stiefels, aber mit dem gleichen eleganten Look wie<\/p>\n","protected":false},"featured_media":642335,"template":"","meta":{"_seopress_robots_primary_cat":"none","_seopress_titles_title":"","_seopress_titles_desc":"","_seopress_robots_index":""},"product_brand":[3645],"product_cat":[175,1419,1431],"product_tag":[],"class_list":{"0":"post-642334","1":"product","2":"type-product","3":"status-publish","4":"has-post-thumbnail","6":"product_brand-helly-hansen-de","7":"product_cat-schuhe","8":"product_cat-freizeitschuhe","9":"product_cat-herrenschuhe","11":"first","12":"instock","13":"sale","14":"shipping-taxable","15":"purchasable","16":"product-type-variable"},"_links":{"self":[{"href":"https:\/\/lucacastelli.com\/de\/wp-json\/wp\/v2\/product\/642334","targetHints":{"allow":["GET"]}}],"collection":[{"href":"https:\/\/lucacastelli.com\/de\/wp-json\/wp\/v2\/product"}],"about":[{"href":"https:\/\/lucacastelli.com\/de\/wp-json\/wp\/v2\/types\/product"}],"wp:featuredmedia":[{"embeddable":true,"href":"https:\/\/lucacastelli.com\/de\/wp-json\/wp\/v2\/media\/642335"}],"wp:attachment":[{"href":"https:\/\/lucacastelli.com\/de\/wp-json\/wp\/v2\/media?parent=642334"}],"wp:term":[{"taxonomy":"product_brand","embeddable":true,"href":"https:\/\/lucacastelli.com\/de\/wp-json\/wp\/v2\/product_brand?post=642334"},{"taxonomy":"product_cat","embeddable":true,"href":"https:\/\/lucacastelli.com\/de\/wp-json\/wp\/v2\/product_cat?post=642334"},{"taxonomy":"product_tag","embeddable":true,"href":"https:\/\/lucacastelli.com\/de\/wp-json\/wp\/v2\/product_tag?post=642334"}],"curies":[{"name":"wp","href":"https:\/\/api.w.org\/{rel}","templated":true}]}}