{"id":642330,"date":"2025-11-10T14:45:25","date_gmt":"2025-11-10T13:45:25","guid":{"rendered":"https:\/\/lucacastelli.com\/prodotto\/crazy-shirt-wonder-magic-3\/"},"modified":"2025-12-02T13:01:09","modified_gmt":"2025-12-02T12:01:09","slug":"crazy-shirt-wonder-magic-3","status":"publish","type":"product","link":"https:\/\/lucacastelli.com\/de\/produkt\/crazy-shirt-wonder-magic-3\/","title":{"rendered":"CRAZY SHIRT WONDER MAGIC"},"content":{"rendered":"<p data-start=\"59\" data-end=\"160\"><strong data-start=\"59\" data-end=\"70\">KONZEPT<\/strong><br data-start=\"70\" data-end=\"73\">\u2022 Sch\u00fctzender Kragenbesatz<br data-start=\"106\" data-end=\"109\" data-is-only-node=\"\">\u2022 Flache Kontrastn\u00e4hte<br data-start=\"138\" data-end=\"141\">\u2022 Allover-Drucke<\/p>\n<p data-start=\"162\" data-end=\"538\" data-is-last-node=\"\" data-is-only-node=\"\"><strong data-start=\"162\" data-end=\"174\">FEATURES<\/strong><br data-start=\"174\" data-end=\"177\">T-Shirt, das f\u00fcr aktive Tage im Freien entwickelt wurde, aber dank seiner unverwechselbaren Drucke und der Frische des nat\u00fcrlichen Tencel-Gewebes, das Weichheit und ein angenehmes Gef\u00fchl bietet, auch perfekt f\u00fcr den t\u00e4glichen Gebrauch geeignet ist.<br data-start=\"416\" data-end=\"419\" data-is-only-node=\"\">Es ist au\u00dferdem hochfunktionell, leicht zu waschen und zeichnet sich durch hervorragende feuchtigkeitsableitende Eigenschaften aus.<\/p>\n","protected":false},"excerpt":{"rendered":"<p>KONZEPT\u2022 Sch\u00fctzender Kragenbesatz\u2022 Flache Kontrastn\u00e4hte\u2022 Allover-Drucke FEATUREST-Shirt, das f\u00fcr aktive Tage im Freien entwickelt wurde, aber dank seiner unverwechselbaren Drucke<\/p>\n","protected":false},"featured_media":642331,"template":"","meta":{"_seopress_robots_primary_cat":"none","_seopress_titles_title":"","_seopress_titles_desc":"","_seopress_robots_index":""},"product_brand":[3614],"product_cat":[1388,974,82],"product_tag":[],"class_list":{"0":"post-642330","1":"product","2":"type-product","3":"status-publish","4":"has-post-thumbnail","6":"product_brand-crazy-de","7":"product_cat-damenbekleidung","8":"product_cat-freizeitkleidung","9":"product_cat-kleidung","10":"sws-gruppo-abb-libero-de","11":"sws-conto-ricavi-merci-rivendita-abbigliamento-de","12":"sws-gruppo-iva-iva81-de","14":"first","15":"instock","16":"shipping-taxable","17":"product-type-variable"},"_links":{"self":[{"href":"https:\/\/lucacastelli.com\/de\/wp-json\/wp\/v2\/product\/642330","targetHints":{"allow":["GET"]}}],"collection":[{"href":"https:\/\/lucacastelli.com\/de\/wp-json\/wp\/v2\/product"}],"about":[{"href":"https:\/\/lucacastelli.com\/de\/wp-json\/wp\/v2\/types\/product"}],"wp:featuredmedia":[{"embeddable":true,"href":"https:\/\/lucacastelli.com\/de\/wp-json\/wp\/v2\/media\/642331"}],"wp:attachment":[{"href":"https:\/\/lucacastelli.com\/de\/wp-json\/wp\/v2\/media?parent=642330"}],"wp:term":[{"taxonomy":"product_brand","embeddable":true,"href":"https:\/\/lucacastelli.com\/de\/wp-json\/wp\/v2\/product_brand?post=642330"},{"taxonomy":"product_cat","embeddable":true,"href":"https:\/\/lucacastelli.com\/de\/wp-json\/wp\/v2\/product_cat?post=642330"},{"taxonomy":"product_tag","embeddable":true,"href":"https:\/\/lucacastelli.com\/de\/wp-json\/wp\/v2\/product_tag?post=642330"}],"curies":[{"name":"wp","href":"https:\/\/api.w.org\/{rel}","templated":true}]}}