{"id":642324,"date":"2025-11-10T14:43:09","date_gmt":"2025-11-10T13:43:09","guid":{"rendered":"https:\/\/lucacastelli.com\/prodotto\/crazy-shirt-wonder-magic-2\/"},"modified":"2026-04-14T00:11:34","modified_gmt":"2026-04-13T22:11:34","slug":"crazy-shirt-wonder-magic-2","status":"publish","type":"product","link":"https:\/\/lucacastelli.com\/de\/produkt\/crazy-shirt-wonder-magic-2\/","title":{"rendered":"CRAZY SHIRT WONDER MAGIC"},"content":{"rendered":"<p data-start=\"59\" data-end=\"160\"><strong data-start=\"59\" data-end=\"70\">CONCEPT<\/strong><br data-start=\"70\" data-end=\"73\">\u2022 Sch\u00fctzender Halsbund<br data-start=\"106\" data-end=\"109\" data-is-only-node=\"\">\u2022 Kontrastierende Flachn\u00e4hte<br data-start=\"138\" data-end=\"141\">\u2022 Allover-Prints<\/p>\n<p data-start=\"162\" data-end=\"538\" data-is-last-node=\"\" data-is-only-node=\"\"><strong data-start=\"162\" data-end=\"174\">FEATURES<\/strong><br data-start=\"174\" data-end=\"177\">T-Shirt f\u00fcr aktive Tage im Freien konzipiert, aber dank der markanten Prints und der Frische des nat\u00fcrlichen Tencel-Gewebes auch perfekt f\u00fcr den t\u00e4glichen Gebrauch geeignet, das Weichheit und ein angenehmes Tragegef\u00fchl bietet.<br data-start=\"416\" data-end=\"419\" data-is-only-node=\"\">Zudem ist sie \u00e4usserst funktional, pflegeleicht und zeichnet sich durch hervorragende Feuchtigkeitsaufnahme aus.<\/p>\n","protected":false},"excerpt":{"rendered":"<p>CONCEPT\u2022 Sch\u00fctzender Halsbund\u2022 Kontrastierende Flachn\u00e4hte\u2022 Allover-Prints FEATUREST-Shirt f\u00fcr aktive Tage im Freien konzipiert, aber dank der markanten Prints und der<\/p>\n","protected":false},"featured_media":642325,"template":"","meta":{"_seopress_robots_primary_cat":"none","_seopress_titles_title":"","_seopress_titles_desc":"","_seopress_robots_index":""},"product_brand":[3413],"product_cat":[21,189,200],"product_tag":[],"class_list":{"0":"post-642324","1":"product","2":"type-product","3":"status-publish","4":"has-post-thumbnail","6":"product_brand-crazy","7":"product_cat-abbigliamento","8":"product_cat-abbigliamento-per-il-tempo-libero","9":"product_cat-abbigliamento-da-donna","10":"sws-gruppo-abb-libero-de","11":"sws-conto-ricavi-merci-rivendita-abbigliamento-de","12":"sws-gruppo-iva-iva81-de","14":"first","15":"instock","16":"sale","17":"shipping-taxable","18":"purchasable","19":"product-type-variable","20":"has-default-attributes"},"_links":{"self":[{"href":"https:\/\/lucacastelli.com\/de\/wp-json\/wp\/v2\/product\/642324","targetHints":{"allow":["GET"]}}],"collection":[{"href":"https:\/\/lucacastelli.com\/de\/wp-json\/wp\/v2\/product"}],"about":[{"href":"https:\/\/lucacastelli.com\/de\/wp-json\/wp\/v2\/types\/product"}],"wp:featuredmedia":[{"embeddable":true,"href":"https:\/\/lucacastelli.com\/de\/wp-json\/wp\/v2\/media\/642325"}],"wp:attachment":[{"href":"https:\/\/lucacastelli.com\/de\/wp-json\/wp\/v2\/media?parent=642324"}],"wp:term":[{"taxonomy":"product_brand","embeddable":true,"href":"https:\/\/lucacastelli.com\/de\/wp-json\/wp\/v2\/product_brand?post=642324"},{"taxonomy":"product_cat","embeddable":true,"href":"https:\/\/lucacastelli.com\/de\/wp-json\/wp\/v2\/product_cat?post=642324"},{"taxonomy":"product_tag","embeddable":true,"href":"https:\/\/lucacastelli.com\/de\/wp-json\/wp\/v2\/product_tag?post=642324"}],"curies":[{"name":"wp","href":"https:\/\/api.w.org\/{rel}","templated":true}]}}