{"id":639947,"date":"2025-10-31T14:25:30","date_gmt":"2025-10-31T13:25:30","guid":{"rendered":"https:\/\/lucacastelli.com\/prodotto\/meindl-calgary-gtx\/"},"modified":"2026-02-27T13:47:14","modified_gmt":"2026-02-27T12:47:14","slug":"meindl-calgary-gtx","status":"publish","type":"product","link":"https:\/\/lucacastelli.com\/de\/produkt\/meindl-calgary-gtx\/","title":{"rendered":"MEINDL Calgary GTX"},"content":{"rendered":"<p>Die Meindl Calgary GTX sind bequeme und optimal sch\u00fctzende Winterstiefel und sorgen dank der isolierenden Gore-Tex\u00ae Insulated Comfort F\u00fctterung f\u00fcr trockene und warme F\u00fc\u00dfe bei leichten Wanderungen, ausgedehnten Spazierg\u00e4ngen und im Alltag, auch an kalten Tagen. Mit Details wie dem 16 cm hohen Schaft mit Schn\u00fcrung, den abriebfesten Verst\u00e4rkungen oder der leicht stabilisierten und anatomischen Passform sammelt der Winter-Allrounder viele Pluspunkte in der entspannten Freizeit. Zudem verf\u00fcgt der Calgary GTX \u00fcber eine angenehm d\u00e4mpfende und griffige Wintersohle.  <\/p>\n","protected":false},"excerpt":{"rendered":"<p>Die Meindl Calgary GTX sind bequeme und optimal sch\u00fctzende Winterstiefel und sorgen dank der isolierenden Gore-Tex\u00ae Insulated Comfort F\u00fctterung f\u00fcr<\/p>\n","protected":false},"featured_media":639948,"template":"","meta":{"_seopress_robots_primary_cat":"none","_seopress_titles_title":"","_seopress_titles_desc":"","_seopress_robots_index":""},"product_brand":[3655],"product_cat":[1419,1431,175],"product_tag":[],"class_list":{"0":"post-639947","1":"product","2":"type-product","3":"status-publish","4":"has-post-thumbnail","6":"product_brand-meindl-de","7":"product_cat-freizeitschuhe","8":"product_cat-herrenschuhe","9":"product_cat-schuhe","11":"first","12":"instock","13":"sale","14":"shipping-taxable","15":"purchasable","16":"product-type-variable","17":"has-default-attributes"},"_links":{"self":[{"href":"https:\/\/lucacastelli.com\/de\/wp-json\/wp\/v2\/product\/639947","targetHints":{"allow":["GET"]}}],"collection":[{"href":"https:\/\/lucacastelli.com\/de\/wp-json\/wp\/v2\/product"}],"about":[{"href":"https:\/\/lucacastelli.com\/de\/wp-json\/wp\/v2\/types\/product"}],"wp:featuredmedia":[{"embeddable":true,"href":"https:\/\/lucacastelli.com\/de\/wp-json\/wp\/v2\/media\/639948"}],"wp:attachment":[{"href":"https:\/\/lucacastelli.com\/de\/wp-json\/wp\/v2\/media?parent=639947"}],"wp:term":[{"taxonomy":"product_brand","embeddable":true,"href":"https:\/\/lucacastelli.com\/de\/wp-json\/wp\/v2\/product_brand?post=639947"},{"taxonomy":"product_cat","embeddable":true,"href":"https:\/\/lucacastelli.com\/de\/wp-json\/wp\/v2\/product_cat?post=639947"},{"taxonomy":"product_tag","embeddable":true,"href":"https:\/\/lucacastelli.com\/de\/wp-json\/wp\/v2\/product_tag?post=639947"}],"curies":[{"name":"wp","href":"https:\/\/api.w.org\/{rel}","templated":true}]}}