{"id":639899,"date":"2025-10-28T16:17:57","date_gmt":"2025-10-28T15:17:57","guid":{"rendered":"https:\/\/lucacastelli.com\/prodotto\/stihl-sga-60\/"},"modified":"2025-10-28T16:17:57","modified_gmt":"2025-10-28T15:17:57","slug":"stihl-sga-60","status":"publish","type":"product","link":"https:\/\/lucacastelli.com\/de\/produkt\/stihl-sga-60\/","title":{"rendered":"STIHL SGA 60"},"content":{"rendered":"<h2 class=\"product-details__title\">Akku-Spr\u00fchger\u00e4t SGA 60: F\u00fcr eine komfortable, gleichm\u00e4\u00dfige und energiesparende Ausbringung von fl\u00fcssigen Produkten zum Schutz und zur Pflege von Pflanzen.<\/h2>\n<div class=\"product-details__description richtexteditor\">\n<p>Das tragbare Akku-Spr\u00fchger\u00e4t STIHL SGA 60, Teil des STIHL AK-Systems, ist f\u00fcr den Schutz und die Pflege von Pflanzen in gro\u00dfen Privatg\u00e4rten und f\u00fcr Semiprofis wie kleine landwirtschaftliche Betriebe oder Baumschulen konzipiert. Es eignet sich f\u00fcr die Ausbringung von fl\u00fcssigen Produkten zum Schutz vor Pilzen und Sch\u00e4dlingen, zur D\u00fcngung und zur Unkrautbek\u00e4mpfung. <\/p>\n<p>Es ist einfach zu bedienen und garantiert einen konstanten Druck w\u00e4hrend der gesamten Akkulaufzeit. Der transparente 15-l-Tank mit F\u00fcllstandsanzeige, die robuste und leistungsstarke Membranpumpe und die 5 verschiedenen D\u00fcsen erm\u00f6glichen es, alle Arbeiten in Obstg\u00e4rten, Gem\u00fcseg\u00e4rten, G\u00e4rten und Plantagen effizient zu erledigen. <\/p>\n<\/div>\n<p>&nbsp;<\/p>\n<p>&nbsp;<\/p>\n<table data-test-id=\"pdp-spec-tech-table\">\n<tbody>\n<tr>\n<td>Nennspannung<\/td>\n<td>36 V<\/td>\n<\/tr>\n<tr>\n<td>Batteriesystem<\/td>\n<td>AK<\/td>\n<\/tr>\n<tr>\n<td>Empfohlener Akku<\/td>\n<td>AK 10<\/td>\n<\/tr>\n<tr>\n<td>Gewicht des Ger\u00e4ts ohne Akku<\/td>\n<td>5 kg<\/td>\n<\/tr>\n<tr>\n<td>Beh\u00e4ltervolumen<\/td>\n<td>15 l<\/td>\n<\/tr>\n<tr>\n<td>Beh\u00e4ltervolumen<\/td>\n<td>3.90 gal<\/td>\n<\/tr>\n<tr>\n<td>F\u00f6rdermenge max.<\/td>\n<td>1.8 l\/min<\/td>\n<\/tr>\n<tr>\n<td>Betriebsdruck<\/td>\n<td>4 bar<\/td>\n<\/tr>\n<tr>\n<td>Betriebsdruck<\/td>\n<td>65 psi<\/td>\n<\/tr>\n<tr>\n<td>Maximale Betriebsdauer des Akkus AK 10<\/td>\n<td>270 min<\/td>\n<\/tr>\n<tr>\n<td>Ger\u00e4tebreite<\/td>\n<td>358 mm<\/td>\n<\/tr>\n<tr>\n<td>Ger\u00e4teh\u00f6he<\/td>\n<td>546 mm<\/td>\n<\/tr>\n<tr>\n<td>Ger\u00e4tetiefe<\/td>\n<td>313 mm<\/td>\n<\/tr>\n<tr>\n<td>Schalldruckpegel<\/td>\n<td>55 dB(A)<\/td>\n<\/tr>\n<tr>\n<td>Schallleistungspegel<\/td>\n<td>69 dB(A)<\/td>\n<\/tr>\n<tr>\n<td>Vibrationswert rechts<\/td>\n<td>1.8 m\/s\u00b2<\/td>\n<\/tr>\n<\/tbody>\n<\/table>\n","protected":false},"excerpt":{"rendered":"<p>Akku-Spr\u00fchger\u00e4t SGA 60: F\u00fcr eine komfortable, gleichm\u00e4\u00dfige und energiesparende Ausbringung von fl\u00fcssigen Produkten zum Schutz und zur Pflege von Pflanzen.<\/p>\n","protected":false},"featured_media":639524,"template":"","meta":{"_seopress_robots_primary_cat":"none","_seopress_titles_title":"","_seopress_titles_desc":"","_seopress_robots_index":""},"product_brand":[3554],"product_cat":[169,1566,1572,1577],"product_tag":[],"class_list":{"0":"post-639899","1":"product","2":"type-product","3":"status-publish","4":"has-post-thumbnail","6":"product_brand-stihl-de","7":"product_cat-maschinen","8":"product_cat-nebelgeblase-und-spruhgerate","9":"product_cat-motorbetriebene-spruhgerate","10":"product_cat-spruhgerate-de","11":"sws-gruppo-macchinari-de","12":"sws-conto-ricavi-merci-rivendita-macchinari-de","13":"sws-gruppo-iva-iva81-de","15":"first","16":"instock","17":"shipping-taxable","18":"purchasable","19":"product-type-simple"},"_links":{"self":[{"href":"https:\/\/lucacastelli.com\/de\/wp-json\/wp\/v2\/product\/639899","targetHints":{"allow":["GET"]}}],"collection":[{"href":"https:\/\/lucacastelli.com\/de\/wp-json\/wp\/v2\/product"}],"about":[{"href":"https:\/\/lucacastelli.com\/de\/wp-json\/wp\/v2\/types\/product"}],"wp:featuredmedia":[{"embeddable":true,"href":"https:\/\/lucacastelli.com\/de\/wp-json\/wp\/v2\/media\/639524"}],"wp:attachment":[{"href":"https:\/\/lucacastelli.com\/de\/wp-json\/wp\/v2\/media?parent=639899"}],"wp:term":[{"taxonomy":"product_brand","embeddable":true,"href":"https:\/\/lucacastelli.com\/de\/wp-json\/wp\/v2\/product_brand?post=639899"},{"taxonomy":"product_cat","embeddable":true,"href":"https:\/\/lucacastelli.com\/de\/wp-json\/wp\/v2\/product_cat?post=639899"},{"taxonomy":"product_tag","embeddable":true,"href":"https:\/\/lucacastelli.com\/de\/wp-json\/wp\/v2\/product_tag?post=639899"}],"curies":[{"name":"wp","href":"https:\/\/api.w.org\/{rel}","templated":true}]}}