{"id":639463,"date":"2025-08-08T18:58:52","date_gmt":"2025-08-08T16:58:52","guid":{"rendered":"https:\/\/lucacastelli.com\/prodotto\/milwaukee-1-4-bit-ratsche-und-steckschluessel-set\/"},"modified":"2025-08-08T18:58:52","modified_gmt":"2025-08-08T16:58:52","slug":"milwaukee-1-4-bit-ratsche-und-steckschluessel-set","status":"publish","type":"product","link":"https:\/\/lucacastelli.com\/de\/produkt\/milwaukee-1-4-bit-ratsche-und-steckschluessel-set\/","title":{"rendered":"MILWAUKEE 1\/4&#8243; Bit-, Ratsche- und Steckschl\u00fcssel-Set"},"content":{"rendered":"<p>38-TEILIGES RATSCHENSET 1\/4 &#8211; METRISCH<br \/>\n90-Zahn-Design mit 4-Grad-Schwenkbogen f\u00fcr maximale Zug\u00e4nglichkeit in engen R\u00e4umen;FOUR FLAT\u2122 Anti-Roll-Design;Aufgedruckte Durchmesser f\u00fcr einfache Identifizierung;Komfortgriff f\u00fcr maximalen Komfort und Anwendungen mit hohem Drehmoment;SHOCKWAVE\u2122 Bits<\/p>\n<p>4932498381<br \/>\n4058546522506<\/p>\n","protected":false},"excerpt":{"rendered":"<p>38-TEILIGES RATSCHENSET 1\/4 &#8211; METRISCH<\/p>\n","protected":false},"featured_media":599675,"template":"","meta":{"_seopress_robots_primary_cat":"","_seopress_titles_title":"","_seopress_titles_desc":"","_seopress_robots_index":""},"product_brand":[3407],"product_cat":[5416,33],"product_tag":[3270],"class_list":{"0":"post-639463","1":"product","2":"type-product","3":"status-publish","4":"has-post-thumbnail","6":"product_brand-milwaukee","7":"product_cat-utensili-per-officina","8":"product_cat-attrezzature","9":"product_tag-import-milwau","10":"sws-conto-ricavi-merci-rivendita-macchinari-de","11":"sws-gruppo-iva-iva81-de","13":"first","14":"onbackorder","15":"sale","16":"shipping-taxable","17":"purchasable","18":"product-type-simple"},"_links":{"self":[{"href":"https:\/\/lucacastelli.com\/de\/wp-json\/wp\/v2\/product\/639463","targetHints":{"allow":["GET"]}}],"collection":[{"href":"https:\/\/lucacastelli.com\/de\/wp-json\/wp\/v2\/product"}],"about":[{"href":"https:\/\/lucacastelli.com\/de\/wp-json\/wp\/v2\/types\/product"}],"wp:featuredmedia":[{"embeddable":true,"href":"https:\/\/lucacastelli.com\/de\/wp-json\/wp\/v2\/media\/599675"}],"wp:attachment":[{"href":"https:\/\/lucacastelli.com\/de\/wp-json\/wp\/v2\/media?parent=639463"}],"wp:term":[{"taxonomy":"product_brand","embeddable":true,"href":"https:\/\/lucacastelli.com\/de\/wp-json\/wp\/v2\/product_brand?post=639463"},{"taxonomy":"product_cat","embeddable":true,"href":"https:\/\/lucacastelli.com\/de\/wp-json\/wp\/v2\/product_cat?post=639463"},{"taxonomy":"product_tag","embeddable":true,"href":"https:\/\/lucacastelli.com\/de\/wp-json\/wp\/v2\/product_tag?post=639463"}],"curies":[{"name":"wp","href":"https:\/\/api.w.org\/{rel}","templated":true}]}}