{"id":639459,"date":"2025-08-08T18:59:32","date_gmt":"2025-08-08T16:59:32","guid":{"rendered":"https:\/\/lucacastelli.com\/prodotto\/milwaukee-set-blechscheren-mit-abgewinkelten-klingen-2-stueck\/"},"modified":"2025-08-08T18:59:32","modified_gmt":"2025-08-08T16:59:32","slug":"milwaukee-set-blechscheren-mit-abgewinkelten-klingen-2-stueck","status":"publish","type":"product","link":"https:\/\/lucacastelli.com\/de\/produkt\/milwaukee-set-blechscheren-mit-abgewinkelten-klingen-2-stueck\/","title":{"rendered":"MILWAUKEE Set Blechscheren mit abgewinkelten Klingen &#8211; 2 St\u00fcck"},"content":{"rendered":"<p>Set Blechscheren mit abgewinkelten Klingen &#8211; 2 St\u00fcck<br \/>\nBLECHSCHEREN-SET 2 STK<br \/>\nKlingen mit mikroskopischer Zahnung f\u00fcr bestm\u00f6glichen Halt am Werkst\u00fcck;Ergonomischer Griff f\u00fcr hohen Nutzungskomfort und erm\u00fcdungsfreies Arbeiten;Die Torsionsfeder \u00f6ffnet die Klingen beim Schneiden automatisch, um den Arbeitsfortschritt zu beschleunigen und die Erm\u00fcdung zu reduzieren;Optimales Hebelverh\u00e4ltnis zur Erleichterung des Arbeitsfortschritts bei Materialien mit hoher Dicke;Einh\u00e4ndiger Verriegelungsmechanismus zur Steigerung der Produktivit\u00e4t;Kompaktes Design zur Vereinfachung der Arbeitsausf\u00fchrung ohne Fehlausrichtung;Blechschere f\u00fcr Kurven: f\u00fcr lange und kontinuierliche, gerade Schnitte ohne Kurvenschnitte. Der 45-Grad-Winkel h\u00e4lt den Benutzer vom zu schneidenden Material fern;Einfache Identifizierung der Schnittrichtung an der Spitze und am Griff sowie durch Farbkodierung;Ergonomischer Griff mit langlebiger Softgrip-Beschichtung f\u00fcr hohen Nutzungskomfort <\/p>\n<p>4932499017<br \/>\n4058546528867<\/p>\n","protected":false},"excerpt":{"rendered":"<p>BLECHSCHEREN-SET 2 STK<\/p>\n","protected":false},"featured_media":592294,"template":"","meta":{"_seopress_robots_primary_cat":"","_seopress_titles_title":"","_seopress_titles_desc":"","_seopress_robots_index":""},"product_brand":[3407],"product_cat":[5416,33],"product_tag":[3270],"class_list":{"0":"post-639459","1":"product","2":"type-product","3":"status-publish","4":"has-post-thumbnail","6":"product_brand-milwaukee","7":"product_cat-utensili-per-officina","8":"product_cat-attrezzature","9":"product_tag-import-milwau","10":"sws-conto-ricavi-merci-rivendita-macchinari-de","11":"sws-gruppo-iva-iva81-de","13":"first","14":"onbackorder","15":"sale","16":"shipping-taxable","17":"purchasable","18":"product-type-simple"},"_links":{"self":[{"href":"https:\/\/lucacastelli.com\/de\/wp-json\/wp\/v2\/product\/639459","targetHints":{"allow":["GET"]}}],"collection":[{"href":"https:\/\/lucacastelli.com\/de\/wp-json\/wp\/v2\/product"}],"about":[{"href":"https:\/\/lucacastelli.com\/de\/wp-json\/wp\/v2\/types\/product"}],"wp:featuredmedia":[{"embeddable":true,"href":"https:\/\/lucacastelli.com\/de\/wp-json\/wp\/v2\/media\/592294"}],"wp:attachment":[{"href":"https:\/\/lucacastelli.com\/de\/wp-json\/wp\/v2\/media?parent=639459"}],"wp:term":[{"taxonomy":"product_brand","embeddable":true,"href":"https:\/\/lucacastelli.com\/de\/wp-json\/wp\/v2\/product_brand?post=639459"},{"taxonomy":"product_cat","embeddable":true,"href":"https:\/\/lucacastelli.com\/de\/wp-json\/wp\/v2\/product_cat?post=639459"},{"taxonomy":"product_tag","embeddable":true,"href":"https:\/\/lucacastelli.com\/de\/wp-json\/wp\/v2\/product_tag?post=639459"}],"curies":[{"name":"wp","href":"https:\/\/api.w.org\/{rel}","templated":true}]}}