{"id":639456,"date":"2025-08-08T18:59:28","date_gmt":"2025-08-08T16:59:28","guid":{"rendered":"https:\/\/lucacastelli.com\/prodotto\/milwaukee-3-8%cb%9d-steckschluesselsatz-torx\/"},"modified":"2025-08-08T18:59:28","modified_gmt":"2025-08-08T16:59:28","slug":"milwaukee-3-8%cb%9d-steckschluesselsatz-torx","status":"publish","type":"product","link":"https:\/\/lucacastelli.com\/de\/produkt\/milwaukee-3-8%cb%9d-steckschluesselsatz-torx\/","title":{"rendered":"MILWAUKEE 3\/8\u02dd Steckschl\u00fcsselsatz &#8211; Torx"},"content":{"rendered":"<p>3\/8 STECKSCHL\u00dcSSELSATZ &#8211; TORX 10-teilig<br \/>\nFOUR FLAT\u2122-Design der Steckschl\u00fcssel verhindert das Wegrollen und erm\u00f6glicht die Anwendung gr\u00f6\u00dferer Kraft mit einem Schraubenschl\u00fcssel;Schlankes Design f\u00fcr besseren Zugang in engen R\u00e4umen;Das einteilige Schmiededesign erh\u00f6ht die Haltbarkeit bei Anwendungen mit hohem Drehmoment;Aufgedruckte Durchmesser f\u00fcr bessere Sichtbarkeit unter allen Lichtbedingungen;Schiene f\u00fcr einfache Aufbewahrung<\/p>\n<p>4932480564<br \/>\n4058546408497<\/p>\n","protected":false},"excerpt":{"rendered":"<p>3\/8 STECKSCHL\u00dcSSELSATZ &#8211; TORX 10-teilig<\/p>\n","protected":false},"featured_media":552399,"template":"","meta":{"_seopress_robots_primary_cat":"","_seopress_titles_title":"","_seopress_titles_desc":"","_seopress_robots_index":""},"product_brand":[3407],"product_cat":[5416,33],"product_tag":[3270],"class_list":{"0":"post-639456","1":"product","2":"type-product","3":"status-publish","4":"has-post-thumbnail","6":"product_brand-milwaukee","7":"product_cat-utensili-per-officina","8":"product_cat-attrezzature","9":"product_tag-import-milwau","10":"sws-conto-ricavi-merci-rivendita-macchinari-de","11":"sws-gruppo-iva-iva81-de","13":"first","14":"onbackorder","15":"sale","16":"shipping-taxable","17":"purchasable","18":"product-type-simple"},"_links":{"self":[{"href":"https:\/\/lucacastelli.com\/de\/wp-json\/wp\/v2\/product\/639456","targetHints":{"allow":["GET"]}}],"collection":[{"href":"https:\/\/lucacastelli.com\/de\/wp-json\/wp\/v2\/product"}],"about":[{"href":"https:\/\/lucacastelli.com\/de\/wp-json\/wp\/v2\/types\/product"}],"wp:featuredmedia":[{"embeddable":true,"href":"https:\/\/lucacastelli.com\/de\/wp-json\/wp\/v2\/media\/552399"}],"wp:attachment":[{"href":"https:\/\/lucacastelli.com\/de\/wp-json\/wp\/v2\/media?parent=639456"}],"wp:term":[{"taxonomy":"product_brand","embeddable":true,"href":"https:\/\/lucacastelli.com\/de\/wp-json\/wp\/v2\/product_brand?post=639456"},{"taxonomy":"product_cat","embeddable":true,"href":"https:\/\/lucacastelli.com\/de\/wp-json\/wp\/v2\/product_cat?post=639456"},{"taxonomy":"product_tag","embeddable":true,"href":"https:\/\/lucacastelli.com\/de\/wp-json\/wp\/v2\/product_tag?post=639456"}],"curies":[{"name":"wp","href":"https:\/\/api.w.org\/{rel}","templated":true}]}}