{"id":639453,"date":"2025-08-08T18:59:30","date_gmt":"2025-08-08T16:59:30","guid":{"rendered":"https:\/\/lucacastelli.com\/prodotto\/milwaukee-steckschluesselsatz-1-4%cb%9d-torx\/"},"modified":"2025-08-08T18:59:30","modified_gmt":"2025-08-08T16:59:30","slug":"milwaukee-steckschluesselsatz-1-4%cb%9d-torx","status":"publish","type":"product","link":"https:\/\/lucacastelli.com\/de\/produkt\/milwaukee-steckschluesselsatz-1-4%cb%9d-torx\/","title":{"rendered":"MILWAUKEE Steckschl\u00fcsselsatz 1\/4\u02dd Torx"},"content":{"rendered":"<p>STECKSCHL\u00dcSSELSATZ 1\/4 &#8211; TORX 6-teilig<br \/>\nFOUR FLAT\u2122-Design der Steckschl\u00fcssel verhindert das Wegrollen und erm\u00f6glicht die Anwendung gr\u00f6\u00dferer Kraft mit einem Schl\u00fcssel;Schlankes Design f\u00fcr besseren Zugang in engen R\u00e4umen;Das einteilig geschmiedete St\u00fcck erh\u00f6ht die Haltbarkeit bei Anwendungen mit hohem Drehmoment;Gepr\u00e4gte Durchmesser f\u00fcr bessere Sichtbarkeit bei allen Lichtverh\u00e4ltnissen;Schiene f\u00fcr einfache Aufbewahrung<\/p>\n<p>4932480563<br \/>\n4058546414160<\/p>\n","protected":false},"excerpt":{"rendered":"<p>STECKSCHL\u00dcSSELSATZ 1\/4 &#8211; TORX 6-teilig<\/p>\n","protected":false},"featured_media":552394,"template":"","meta":{"_seopress_robots_primary_cat":"","_seopress_titles_title":"","_seopress_titles_desc":"","_seopress_robots_index":""},"product_brand":[3407],"product_cat":[5416,33],"product_tag":[3270],"class_list":{"0":"post-639453","1":"product","2":"type-product","3":"status-publish","4":"has-post-thumbnail","6":"product_brand-milwaukee","7":"product_cat-utensili-per-officina","8":"product_cat-attrezzature","9":"product_tag-import-milwau","10":"sws-conto-ricavi-merci-rivendita-macchinari-de","11":"sws-gruppo-iva-iva81-de","13":"first","14":"onbackorder","15":"sale","16":"shipping-taxable","17":"purchasable","18":"product-type-simple"},"_links":{"self":[{"href":"https:\/\/lucacastelli.com\/de\/wp-json\/wp\/v2\/product\/639453","targetHints":{"allow":["GET"]}}],"collection":[{"href":"https:\/\/lucacastelli.com\/de\/wp-json\/wp\/v2\/product"}],"about":[{"href":"https:\/\/lucacastelli.com\/de\/wp-json\/wp\/v2\/types\/product"}],"wp:featuredmedia":[{"embeddable":true,"href":"https:\/\/lucacastelli.com\/de\/wp-json\/wp\/v2\/media\/552394"}],"wp:attachment":[{"href":"https:\/\/lucacastelli.com\/de\/wp-json\/wp\/v2\/media?parent=639453"}],"wp:term":[{"taxonomy":"product_brand","embeddable":true,"href":"https:\/\/lucacastelli.com\/de\/wp-json\/wp\/v2\/product_brand?post=639453"},{"taxonomy":"product_cat","embeddable":true,"href":"https:\/\/lucacastelli.com\/de\/wp-json\/wp\/v2\/product_cat?post=639453"},{"taxonomy":"product_tag","embeddable":true,"href":"https:\/\/lucacastelli.com\/de\/wp-json\/wp\/v2\/product_tag?post=639453"}],"curies":[{"name":"wp","href":"https:\/\/api.w.org\/{rel}","templated":true}]}}