{"id":639448,"date":"2025-08-08T18:59:27","date_gmt":"2025-08-08T16:59:27","guid":{"rendered":"https:\/\/lucacastelli.com\/prodotto\/milwaukee-doppelmaulschluessel-set-2\/"},"modified":"2025-08-08T18:59:27","modified_gmt":"2025-08-08T16:59:27","slug":"milwaukee-doppelmaulschluessel-set-2","status":"publish","type":"product","link":"https:\/\/lucacastelli.com\/de\/produkt\/milwaukee-doppelmaulschluessel-set-2\/","title":{"rendered":"MILWAUKEE Doppelmaulschl\u00fcssel-Set"},"content":{"rendered":"<p>DOPPELMAULSCHL\u00dcSSEL-SET 12-teilig<br \/>\nReduzierte Kopfgr\u00f6\u00dfe f\u00fcr den Zugang zu engen Bereichen;Abgerundeter und ergonomischer Griff f\u00fcr maximale Drehmoment\u00fcbertragung;Lasergravur mit Tinte nachgezogen f\u00fcr bessere Sichtbarkeit des Durchmessers;Verchromte Oberfl\u00e4che;Die Produkte im Set sind in einem hochbelastbaren Etui enthalten<\/p>\n<p>4932492714<br \/>\n4058546475857<\/p>\n","protected":false},"excerpt":{"rendered":"<p>DOPPELMAULSCHL\u00dcSSEL-SET 12-teilig<\/p>\n","protected":false},"featured_media":558100,"template":"","meta":{"_seopress_robots_primary_cat":"","_seopress_titles_title":"","_seopress_titles_desc":"","_seopress_robots_index":""},"product_brand":[3407],"product_cat":[5416,33],"product_tag":[3270],"class_list":{"0":"post-639448","1":"product","2":"type-product","3":"status-publish","4":"has-post-thumbnail","6":"product_brand-milwaukee","7":"product_cat-utensili-per-officina","8":"product_cat-attrezzature","9":"product_tag-import-milwau","10":"sws-conto-ricavi-merci-rivendita-macchinari-de","11":"sws-gruppo-iva-iva81-de","13":"first","14":"onbackorder","15":"sale","16":"shipping-taxable","17":"purchasable","18":"product-type-simple"},"_links":{"self":[{"href":"https:\/\/lucacastelli.com\/de\/wp-json\/wp\/v2\/product\/639448","targetHints":{"allow":["GET"]}}],"collection":[{"href":"https:\/\/lucacastelli.com\/de\/wp-json\/wp\/v2\/product"}],"about":[{"href":"https:\/\/lucacastelli.com\/de\/wp-json\/wp\/v2\/types\/product"}],"wp:featuredmedia":[{"embeddable":true,"href":"https:\/\/lucacastelli.com\/de\/wp-json\/wp\/v2\/media\/558100"}],"wp:attachment":[{"href":"https:\/\/lucacastelli.com\/de\/wp-json\/wp\/v2\/media?parent=639448"}],"wp:term":[{"taxonomy":"product_brand","embeddable":true,"href":"https:\/\/lucacastelli.com\/de\/wp-json\/wp\/v2\/product_brand?post=639448"},{"taxonomy":"product_cat","embeddable":true,"href":"https:\/\/lucacastelli.com\/de\/wp-json\/wp\/v2\/product_cat?post=639448"},{"taxonomy":"product_tag","embeddable":true,"href":"https:\/\/lucacastelli.com\/de\/wp-json\/wp\/v2\/product_tag?post=639448"}],"curies":[{"name":"wp","href":"https:\/\/api.w.org\/{rel}","templated":true}]}}