{"id":639442,"date":"2025-08-08T18:59:26","date_gmt":"2025-08-08T16:59:26","guid":{"rendered":"https:\/\/lucacastelli.com\/prodotto\/milwaukee-set-t-schluessel-mit-gelenksteckschluessel-7-teilig\/"},"modified":"2025-08-08T18:59:26","modified_gmt":"2025-08-08T16:59:26","slug":"milwaukee-set-t-schluessel-mit-gelenksteckschluessel-7-teilig","status":"publish","type":"product","link":"https:\/\/lucacastelli.com\/de\/produkt\/milwaukee-set-t-schluessel-mit-gelenksteckschluessel-7-teilig\/","title":{"rendered":"MILWAUKEE Set T-Schl\u00fcssel mit Gelenksteckschl\u00fcssel &#8211; 7-teilig"},"content":{"rendered":"<p>SET T-SCHL\u00dcSSEL GELENKSTECKSCHL\u00dcSSEL 7-TEILIG<br \/>\nArbeitskopf um 180 Grad schwenkbar f\u00fcr optimalen Zugang in beengten Baustellen;Flexibler und verschiebbarer Griff f\u00fcr optimale Anpassung an verschiedene Positionen, bietet mehr Hebelkraft oder erleichtert die Arbeit in engen R\u00e4umen;Die Steckschl\u00fcsseleins\u00e4tze sind auch ideal zum Befestigen von Muttern mit langen Bolzen<\/p>\n<p>4932492674<br \/>\n4058546475451<\/p>\n","protected":false},"excerpt":{"rendered":"<p>SET T-SCHL\u00dcSSEL GELENKSTECKSCHL\u00dcSSEL 7-TEILIG<\/p>\n","protected":false},"featured_media":557942,"template":"","meta":{"_seopress_robots_primary_cat":"","_seopress_titles_title":"","_seopress_titles_desc":"","_seopress_robots_index":""},"product_brand":[3407],"product_cat":[5416,33],"product_tag":[3270],"class_list":{"0":"post-639442","1":"product","2":"type-product","3":"status-publish","4":"has-post-thumbnail","6":"product_brand-milwaukee","7":"product_cat-utensili-per-officina","8":"product_cat-attrezzature","9":"product_tag-import-milwau","10":"sws-conto-ricavi-merci-rivendita-macchinari-de","11":"sws-gruppo-iva-iva81-de","13":"first","14":"onbackorder","15":"sale","16":"shipping-taxable","17":"purchasable","18":"product-type-simple"},"_links":{"self":[{"href":"https:\/\/lucacastelli.com\/de\/wp-json\/wp\/v2\/product\/639442","targetHints":{"allow":["GET"]}}],"collection":[{"href":"https:\/\/lucacastelli.com\/de\/wp-json\/wp\/v2\/product"}],"about":[{"href":"https:\/\/lucacastelli.com\/de\/wp-json\/wp\/v2\/types\/product"}],"wp:featuredmedia":[{"embeddable":true,"href":"https:\/\/lucacastelli.com\/de\/wp-json\/wp\/v2\/media\/557942"}],"wp:attachment":[{"href":"https:\/\/lucacastelli.com\/de\/wp-json\/wp\/v2\/media?parent=639442"}],"wp:term":[{"taxonomy":"product_brand","embeddable":true,"href":"https:\/\/lucacastelli.com\/de\/wp-json\/wp\/v2\/product_brand?post=639442"},{"taxonomy":"product_cat","embeddable":true,"href":"https:\/\/lucacastelli.com\/de\/wp-json\/wp\/v2\/product_cat?post=639442"},{"taxonomy":"product_tag","embeddable":true,"href":"https:\/\/lucacastelli.com\/de\/wp-json\/wp\/v2\/product_tag?post=639442"}],"curies":[{"name":"wp","href":"https:\/\/api.w.org\/{rel}","templated":true}]}}