{"id":639437,"date":"2025-08-08T18:58:59","date_gmt":"2025-08-08T16:58:59","guid":{"rendered":"https:\/\/lucacastelli.com\/prodotto\/milwaukee-doppelmaulschluessel-satz-fuer-armaturen-in-weichschaumeinlage\/"},"modified":"2025-08-08T18:58:59","modified_gmt":"2025-08-08T16:58:59","slug":"milwaukee-doppelmaulschluessel-satz-fuer-armaturen-in-weichschaumeinlage","status":"publish","type":"product","link":"https:\/\/lucacastelli.com\/de\/produkt\/milwaukee-doppelmaulschluessel-satz-fuer-armaturen-in-weichschaumeinlage\/","title":{"rendered":"MILWAUKEE Doppelmaulschl\u00fcssel-Satz f\u00fcr Armaturen in Weichschaumeinlage"},"content":{"rendered":"<p>SATZ DOPPELMAULSCHL\u00dcSSEL F\u00dcR ARMATUREN MOD WEICH<br \/>\nOptimierte Kopfgeometrie f\u00fcr sicheren Halt an den Befestigungselementen und zur Reduzierung des Abrundens der Muttern.;I-Beam-Griff f\u00fcr mehr Komfort bei der Anwendung.;Mit Tinte gef\u00fcllte Siebdrucke zur einfachen und schnellen Identifizierung der Gr\u00f6\u00dfe.;15\u00b0 geneigter Kopf f\u00fcr besseren Zugang.;Das Set wird ordentlich in einem widerstandsf\u00e4higen Schaumstoff aufbewahrt.<\/p>\n<p>4932493628<br \/>\n4058546484996<\/p>\n","protected":false},"excerpt":{"rendered":"<p>SATZ DOPPELMAULSCHL\u00dcSSEL F\u00dcR ARMATUREN MOD WEICH<\/p>\n","protected":false},"featured_media":562901,"template":"","meta":{"_seopress_robots_primary_cat":"","_seopress_titles_title":"","_seopress_titles_desc":"","_seopress_robots_index":""},"product_brand":[3407],"product_cat":[5416,33],"product_tag":[3270],"class_list":{"0":"post-639437","1":"product","2":"type-product","3":"status-publish","4":"has-post-thumbnail","6":"product_brand-milwaukee","7":"product_cat-utensili-per-officina","8":"product_cat-attrezzature","9":"product_tag-import-milwau","10":"sws-conto-ricavi-merci-rivendita-macchinari-de","11":"sws-gruppo-iva-iva81-de","13":"first","14":"onbackorder","15":"sale","16":"shipping-taxable","17":"purchasable","18":"product-type-simple"},"_links":{"self":[{"href":"https:\/\/lucacastelli.com\/de\/wp-json\/wp\/v2\/product\/639437","targetHints":{"allow":["GET"]}}],"collection":[{"href":"https:\/\/lucacastelli.com\/de\/wp-json\/wp\/v2\/product"}],"about":[{"href":"https:\/\/lucacastelli.com\/de\/wp-json\/wp\/v2\/types\/product"}],"wp:featuredmedia":[{"embeddable":true,"href":"https:\/\/lucacastelli.com\/de\/wp-json\/wp\/v2\/media\/562901"}],"wp:attachment":[{"href":"https:\/\/lucacastelli.com\/de\/wp-json\/wp\/v2\/media?parent=639437"}],"wp:term":[{"taxonomy":"product_brand","embeddable":true,"href":"https:\/\/lucacastelli.com\/de\/wp-json\/wp\/v2\/product_brand?post=639437"},{"taxonomy":"product_cat","embeddable":true,"href":"https:\/\/lucacastelli.com\/de\/wp-json\/wp\/v2\/product_cat?post=639437"},{"taxonomy":"product_tag","embeddable":true,"href":"https:\/\/lucacastelli.com\/de\/wp-json\/wp\/v2\/product_tag?post=639437"}],"curies":[{"name":"wp","href":"https:\/\/api.w.org\/{rel}","templated":true}]}}