{"id":639432,"date":"2025-08-08T18:59:25","date_gmt":"2025-08-08T16:59:25","guid":{"rendered":"https:\/\/lucacastelli.com\/prodotto\/milwaukee-satz-ratschen-maulschluessel-max-bite-4\/"},"modified":"2025-08-08T18:59:25","modified_gmt":"2025-08-08T16:59:25","slug":"milwaukee-satz-ratschen-maulschluessel-max-bite-4","status":"publish","type":"product","link":"https:\/\/lucacastelli.com\/de\/produkt\/milwaukee-satz-ratschen-maulschluessel-max-bite-4\/","title":{"rendered":"MILWAUKEE Satz Ratschen-Maulschl\u00fcssel MAX BITE\u2122"},"content":{"rendered":"<p>15-tlg. Ratschenkombischl\u00fcssel-Set \u2013 1 Stk.<br \/>\n144 Ratschenz\u00e4hne mit 2,5\u00b0 Neigung f\u00fcr Arbeiten in engsten R\u00e4umen;Doppelter Sperrklinken-Mechanismus f\u00fcr langlebige und zeitbest\u00e4ndige Funktion;Die MAX BITE\u2122-\u00d6ffnung reduziert Abrundung und Abplatzung;Abgerundeter I-Beam-Griff f\u00fcr komfortablen Halt;Laser-Siebdruck mit Tinte nachbearbeitet f\u00fcr bessere Sichtbarkeit;Verchromte Oberfl\u00e4che<\/p>\n<p>4932464996<br \/>\n4058546229412<\/p>\n","protected":false},"excerpt":{"rendered":"<p>15-tlg. Ratschenkombischl\u00fcssel-Set \u2013 1 Stk.<\/p>\n","protected":false},"featured_media":530565,"template":"","meta":{"_seopress_robots_primary_cat":"","_seopress_titles_title":"","_seopress_titles_desc":"","_seopress_robots_index":""},"product_brand":[3407],"product_cat":[5416,33],"product_tag":[3270],"class_list":{"0":"post-639432","1":"product","2":"type-product","3":"status-publish","4":"has-post-thumbnail","6":"product_brand-milwaukee","7":"product_cat-utensili-per-officina","8":"product_cat-attrezzature","9":"product_tag-import-milwau","10":"sws-conto-ricavi-merci-rivendita-macchinari-de","11":"sws-gruppo-iva-iva81-de","13":"first","14":"onbackorder","15":"sale","16":"shipping-taxable","17":"purchasable","18":"product-type-simple"},"_links":{"self":[{"href":"https:\/\/lucacastelli.com\/de\/wp-json\/wp\/v2\/product\/639432","targetHints":{"allow":["GET"]}}],"collection":[{"href":"https:\/\/lucacastelli.com\/de\/wp-json\/wp\/v2\/product"}],"about":[{"href":"https:\/\/lucacastelli.com\/de\/wp-json\/wp\/v2\/types\/product"}],"wp:featuredmedia":[{"embeddable":true,"href":"https:\/\/lucacastelli.com\/de\/wp-json\/wp\/v2\/media\/530565"}],"wp:attachment":[{"href":"https:\/\/lucacastelli.com\/de\/wp-json\/wp\/v2\/media?parent=639432"}],"wp:term":[{"taxonomy":"product_brand","embeddable":true,"href":"https:\/\/lucacastelli.com\/de\/wp-json\/wp\/v2\/product_brand?post=639432"},{"taxonomy":"product_cat","embeddable":true,"href":"https:\/\/lucacastelli.com\/de\/wp-json\/wp\/v2\/product_cat?post=639432"},{"taxonomy":"product_tag","embeddable":true,"href":"https:\/\/lucacastelli.com\/de\/wp-json\/wp\/v2\/product_tag?post=639432"}],"curies":[{"name":"wp","href":"https:\/\/api.w.org\/{rel}","templated":true}]}}