{"id":639431,"date":"2025-08-08T18:58:51","date_gmt":"2025-08-08T16:58:51","guid":{"rendered":"https:\/\/lucacastelli.com\/prodotto\/milwaukee-bit-set-kompakte-ratsche-und-steckschluessel-1-4\/"},"modified":"2025-08-08T18:58:51","modified_gmt":"2025-08-08T16:58:51","slug":"milwaukee-bit-set-kompakte-ratsche-und-steckschluessel-1-4","status":"publish","type":"product","link":"https:\/\/lucacastelli.com\/de\/produkt\/milwaukee-bit-set-kompakte-ratsche-und-steckschluessel-1-4\/","title":{"rendered":"MILWAUKEE Bit-Set, kompakte Ratsche und Steckschl\u00fcssel 1\/4&#8243;"},"content":{"rendered":"<p>SET 39-TLG KOMPAKTE RATSCHE 1\/4 &#8211; METRISCH<br \/>\nRatsche mit 90 Z\u00e4hnen und 4\u00b0 R\u00fccklaufwinkel f\u00fcr besseren Zugang in engen R\u00e4umen.;Steckschl\u00fcssel mit vierseitigem Design gegen Wegrollen und f\u00fcr Schl\u00fcsselverwendung.;SHOCKWAVE\u2122 Bits f\u00fcr Schlagschrauber und Bohrmaschinen mit Schnellspannfutter.;Hochwertige Stofftasche mit herausnehmbarem Schaumstoffeinsatz.<\/p>\n<p>4932492672<br \/>\n4058546475437<\/p>\n","protected":false},"excerpt":{"rendered":"<p>SET 39-TLG KOMPAKTE RATSCHE 1\/4 &#8211; METRISCH<\/p>\n","protected":false},"featured_media":557925,"template":"","meta":{"_seopress_robots_primary_cat":"","_seopress_titles_title":"","_seopress_titles_desc":"","_seopress_robots_index":""},"product_brand":[3656],"product_cat":[150,5529],"product_tag":[3272],"class_list":{"0":"post-639431","1":"product","2":"type-product","3":"status-publish","4":"has-post-thumbnail","6":"product_brand-milwaukee-de","7":"product_cat-ausrustung","8":"product_cat-workshop-tools","9":"product_tag-import-milwau-de","10":"sws-conto-ricavi-merci-rivendita-macchinari-de","11":"sws-gruppo-iva-iva81-de","13":"first","14":"onbackorder","15":"sale","16":"shipping-taxable","17":"purchasable","18":"product-type-simple"},"_links":{"self":[{"href":"https:\/\/lucacastelli.com\/de\/wp-json\/wp\/v2\/product\/639431","targetHints":{"allow":["GET"]}}],"collection":[{"href":"https:\/\/lucacastelli.com\/de\/wp-json\/wp\/v2\/product"}],"about":[{"href":"https:\/\/lucacastelli.com\/de\/wp-json\/wp\/v2\/types\/product"}],"wp:featuredmedia":[{"embeddable":true,"href":"https:\/\/lucacastelli.com\/de\/wp-json\/wp\/v2\/media\/557925"}],"wp:attachment":[{"href":"https:\/\/lucacastelli.com\/de\/wp-json\/wp\/v2\/media?parent=639431"}],"wp:term":[{"taxonomy":"product_brand","embeddable":true,"href":"https:\/\/lucacastelli.com\/de\/wp-json\/wp\/v2\/product_brand?post=639431"},{"taxonomy":"product_cat","embeddable":true,"href":"https:\/\/lucacastelli.com\/de\/wp-json\/wp\/v2\/product_cat?post=639431"},{"taxonomy":"product_tag","embeddable":true,"href":"https:\/\/lucacastelli.com\/de\/wp-json\/wp\/v2\/product_tag?post=639431"}],"curies":[{"name":"wp","href":"https:\/\/api.w.org\/{rel}","templated":true}]}}