{"id":639428,"date":"2025-08-08T18:58:56","date_gmt":"2025-08-08T16:58:56","guid":{"rendered":"https:\/\/lucacastelli.com\/prodotto\/milwaukee-doppelmaulschluesselsatz-9-teilig-2\/"},"modified":"2025-08-08T18:58:56","modified_gmt":"2025-08-08T16:58:56","slug":"milwaukee-doppelmaulschluesselsatz-9-teilig-2","status":"publish","type":"product","link":"https:\/\/lucacastelli.com\/de\/produkt\/milwaukee-doppelmaulschluesselsatz-9-teilig-2\/","title":{"rendered":"Milwaukee Doppelmaulschl\u00fcsselsatz &#8211; 9-teilig"},"content":{"rendered":"<p>SET DOPPELT GEKR\u00d6PFTE RINGSCHL\u00dcSSEL WEICHE AUSF\u00dcHRUNG 9TLG<br \/>\nAbgerundeter T-Profil-Griff f\u00fcr hohen Bedienkomfort;Farbige Gr\u00f6\u00dfenkennzeichnung zur einfacheren Identifizierung;Verchromte Oberfl\u00e4che zum Schutz vor Korrosion und Rost;Premium-Schaumstoffeinlage f\u00fcr erh\u00f6hte Widerstandsf\u00e4higkeit, lasergeschnittene Gr\u00f6\u00dfen zur schnellen und einfachen Erkennung der Gr\u00f6\u00dfe und roter Hintergrund zur schnellen Identifizierung fehlender Werkzeuge.<\/p>\n<p>4932499086<br \/>\n4058546529550<\/p>\n","protected":false},"excerpt":{"rendered":"<p>SET DOPPELT GEKR\u00d6PFTE RINGSCHL\u00dcSSEL WEICHE AUSF\u00dcHRUNG 9TLG<\/p>\n","protected":false},"featured_media":567744,"template":"","meta":{"_seopress_robots_primary_cat":"","_seopress_titles_title":"","_seopress_titles_desc":"","_seopress_robots_index":""},"product_brand":[3407],"product_cat":[5416,33],"product_tag":[3270],"class_list":{"0":"post-639428","1":"product","2":"type-product","3":"status-publish","4":"has-post-thumbnail","6":"product_brand-milwaukee","7":"product_cat-utensili-per-officina","8":"product_cat-attrezzature","9":"product_tag-import-milwau","10":"sws-conto-ricavi-merci-rivendita-macchinari-de","11":"sws-gruppo-iva-iva81-de","13":"first","14":"onbackorder","15":"sale","16":"shipping-taxable","17":"purchasable","18":"product-type-simple"},"_links":{"self":[{"href":"https:\/\/lucacastelli.com\/de\/wp-json\/wp\/v2\/product\/639428","targetHints":{"allow":["GET"]}}],"collection":[{"href":"https:\/\/lucacastelli.com\/de\/wp-json\/wp\/v2\/product"}],"about":[{"href":"https:\/\/lucacastelli.com\/de\/wp-json\/wp\/v2\/types\/product"}],"wp:featuredmedia":[{"embeddable":true,"href":"https:\/\/lucacastelli.com\/de\/wp-json\/wp\/v2\/media\/567744"}],"wp:attachment":[{"href":"https:\/\/lucacastelli.com\/de\/wp-json\/wp\/v2\/media?parent=639428"}],"wp:term":[{"taxonomy":"product_brand","embeddable":true,"href":"https:\/\/lucacastelli.com\/de\/wp-json\/wp\/v2\/product_brand?post=639428"},{"taxonomy":"product_cat","embeddable":true,"href":"https:\/\/lucacastelli.com\/de\/wp-json\/wp\/v2\/product_cat?post=639428"},{"taxonomy":"product_tag","embeddable":true,"href":"https:\/\/lucacastelli.com\/de\/wp-json\/wp\/v2\/product_tag?post=639428"}],"curies":[{"name":"wp","href":"https:\/\/api.w.org\/{rel}","templated":true}]}}