{"id":639423,"date":"2025-08-08T18:58:54","date_gmt":"2025-08-08T16:58:54","guid":{"rendered":"https:\/\/lucacastelli.com\/prodotto\/milwaukee-torx-schluesselsatz-komp-kugelkopf-9tlg\/"},"modified":"2025-08-08T18:58:54","modified_gmt":"2025-08-08T16:58:54","slug":"milwaukee-torx-schluesselsatz-komp-kugelkopf-9tlg","status":"publish","type":"product","link":"https:\/\/lucacastelli.com\/de\/produkt\/milwaukee-torx-schluesselsatz-komp-kugelkopf-9tlg\/","title":{"rendered":"MILWAUKEE TORX-SCHL\u00dcSSELSATZ KOMP. KUGELKOPF 9TLG"},"content":{"rendered":"<p>TORX-SCHL\u00dcSSELSATZ KOMP. KUGELKOPF 9TLG<br \/>\nExklusive, patentierte H\u00fclle f\u00fcr einfachen Zugriff auf die Schl\u00fcssel; Der Torx-Kugelkopf erm\u00f6glicht einen 25-Grad-Zugriff auf jede Torx-Schraube; Siebdruck auf dem Schl\u00fcssel f\u00fcr eine einfache und schnelle Identifizierung des Abdrucks; Kompakte Schl\u00fcssel f\u00fcr den Zugriff in sehr engen R\u00e4umen; Vorbereitung f\u00fcr ein Absturzsicherungskabel  <\/p>\n<p>4932492703<br \/>\n4058546475741<\/p>\n","protected":false},"excerpt":{"rendered":"<p>TORX-SCHL\u00dcSSELSATZ KOMP. KUGELKOPF 9TLG  <\/p>\n","protected":false},"featured_media":558037,"template":"","meta":{"_seopress_robots_primary_cat":"","_seopress_titles_title":"","_seopress_titles_desc":"","_seopress_robots_index":""},"product_brand":[3407],"product_cat":[5416,33],"product_tag":[3270],"class_list":{"0":"post-639423","1":"product","2":"type-product","3":"status-publish","4":"has-post-thumbnail","6":"product_brand-milwaukee","7":"product_cat-utensili-per-officina","8":"product_cat-attrezzature","9":"product_tag-import-milwau","10":"sws-conto-ricavi-merci-rivendita-macchinari-de","11":"sws-gruppo-iva-iva81-de","13":"first","14":"onbackorder","15":"sale","16":"shipping-taxable","17":"purchasable","18":"product-type-simple"},"_links":{"self":[{"href":"https:\/\/lucacastelli.com\/de\/wp-json\/wp\/v2\/product\/639423","targetHints":{"allow":["GET"]}}],"collection":[{"href":"https:\/\/lucacastelli.com\/de\/wp-json\/wp\/v2\/product"}],"about":[{"href":"https:\/\/lucacastelli.com\/de\/wp-json\/wp\/v2\/types\/product"}],"wp:featuredmedia":[{"embeddable":true,"href":"https:\/\/lucacastelli.com\/de\/wp-json\/wp\/v2\/media\/558037"}],"wp:attachment":[{"href":"https:\/\/lucacastelli.com\/de\/wp-json\/wp\/v2\/media?parent=639423"}],"wp:term":[{"taxonomy":"product_brand","embeddable":true,"href":"https:\/\/lucacastelli.com\/de\/wp-json\/wp\/v2\/product_brand?post=639423"},{"taxonomy":"product_cat","embeddable":true,"href":"https:\/\/lucacastelli.com\/de\/wp-json\/wp\/v2\/product_cat?post=639423"},{"taxonomy":"product_tag","embeddable":true,"href":"https:\/\/lucacastelli.com\/de\/wp-json\/wp\/v2\/product_tag?post=639423"}],"curies":[{"name":"wp","href":"https:\/\/api.w.org\/{rel}","templated":true}]}}