{"id":639420,"date":"2025-08-08T18:58:53","date_gmt":"2025-08-08T16:58:53","guid":{"rendered":"https:\/\/lucacastelli.com\/prodotto\/milwaukee-klappbarer-torx-schluesselsatz\/"},"modified":"2025-08-08T18:58:53","modified_gmt":"2025-08-08T16:58:53","slug":"milwaukee-klappbarer-torx-schluesselsatz","status":"publish","type":"product","link":"https:\/\/lucacastelli.com\/de\/produkt\/milwaukee-klappbarer-torx-schluesselsatz\/","title":{"rendered":"MILWAUKEE Klappbarer Torx-Schl\u00fcsselsatz"},"content":{"rendered":"<p>KLAPPBARER TORX-SCHL\u00dcSSELSATZ<br \/>\n8 klappbare Schl\u00fcssel f\u00fcr einfachen und sicheren Zugang;Kontrastreiche Gr\u00f6\u00dfenmarkierungen f\u00fcr schnelle und einfache Identifizierung;Ergonomischer Griff f\u00fcr sicheren und komfortablen Halt;Metallgeh\u00e4use f\u00fcr erh\u00f6hte Haltbarkeit;Torx-Gr\u00f6\u00dfen von T9 bis T40<\/p>\n<p>4932480979<br \/>\n4058546412647<\/p>\n","protected":false},"excerpt":{"rendered":"<p>KLAPPBARER TORX-SCHL\u00dcSSELSATZ<\/p>\n","protected":false},"featured_media":554630,"template":"","meta":{"_seopress_robots_primary_cat":"","_seopress_titles_title":"","_seopress_titles_desc":"","_seopress_robots_index":""},"product_brand":[3407],"product_cat":[5416,33],"product_tag":[3270],"class_list":{"0":"post-639420","1":"product","2":"type-product","3":"status-publish","4":"has-post-thumbnail","6":"product_brand-milwaukee","7":"product_cat-utensili-per-officina","8":"product_cat-attrezzature","9":"product_tag-import-milwau","10":"sws-conto-ricavi-merci-rivendita-macchinari-de","11":"sws-gruppo-iva-iva81-de","13":"first","14":"onbackorder","15":"sale","16":"shipping-taxable","17":"purchasable","18":"product-type-simple"},"_links":{"self":[{"href":"https:\/\/lucacastelli.com\/de\/wp-json\/wp\/v2\/product\/639420","targetHints":{"allow":["GET"]}}],"collection":[{"href":"https:\/\/lucacastelli.com\/de\/wp-json\/wp\/v2\/product"}],"about":[{"href":"https:\/\/lucacastelli.com\/de\/wp-json\/wp\/v2\/types\/product"}],"wp:featuredmedia":[{"embeddable":true,"href":"https:\/\/lucacastelli.com\/de\/wp-json\/wp\/v2\/media\/554630"}],"wp:attachment":[{"href":"https:\/\/lucacastelli.com\/de\/wp-json\/wp\/v2\/media?parent=639420"}],"wp:term":[{"taxonomy":"product_brand","embeddable":true,"href":"https:\/\/lucacastelli.com\/de\/wp-json\/wp\/v2\/product_brand?post=639420"},{"taxonomy":"product_cat","embeddable":true,"href":"https:\/\/lucacastelli.com\/de\/wp-json\/wp\/v2\/product_cat?post=639420"},{"taxonomy":"product_tag","embeddable":true,"href":"https:\/\/lucacastelli.com\/de\/wp-json\/wp\/v2\/product_tag?post=639420"}],"curies":[{"name":"wp","href":"https:\/\/api.w.org\/{rel}","templated":true}]}}